{"id":2497,"date":"2020-10-20T15:17:10","date_gmt":"2020-10-20T13:17:10","guid":{"rendered":"https:\/\/cornix.poush.be\/services\/"},"modified":"2022-04-07T14:27:21","modified_gmt":"2022-04-07T12:27:21","slug":"diensten","status":"publish","type":"page","link":"https:\/\/www.cornix.be\/nl\/diensten\/","title":{"rendered":"Diensten"},"content":{"rendered":"<div class=\"wpb-content-wrapper\"><p>[vc_row content_placement=&#8221;bottom&#8221; bg_type=&#8221;grad&#8221; bg_override=&#8221;ex-full&#8221; css=&#8221;.vc_custom_1613400713511{padding-top: 30px !important;padding-right: 15px !important;padding-left: 15px !important;}&#8221; bg_grad=&#8221;background: -webkit-gradient(linear, left top, left bottom, color-stop(60%, #FFFFFF), color-stop(60%, #DEDEE2));background: -moz-linear-gradient(top,#FFFFFF 60%,#DEDEE2 60%);background: -webkit-linear-gradient(top,#FFFFFF 60%,#DEDEE2 60%);background: -o-linear-gradient(top,#FFFFFF 60%,#DEDEE2 60%);background: -ms-linear-gradient(top,#FFFFFF 60%,#DEDEE2 60%);background: linear-gradient(top,#FFFFFF 60%,#DEDEE2 60%);&#8221;][vc_column css=&#8221;.vc_custom_1613403061696{padding-top: 100px !important;padding-right: 30px !important;padding-left: 30px !important;background-image: url(https:\/\/www.cornix.be\/wp-content\/uploads\/2020\/10\/mir-foto-archiefcontainers.jpg?id=337) !important;background-position: center !important;background-repeat: no-repeat !important;background-size: cover !important;}&#8221; el_class=&#8221;custom-height&#8221;][vc_row_inner][vc_column_inner][vc_column_text css_animation=&#8221;fadeInUp&#8221; el_class=&#8221;custom-white&#8221;]<\/p>\n<h1 style=\"text-align: right;\">De diensten van CORNIX\u00ae<\/h1>\n<p>[\/vc_column_text][\/vc_column_inner][\/vc_row_inner][\/vc_column][\/vc_row][vc_row gap=&#8221;20&#8243; content_placement=&#8221;bottom&#8221; bg_type=&#8221;bg_color&#8221; bg_override=&#8221;ex-full&#8221; bg_color_value=&#8221;#dedee2&#8243; css=&#8221;.vc_custom_1634645564058{padding-top: 50px !important;padding-right: 15px !important;padding-left: 15px !important;}&#8221; el_id=&#8221;verkoop&#8221;][vc_column width=&#8221;3\/5&#8243; css=&#8221;.vc_custom_1603375169633{padding-top: 50px !important;padding-bottom: 50px !important;background-position: center !important;background-repeat: no-repeat !important;background-size: cover !important;}&#8221;][vc_column_text css_animation=&#8221;fadeInUp&#8221;]<\/p>\n<h2>Verkoop van stockagesystemen<\/h2>\n<p>Sinds 1958 verkoopt de CORNIX\u00ae groep verschillende<strong> hoogstaande stockage- en opslagsystemen.<\/strong> In de loop der jaren breidden we ons gamma uit, om u vandaag een <strong>groot gamma aan rekken<\/strong> aan te bieden. Zo vindt u bij ons het systeem dat het beste aansluit bij uw behoeften, ongeacht uw sector en de voorwerpen die u moet opslaan (zware of lange voorwerpen, archieven, paletten, &#8230;).[\/vc_column_text]<style type=\"text\/css\" data-type=\"the7_shortcodes-inline-css\">#default-btn-0a2a77e14b790a21b37eed46fe3b2065.ico-right-side > i {\n  margin-right: 0px;\n  margin-left: 8px;\n}\n#default-btn-0a2a77e14b790a21b37eed46fe3b2065 > i {\n  margin-right: 8px;\n}<\/style><a href=\"https:\/\/www.cornix.be\/nl\/uw-behoeften\/\" class=\"default-btn-shortcode dt-btn dt-btn-m link-hover-off btn-inline-left \" id=\"default-btn-0a2a77e14b790a21b37eed46fe3b2065\" title=\"Uw behoeften\"><span>Ontdek de producten<\/span><\/a>[\/vc_column][vc_column width=&#8221;2\/5&#8243; css=&#8221;.vc_custom_1603291715247{padding-right: 0px !important;padding-left: 0px !important;}&#8221;][vc_single_image image=&#8221;1478&#8243; img_size=&#8221;600&#215;750&#8243; alignment=&#8221;center&#8221; css_animation=&#8221;fadeInUp&#8221; css=&#8221;.vc_custom_1621343299192{margin-bottom: -50px !important;}&#8221; el_class=&#8221;custom-img&#8221;][\/vc_column][\/vc_row][vc_row gap=&#8221;20&#8243; css=&#8221;.vc_custom_1634645573879{padding-top: 50px !important;}&#8221;][vc_column width=&#8221;1\/2&#8243; el_id=&#8221;opmetingen&#8221; css=&#8221;.vc_custom_1634645537604{padding-top: 50px !important;}&#8221;]<div class=\"aio-icon-component    style_1\"><div id=\"Info-box-wrap-8487\" class=\"aio-icon-box default-icon\" style=\"\"  ><div class=\"aio-icon-default\"><div class=\"ult-just-icon-wrapper  \"><div class=\"align-icon\" style=\"text-align:center;\">\n<div class=\"aio-icon none \"  style=\"color:#0e294b;font-size:30px;display:inline-block;\">\n\t<i class=\"fas fa-pencil-ruler\"><\/i>\n<\/div><\/div><\/div><\/div><div class=\"aio-icon-header\" ><h2 class=\"aio-icon-title ult-responsive\"  data-ultimate-target='#Info-box-wrap-8487 .aio-icon-title'  data-responsive-json-new='{\"font-size\":\"desktop:25px;\",\"line-height\":\"desktop:35px;\"}'  style=\"\">Opmetingen &amp; productie<\/h2><\/div> <!-- header --><div class=\"aio-icon-description ult-responsive\"  data-ultimate-target='#Info-box-wrap-8487 .aio-icon-description'  data-responsive-json-new='{\"font-size\":\"\",\"line-height\":\"\"}'  style=\"\">Onze technisch-commerci\u00eble vertegenwoordigers begeleiden u van A tot Z, van ontwerp tot uitvoering. V\u00f3\u00f3r de productie van uw stockageoplossing komt er een team ter plaatse om <strong>uw behoeften te analyseren en om de afmetingen te controleren.<\/strong><\/p>\n<p>Deze werkwijze vormt een <strong>absoluut voordeel voor uw onderneming<\/strong>: hoe vaak is het al gebeurd dat u een uitstekend product kocht waar u achteraf niks mee kon doen omdat het niet was wat u nodig had?<\/div> <!-- description --><\/div> <!-- aio-icon-box --><\/div> <!-- aio-icon-component --><style type=\"text\/css\" data-type=\"the7_shortcodes-inline-css\">#default-btn-07f24ba02f464c952c676c7b1a49f0f5.ico-right-side > i {\n  margin-right: 0px;\n  margin-left: 8px;\n}\n#default-btn-07f24ba02f464c952c676c7b1a49f0f5 > i {\n  margin-right: 8px;\n}<\/style><a href=\"https:\/\/www.cornix.be\/nl\/contact\/\" class=\"default-btn-shortcode dt-btn dt-btn-m link-hover-off btn-inline-left \" id=\"default-btn-07f24ba02f464c952c676c7b1a49f0f5\" title=\"Contact\"><span>Neem contact op<\/span><\/a>[\/vc_column][vc_column width=&#8221;1\/2&#8243; el_id=&#8221;montage&#8221; css=&#8221;.vc_custom_1634645550564{padding-top: 50px !important;}&#8221;]<div class=\"aio-icon-component    style_1\"><div id=\"Info-box-wrap-2231\" class=\"aio-icon-box default-icon\" style=\"\"  ><div class=\"aio-icon-default\"><div class=\"ult-just-icon-wrapper  \"><div class=\"align-icon\" style=\"text-align:center;\">\n<div class=\"aio-icon none \"  style=\"color:#0e294b;font-size:30px;display:inline-block;\">\n\t<i class=\"fas fa-hammer\"><\/i>\n<\/div><\/div><\/div><\/div><div class=\"aio-icon-header\" ><h2 class=\"aio-icon-title ult-responsive\"  data-ultimate-target='#Info-box-wrap-2231 .aio-icon-title'  data-responsive-json-new='{\"font-size\":\"desktop:25px;\",\"line-height\":\"desktop:35px;\"}'  style=\"\">Montage &amp; installatie<\/h2><\/div> <!-- header --><div class=\"aio-icon-description ult-responsive\"  data-ultimate-target='#Info-box-wrap-2231 .aio-icon-description'  data-responsive-json-new='{\"font-size\":\"\",\"line-height\":\"\"}'  style=\"\">De veiligheid van uw installatie is essentieel. Daarom bieden we <strong>montage en installatie<\/strong> aan. Zo bent u zeker van een veilige en effici\u00ebnte montage door een team professionele monteurs die het product door en door kennen. Een <strong>bijkomende garantie<\/strong> voor u en uw personeel!<\/p>\n<p>Voor bepaalde montages (hoger dan manhoogte en\/of met te zware onderdelen) vereist het arbeidsreglement <strong>het gebruik van heftoestellen en hoogwerkers.<\/strong> In dat geval kunt u kiezen om uw eigen apparatuur aan onze medewerkers ter beschikking te stellen of om ze zelf te huren, ofwel kunnen wij er in uw plaats voor kijken.<\/div> <!-- description --><\/div> <!-- aio-icon-box --><\/div> <!-- aio-icon-component -->[\/vc_column][\/vc_row][vc_row gap=&#8221;20&#8243; css=&#8221;.vc_custom_1634645500786{padding-top: 50px !important;}&#8221; el_id=&#8221;inspectie&#8221;][vc_column]<div class=\"aio-icon-component    style_1\"><div id=\"Info-box-wrap-2394\" class=\"aio-icon-box default-icon\" style=\"\"  ><div class=\"aio-icon-default\"><div class=\"ult-just-icon-wrapper  \"><div class=\"align-icon\" style=\"text-align:center;\">\n<div class=\"aio-icon none \"  style=\"color:#0e294b;font-size:30px;display:inline-block;\">\n\t<i class=\"fas fa-tools\"><\/i>\n<\/div><\/div><\/div><\/div><div class=\"aio-icon-header\" ><h2 class=\"aio-icon-title ult-responsive\"  data-ultimate-target='#Info-box-wrap-2394 .aio-icon-title'  data-responsive-json-new='{\"font-size\":\"desktop:25px;\",\"line-height\":\"desktop:35px;\"}'  style=\"\">Inspectie &amp; herstelling<\/h2><\/div> <!-- header --><\/div> <!-- aio-icon-box --><\/div> <!-- aio-icon-component -->[vc_row_inner][vc_column_inner width=&#8221;1\/2&#8243;][vc_column_text]Ondanks de kwaliteit van onze producten en uw goede zorg kan het soms gebeuren dat er een <strong>foute handeling<\/strong> wordt uitgevoerd. Deze kunnen echter leiden tot <strong>ernstige schade<\/strong> van uw installatie en zo <strong>veiligheidsrisico\u2019s<\/strong> met zich meebrengen voor uw medewerkers, ofwel uw producten beschadigen.<\/p>\n<p>In veel Europese landen is het verplicht om een <strong>jaarlijkse controle<\/strong> van uw installatie te laten uitvoeren door de fabrikant. Voor intens gebruikte installaties is <strong>een controle zelfs elke zes maanden<\/strong> verplicht. Bovendien moet de eigenaar de installatie op regelmatige basis visueel controleren op eventuele beschadigingen en deze verhelpen.<\/p>\n<p>Daarom biedt CORNIX\u00ae u een <strong>betaalbare inspectie<\/strong> aan: na de controle ter plaatse door 1 of 2 inspecteurs ontvangt u een rapport met alle beschadigingen, alsook een lijst van de onderdelen die vervangen moeten worden.[\/vc_column_text][\/vc_column_inner][vc_column_inner width=&#8221;1\/2&#8243;][vc_column_text]Een <strong>goedwerkende installatie<\/strong> biedt veel voordelen:<\/p>\n<ul>\n<li>veilige werking<\/li>\n<li>langere levensduur van uw installatie<\/li>\n<li>grotere productiviteit<\/li>\n<li>problemen vermijden<\/li>\n<li>lagere onderhoudskosten<\/li>\n<\/ul>\n<p>Ge\u00efnteresseerd? Vraag een inspectie ofwel een offerte voor onderdelen, voor een renovatie, aanpassingen, verbeteringen of een eventuele vervanging van beschadigde onderdelen.[\/vc_column_text][\/vc_column_inner][\/vc_row_inner]<style type=\"text\/css\" data-type=\"the7_shortcodes-inline-css\">#default-btn-07f24ba02f464c952c676c7b1a49f0f5.ico-right-side > i {\n  margin-right: 0px;\n  margin-left: 8px;\n}\n#default-btn-07f24ba02f464c952c676c7b1a49f0f5 > i {\n  margin-right: 8px;\n}<\/style><a href=\"https:\/\/www.cornix.be\/nl\/contact\/\" class=\"default-btn-shortcode dt-btn dt-btn-m link-hover-off btn-inline-left \" id=\"default-btn-07f24ba02f464c952c676c7b1a49f0f5\" title=\"Contact\"><span>Neem contact op<\/span><\/a>[\/vc_column][\/vc_row][vc_row gap=&#8221;20&#8243; el_id=&#8221;rentarack&#8221; css=&#8221;.vc_custom_1634645469626{padding-top: 50px !important;}&#8221;][vc_column]<div class=\"aio-icon-component    style_1\"><div id=\"Info-box-wrap-9858\" class=\"aio-icon-box default-icon\" style=\"\"  ><div class=\"aio-icon-default\"><div class=\"ult-just-icon-wrapper  \"><div class=\"align-icon\" style=\"text-align:center;\">\n<div class=\"aio-icon none \"  style=\"color:#0e294b;font-size:30px;display:inline-block;\">\n\t<i class=\"fas fa-box\"><\/i>\n<\/div><\/div><\/div><\/div><div class=\"aio-icon-header\" ><h2 class=\"aio-icon-title ult-responsive\"  data-ultimate-target='#Info-box-wrap-9858 .aio-icon-title'  data-responsive-json-new='{\"font-size\":\"desktop:25px;\",\"line-height\":\"desktop:35px;\"}'  style=\"\">Rent a rack<\/h2><\/div> <!-- header --><\/div> <!-- aio-icon-box --><\/div> <!-- aio-icon-component -->[vc_row_inner][vc_column_inner width=&#8221;1\/2&#8243;][vc_column_text]<strong>Korte termijn behoeftes voor palletrekken ?<\/strong><br \/>\nEen brand veroorzaakte een dringende stockage behoefte, Uw zaken gaan goed en U wenst extra stockage ruimte in afwachting van Uw bouwvergunning, U heeft seizoen gebonden stockage behoeftes, of U wenst Uw balans niet te belasten met tijdelijke investeringen ?<br \/>\nOverduidelijk heeft U extra palletrekken of stockage mogelijkheden nodig maar het is uiteraard niet aangewezen om extra palletrekken aan te kopen indien Uw vooruitzichten onvoorspelbaar zijn of Uw behoeftes slechts tijdelijk zijn.<\/p>\n<p>In de plaats daarvan waarom geen korte termijn huur voor rekken bij CORNIX overwegen ?<\/p>\n<p>Wij leveren en installeren palletrekken overeenkomstig Uw specificaties en wanneer de huurperiode afgelopen is komen wij de installatie ontmantelen en afvoeren.<br \/>\nBijgevolg zal U niet blijven zitten met stockageruimtes die U niet verder kan gebruiken of met palletrekken die U niet langer nodig heeft en waarvan U niet af geraakt aan een aanvaardbare prijs.<\/p>\n<p><strong>Extra voordeel<\/strong> : met de huurformule i.p.v. te kopen belast U Uw balans niet met een kapitaal investering. U hoeft enkel een wekelijkse huurkost te boeken als algemene kosten.[\/vc_column_text][\/vc_column_inner][vc_column_inner width=&#8221;1\/2&#8243;][vc_column_text]Deze kost is inclusief <strong>montage<\/strong>, <strong>onderhoud<\/strong> en <strong>volledige bijstand<\/strong> van ons studiebureel teneinde U een correcte en precieze lay-out te bezorgen.<\/p>\n<p>Dit wil zeggen dat wij de laatste technologie kunnen aanwenden om Uw behoeftes te analyseren hetzij op korte of middellange termijn.<\/p>\n<p><strong>Voordelen<\/strong>:<\/p>\n<ul>\n<li>Huurcontracten vanaf 4 weken tot 5 jaar.<\/li>\n<li>Het huurbedrag is inclusief montage &amp; levering alsmede demontage &amp; afvoeren van de rekken bij einde contract.<\/li>\n<li>Een vaste prijs voor de volledige duur van Uw contract.<\/li>\n<li>Snel en zonder zorgen en bovendien vermijdt U een dure investering waardoor U kapitaal vrij kan maken voor andere interessante projecten.<\/li>\n<li>En bovendien zal Uw balans er beter uitzien.<\/li>\n<li>Beschikbaar in de Benelux.<\/li>\n<li>Wij gebruiken enkel palletrekken uit onze eigen productie teneinde de beste kwaliteit te garanderen.<\/li>\n<\/ul>\n<p><strong>Een zorgenvrij korte termijn contract nodig ? contacteer ons snel !<\/strong>[\/vc_column_text][\/vc_column_inner][\/vc_row_inner]<style type=\"text\/css\" data-type=\"the7_shortcodes-inline-css\">#default-btn-07f24ba02f464c952c676c7b1a49f0f5.ico-right-side > i {\n  margin-right: 0px;\n  margin-left: 8px;\n}\n#default-btn-07f24ba02f464c952c676c7b1a49f0f5 > i {\n  margin-right: 8px;\n}<\/style><a href=\"https:\/\/www.cornix.be\/nl\/contact\/\" class=\"default-btn-shortcode dt-btn dt-btn-m link-hover-off btn-inline-left \" id=\"default-btn-07f24ba02f464c952c676c7b1a49f0f5\" title=\"Contact\"><span>Neem contact op<\/span><\/a>[\/vc_column][\/vc_row]<\/p>\n<\/div>","protected":false},"excerpt":{"rendered":"<p>[vc_row content_placement=&#8221;bottom&#8221; bg_type=&#8221;grad&#8221; bg_override=&#8221;ex-full&#8221; css=&#8221;.vc_custom_1613400713511{padding-top: 30px !important;padding-right: 15px !important;padding-left: 15px !important;}&#8221; bg_grad=&#8221;background: -webkit-gradient(linear, left top, left bottom, color-stop(60%, #FFFFFF), color-stop(60%, #DEDEE2));background: -moz-linear-gradient(top,#FFFFFF 60%,#DEDEE2 60%);background: -webkit-linear-gradient(top,#FFFFFF 60%,#DEDEE2 60%);background: -o-linear-gradient(top,#FFFFFF 60%,#DEDEE2 60%);background: -ms-linear-gradient(top,#FFFFFF 60%,#DEDEE2 60%);background: linear-gradient(top,#FFFFFF 60%,#DEDEE2 60%);&#8221;][vc_column css=&#8221;.vc_custom_1613403061696{padding-top: 100px !important;padding-right: 30px !important;padding-left: 30px !important;background-image: url(https:\/\/www.cornix.be\/wp-content\/uploads\/2020\/10\/mir-foto-archiefcontainers.jpg?id=337) !important;background-position: center !important;background-repeat: no-repeat !important;background-size: cover !important;}&#8221; el_class=&#8221;custom-height&#8221;][vc_row_inner][vc_column_inner][vc_column_text css_animation=&#8221;fadeInUp&#8221; el_class=&#8221;custom-white&#8221;] De&hellip;<\/p>\n","protected":false},"author":1,"featured_media":0,"parent":0,"menu_order":4,"comment_status":"closed","ping_status":"closed","template":"","meta":{"_acf_changed":false,"footnotes":""},"class_list":["post-2497","page","type-page","status-publish","hentry","description-off"],"acf":[],"yoast_head":"<!-- This site is optimized with the Yoast SEO plugin v27.3 - https:\/\/yoast.com\/product\/yoast-seo-wordpress\/ -->\n<title>Inspectie, verhuur, reparatie van opslag- en reksystemen<\/title>\n<meta name=\"description\" content=\"Korte termijn behoeftes voor palletrekken? Huur onze CORNIX\u00ae opslagsystemen. Wij voeren ook inspecties uit van uw opslagfaciliteiten om de veiligheid van uw werknemers te waarborgen.\" \/>\n<meta name=\"robots\" content=\"index, follow, max-snippet:-1, max-image-preview:large, max-video-preview:-1\" \/>\n<link rel=\"canonical\" href=\"https:\/\/www.cornix.be\/nl\/diensten\/\" \/>\n<meta property=\"og:locale\" content=\"nl_NL\" \/>\n<meta property=\"og:type\" content=\"article\" \/>\n<meta property=\"og:title\" content=\"Inspectie, verhuur, reparatie van opslag- en reksystemen\" \/>\n<meta property=\"og:description\" content=\"Korte termijn behoeftes voor palletrekken? Huur onze CORNIX\u00ae opslagsystemen. Wij voeren ook inspecties uit van uw opslagfaciliteiten om de veiligheid van uw werknemers te waarborgen.\" \/>\n<meta property=\"og:url\" content=\"https:\/\/www.cornix.be\/nl\/diensten\/\" \/>\n<meta property=\"og:site_name\" content=\"Cornix\" \/>\n<meta property=\"article:modified_time\" content=\"2022-04-07T12:27:21+00:00\" \/>\n<meta name=\"twitter:card\" content=\"summary_large_image\" \/>\n<meta name=\"twitter:label1\" content=\"Geschatte leestijd\" \/>\n\t<meta name=\"twitter:data1\" content=\"6 minuten\" \/>\n<script type=\"application\/ld+json\" class=\"yoast-schema-graph\">{\"@context\":\"https:\\\/\\\/schema.org\",\"@graph\":[{\"@type\":\"WebPage\",\"@id\":\"https:\\\/\\\/www.cornix.be\\\/nl\\\/diensten\\\/\",\"url\":\"https:\\\/\\\/www.cornix.be\\\/nl\\\/diensten\\\/\",\"name\":\"Inspectie, verhuur, reparatie van opslag- en reksystemen\",\"isPartOf\":{\"@id\":\"https:\\\/\\\/www.cornix.be\\\/#website\"},\"datePublished\":\"2020-10-20T13:17:10+00:00\",\"dateModified\":\"2022-04-07T12:27:21+00:00\",\"description\":\"Korte termijn behoeftes voor palletrekken? Huur onze CORNIX\u00ae opslagsystemen. Wij voeren ook inspecties uit van uw opslagfaciliteiten om de veiligheid van uw werknemers te waarborgen.\",\"breadcrumb\":{\"@id\":\"https:\\\/\\\/www.cornix.be\\\/nl\\\/diensten\\\/#breadcrumb\"},\"inLanguage\":\"nl-NL\",\"potentialAction\":[{\"@type\":\"ReadAction\",\"target\":[\"https:\\\/\\\/www.cornix.be\\\/nl\\\/diensten\\\/\"]}]},{\"@type\":\"BreadcrumbList\",\"@id\":\"https:\\\/\\\/www.cornix.be\\\/nl\\\/diensten\\\/#breadcrumb\",\"itemListElement\":[{\"@type\":\"ListItem\",\"position\":1,\"name\":\"Home\",\"item\":\"https:\\\/\\\/www.cornix.be\\\/nl\\\/\"},{\"@type\":\"ListItem\",\"position\":2,\"name\":\"Diensten\"}]},{\"@type\":\"WebSite\",\"@id\":\"https:\\\/\\\/www.cornix.be\\\/#website\",\"url\":\"https:\\\/\\\/www.cornix.be\\\/\",\"name\":\"Cornix\",\"description\":\"\",\"potentialAction\":[{\"@type\":\"SearchAction\",\"target\":{\"@type\":\"EntryPoint\",\"urlTemplate\":\"https:\\\/\\\/www.cornix.be\\\/?s={search_term_string}\"},\"query-input\":{\"@type\":\"PropertyValueSpecification\",\"valueRequired\":true,\"valueName\":\"search_term_string\"}}],\"inLanguage\":\"nl-NL\"}]}<\/script>\n<!-- \/ Yoast SEO plugin. -->","yoast_head_json":{"title":"Inspectie, verhuur, reparatie van opslag- en reksystemen","description":"Korte termijn behoeftes voor palletrekken? Huur onze CORNIX\u00ae opslagsystemen. Wij voeren ook inspecties uit van uw opslagfaciliteiten om de veiligheid van uw werknemers te waarborgen.","robots":{"index":"index","follow":"follow","max-snippet":"max-snippet:-1","max-image-preview":"max-image-preview:large","max-video-preview":"max-video-preview:-1"},"canonical":"https:\/\/www.cornix.be\/nl\/diensten\/","og_locale":"nl_NL","og_type":"article","og_title":"Inspectie, verhuur, reparatie van opslag- en reksystemen","og_description":"Korte termijn behoeftes voor palletrekken? Huur onze CORNIX\u00ae opslagsystemen. Wij voeren ook inspecties uit van uw opslagfaciliteiten om de veiligheid van uw werknemers te waarborgen.","og_url":"https:\/\/www.cornix.be\/nl\/diensten\/","og_site_name":"Cornix","article_modified_time":"2022-04-07T12:27:21+00:00","twitter_card":"summary_large_image","twitter_misc":{"Geschatte leestijd":"6 minuten"},"schema":{"@context":"https:\/\/schema.org","@graph":[{"@type":"WebPage","@id":"https:\/\/www.cornix.be\/nl\/diensten\/","url":"https:\/\/www.cornix.be\/nl\/diensten\/","name":"Inspectie, verhuur, reparatie van opslag- en reksystemen","isPartOf":{"@id":"https:\/\/www.cornix.be\/#website"},"datePublished":"2020-10-20T13:17:10+00:00","dateModified":"2022-04-07T12:27:21+00:00","description":"Korte termijn behoeftes voor palletrekken? Huur onze CORNIX\u00ae opslagsystemen. Wij voeren ook inspecties uit van uw opslagfaciliteiten om de veiligheid van uw werknemers te waarborgen.","breadcrumb":{"@id":"https:\/\/www.cornix.be\/nl\/diensten\/#breadcrumb"},"inLanguage":"nl-NL","potentialAction":[{"@type":"ReadAction","target":["https:\/\/www.cornix.be\/nl\/diensten\/"]}]},{"@type":"BreadcrumbList","@id":"https:\/\/www.cornix.be\/nl\/diensten\/#breadcrumb","itemListElement":[{"@type":"ListItem","position":1,"name":"Home","item":"https:\/\/www.cornix.be\/nl\/"},{"@type":"ListItem","position":2,"name":"Diensten"}]},{"@type":"WebSite","@id":"https:\/\/www.cornix.be\/#website","url":"https:\/\/www.cornix.be\/","name":"Cornix","description":"","potentialAction":[{"@type":"SearchAction","target":{"@type":"EntryPoint","urlTemplate":"https:\/\/www.cornix.be\/?s={search_term_string}"},"query-input":{"@type":"PropertyValueSpecification","valueRequired":true,"valueName":"search_term_string"}}],"inLanguage":"nl-NL"}]}},"jetpack_sharing_enabled":true,"_links":{"self":[{"href":"https:\/\/www.cornix.be\/nl\/wp-json\/wp\/v2\/pages\/2497","targetHints":{"allow":["GET"]}}],"collection":[{"href":"https:\/\/www.cornix.be\/nl\/wp-json\/wp\/v2\/pages"}],"about":[{"href":"https:\/\/www.cornix.be\/nl\/wp-json\/wp\/v2\/types\/page"}],"author":[{"embeddable":true,"href":"https:\/\/www.cornix.be\/nl\/wp-json\/wp\/v2\/users\/1"}],"replies":[{"embeddable":true,"href":"https:\/\/www.cornix.be\/nl\/wp-json\/wp\/v2\/comments?post=2497"}],"version-history":[{"count":8,"href":"https:\/\/www.cornix.be\/nl\/wp-json\/wp\/v2\/pages\/2497\/revisions"}],"predecessor-version":[{"id":3598,"href":"https:\/\/www.cornix.be\/nl\/wp-json\/wp\/v2\/pages\/2497\/revisions\/3598"}],"wp:attachment":[{"href":"https:\/\/www.cornix.be\/nl\/wp-json\/wp\/v2\/media?parent=2497"}],"curies":[{"name":"wp","href":"https:\/\/api.w.org\/{rel}","templated":true}]}}