{"id":2472,"date":"2020-11-25T12:02:38","date_gmt":"2020-11-25T10:02:38","guid":{"rendered":"https:\/\/cornix.poush.be\/uw-behoeften\/magasins-et-showrooms-archives-et-bureaux\/"},"modified":"2022-04-07T14:20:41","modified_gmt":"2022-04-07T12:20:41","slug":"winkels-showrooms-archieven-en-kantoren","status":"publish","type":"page","link":"https:\/\/www.cornix.be\/nl\/uw-behoeften\/winkels-showrooms-archieven-en-kantoren\/","title":{"rendered":"Winkels, showrooms, archieven en kantoren"},"content":{"rendered":"<div class=\"wpb-content-wrapper\"><p>[vc_row content_placement=&#8221;bottom&#8221; bg_type=&#8221;grad&#8221; bg_override=&#8221;ex-full&#8221; bg_grad=&#8221;background: -webkit-gradient(linear, left top, left bottom, color-stop(60%, #FFFFFF), color-stop(60%, #DEDEE2));background: -moz-linear-gradient(top,#FFFFFF 60%,#DEDEE2 60%);background: -webkit-linear-gradient(top,#FFFFFF 60%,#DEDEE2 60%);background: -o-linear-gradient(top,#FFFFFF 60%,#DEDEE2 60%);background: -ms-linear-gradient(top,#FFFFFF 60%,#DEDEE2 60%);background: linear-gradient(top,#FFFFFF 60%,#DEDEE2 60%);&#8221;][vc_column css=&#8221;.vc_custom_1621350980761{background-position: center !important;background-repeat: no-repeat !important;background-size: cover !important;}&#8221; el_class=&#8221;custom-height&#8221;]\n\t\t\t<!-- START magasins nl REVOLUTION SLIDER 6.7.38 --><p class=\"rs-p-wp-fix\"><\/p>\n\t\t\t<rs-module-wrap id=\"rev_slider_14_1_wrapper\" data-source=\"gallery\" style=\"visibility:hidden;background:rgba(0,0,0,0);padding:0;margin:0px auto;margin-top:0;margin-bottom:0;\">\n\t\t\t\t<rs-module id=\"rev_slider_14_1\" style=\"\" data-version=\"6.7.38\">\n\t\t\t\t\t<rs-slides style=\"overflow: hidden; position: absolute;\">\n\t\t\t\t\t\t<rs-slide style=\"position: absolute;\" data-key=\"rs-90\" data-title=\"slide\" data-thumb=\"\/\/cornix.be\/wp-content\/uploads\/2021\/04\/cormag-05.jpg\" data-anim=\"adpr:false;\" data-in=\"o:0;\" data-out=\"a:false;\">\n\t\t\t\t\t\t\t<img decoding=\"async\" src=\"\/\/www.cornix.be\/wp-content\/plugins\/revslider\/sr6\/assets\/assets\/dummy.png\" alt=\"Cornix met \u00e0 votre disposition un ensemble complet d\u2019accessoires pour \u00e9quiper votre magasin\" title=\"cormag-05\" width=\"1000\" height=\"1000\" class=\"rev-slidebg tp-rs-img rs-lazyload\" data-lazyload=\"\/\/cornix.be\/wp-content\/uploads\/2021\/04\/cormag-05.jpg\" data-no-retina>\n<!---->\t\t\t\t\t<\/rs-slide>\n\t\t\t\t\t\t<rs-slide style=\"position: absolute;\" data-key=\"rs-91\" data-title=\"slide\" data-thumb=\"\/\/cornix.be\/wp-content\/uploads\/2021\/05\/magasins-showrooms-archives-et-bureaux-winkel-showroom-archieven-burelen-shop-showroom-archive-office.jpg\" data-anim=\"ms:1000;r:0;\" data-in=\"o:0;\" data-out=\"a:false;\">\n\t\t\t\t\t\t\t<img decoding=\"async\" src=\"\/\/www.cornix.be\/wp-content\/plugins\/revslider\/sr6\/assets\/assets\/dummy.png\" alt=\"Cornix, votre fournisseur belge de rayonnages sur mesure pour vos archives\" title=\"rayonnage-archives-1\" width=\"800\" height=\"938\" class=\"rev-slidebg tp-rs-img rs-lazyload\" data-lazyload=\"\/\/cornix.be\/wp-content\/uploads\/2021\/05\/magasins-showrooms-archives-et-bureaux-winkel-showroom-archieven-burelen-shop-showroom-archive-office.jpg\" data-no-retina>\n<!---->\t\t\t\t\t<\/rs-slide>\n\t\t\t\t\t\t<rs-slide style=\"position: absolute;\" data-key=\"rs-92\" data-title=\"slide\" data-thumb=\"\/\/cornix.be\/wp-content\/uploads\/2021\/02\/cormag-principal.jpg\" data-anim=\"ms:1000;r:0;\" data-in=\"o:0;\" data-out=\"a:false;\">\n\t\t\t\t\t\t\t<img decoding=\"async\" src=\"\/\/www.cornix.be\/wp-content\/plugins\/revslider\/sr6\/assets\/assets\/dummy.png\" alt=\"Cornix, sp\u00e9cialiste en rayonnage et syst\u00e8me de stockage \u00e9quipe vos bureaux et show-rooms\" title=\"rayonnage-show-room-bureau-4\" width=\"600\" height=\"397\" class=\"rev-slidebg tp-rs-img rs-lazyload\" data-lazyload=\"\/\/cornix.be\/wp-content\/uploads\/2021\/02\/cormag-principal.jpg\" data-no-retina>\n<!---->\t\t\t\t\t<\/rs-slide>\n\t\t\t\t\t<\/rs-slides>\n\t\t\t\t\t<rs-static-layers><!--\n\n\t\t\t\t\t\t\t--><h1\n\t\t\t\t\t\t\t\tid=\"slider-14-slide-14-layer-0\" \n\t\t\t\t\t\t\t\tclass=\"rs-layer rs-layer-static\"\n\t\t\t\t\t\t\t\tdata-type=\"text\"\n\t\t\t\t\t\t\t\tdata-color=\"#f8f32c\"\n\t\t\t\t\t\t\t\tdata-xy=\"x:r;y:b;yo:30px;\"\n\t\t\t\t\t\t\t\tdata-text=\"w:normal;s:45,45,34,34;l:55,55,44,44;a:right;\"\n\t\t\t\t\t\t\t\tdata-dim=\"w:1140px,1140px,700px,400px;\"\n\t\t\t\t\t\t\t\tdata-rsp_bd=\"off\"\n\t\t\t\t\t\t\t\tdata-onslides=\"s:1;\"\n\t\t\t\t\t\t\t\tdata-padding=\"r:30;l:30;\"\n\t\t\t\t\t\t\t\tdata-frame_0=\"y:50;\"\n\t\t\t\t\t\t\t\tdata-frame_1=\"sp:1000;\"\n\t\t\t\t\t\t\t\tdata-frame_999=\"o:0;st:w;\"\n\t\t\t\t\t\t\t\tstyle=\"z-index:9;font-family:'Lexend Deca';\"\n\t\t\t\t\t\t\t>Rekkensystemen voor magazijnen, showrooms, archieven en kantoren<br \/>\n \n\t\t\t\t\t\t\t<\/h1><!--\n\t\t\t\t\t--><\/rs-static-layers>\n\t\t\t\t<\/rs-module>\n\t\t\t\t<script data-jetpack-boost=\"ignore\">\n\t\t\t\t\tsetREVStartSize({c: 'rev_slider_14_1',rl:[1240,1240,778,480],el:[300,300,350,400],gw:[1200,1200,778,480],gh:[300,300,350,400],type:'standard',justify:'',layout:'fullwidth',mh:\"0\"});if (window.RS_MODULES!==undefined && window.RS_MODULES.modules!==undefined && window.RS_MODULES.modules[\"revslider141\"]!==undefined) {window.RS_MODULES.modules[\"revslider141\"].once = false;window.revapi14 = undefined;if (window.RS_MODULES.checkMinimal!==undefined) window.RS_MODULES.checkMinimal()}\n\t\t\t\t<\/script>\n\t\t\t<\/rs-module-wrap>\n\t\t\t<!-- END REVOLUTION SLIDER -->\n[\/vc_column][\/vc_row][vc_row gap=&#8221;20&#8243; content_placement=&#8221;bottom&#8221; bg_type=&#8221;bg_color&#8221; bg_override=&#8221;ex-full&#8221; bg_color_value=&#8221;#dedee2&#8243; css=&#8221;.vc_custom_1613402983649{padding-right: 15px !important;padding-left: 15px !important;}&#8221;][vc_column width=&#8221;3\/5&#8243; css=&#8221;.vc_custom_1603375169633{padding-top: 50px !important;padding-bottom: 50px !important;background-position: center !important;background-repeat: no-repeat !important;background-size: cover !important;}&#8221;][vc_column_text css_animation=&#8221;fadeInUp&#8221;]Wilt u uw magazijn, showroom, kantoorruimte of archieven inrichten? Winkelrekken met accessoires en toonbanken, kantoormeubilair en archiveringssystemen, &#8230; Ontdek alle <strong>CORNIX\u00ae-producten<\/strong> voor een juiste en betrouwbare keuze!<\/p>\n<p>Ongeacht de toepassing (rekken voor winkels, archieven met hangmappen of dozen, &#8230;) bieden wij u graag <strong>rekkensystemen aan die een heel leven lang meegaan.<\/strong> Uw veiligheid staat centraal. Daarom bieden we u niet alleen graag de beste dienstverlening aan, maar ook een reeks handige <strong>bijkomende producten<\/strong> voor uw winkel, showroom, kantoor of archief.[\/vc_column_text]<style type=\"text\/css\" data-type=\"the7_shortcodes-inline-css\">#default-btn-07f24ba02f464c952c676c7b1a49f0f5.ico-right-side > i {\n  margin-right: 0px;\n  margin-left: 8px;\n}\n#default-btn-07f24ba02f464c952c676c7b1a49f0f5 > i {\n  margin-right: 8px;\n}<\/style><a href=\"https:\/\/www.cornix.be\/nl\/contact\/\" class=\"default-btn-shortcode dt-btn dt-btn-m link-hover-off btn-inline-left \" id=\"default-btn-07f24ba02f464c952c676c7b1a49f0f5\" title=\"Contact\"><span>Neem contact op<\/span><\/a>[\/vc_column][vc_column width=&#8221;2\/5&#8243; css=&#8221;.vc_custom_1603291715247{padding-right: 0px !important;padding-left: 0px !important;}&#8221;][vc_single_image image=&#8221;1037&#8243; img_size=&#8221;600&#215;750&#8243; alignment=&#8221;center&#8221; css_animation=&#8221;fadeInUp&#8221; css=&#8221;.vc_custom_1621597254039{margin-bottom: -50px !important;}&#8221; el_class=&#8221;custom-img&#8221;][\/vc_column][\/vc_row][vc_row css=&#8221;.vc_custom_1603375847238{padding-top: 100px !important;}&#8221;][vc_column][vc_column_text css=&#8221;.vc_custom_1630567740400{margin-bottom: 50px !important;}&#8221;]<\/p>\n<h2 style=\"text-align: center;\">Onze rekkenoplossingen voor winkels, showrooms, archieven en kantoren<\/h2>\n<p>[\/vc_column_text][\/vc_column][\/vc_row][vc_row gap=&#8221;20&#8243;][vc_column css_animation=&#8221;fadeInUp&#8221; width=&#8221;1\/2&#8243;][vc_single_image image=&#8221;1245&#8243; img_size=&#8221;600&#215;350&#8243; alignment=&#8221;center&#8221; css=&#8221;.vc_custom_1620999411768{border-bottom-width: 6px !important;border-bottom-color: #cb2821 !important;border-bottom-style: solid !important;}&#8221;][vc_column_text css=&#8221;.vc_custom_1630568517291{margin-bottom: 20px !important;}&#8221;]<\/p>\n<h3 style=\"text-align: center;\">CorMag\u00ae<br \/>\nuitrusting voor winkels<\/h3>\n<p style=\"text-align: center;\"><strong> Uitrusting voor uw winkel, showroom, &#8230; ? Onze oplossingen. <\/strong><\/p>\n<p>[\/vc_column_text]<style type=\"text\/css\" data-type=\"the7_shortcodes-inline-css\">#default-btn-e08fce3e8b37b8aad4a6c5c5704cd1bc {\n  font-size: 15px;\n  line-height: 17px;\n  font-weight: bold;\n  padding: 0px 0px 10px 0px;\n}\n#default-btn-e08fce3e8b37b8aad4a6c5c5704cd1bc.ico-right-side > i {\n  margin-right: 0px;\n  margin-left: 8px;\n}\n#default-btn-e08fce3e8b37b8aad4a6c5c5704cd1bc:after {\n  height: 4px;\n  background: #cb2821 !important;\n}\n#default-btn-e08fce3e8b37b8aad4a6c5c5704cd1bc > i {\n  margin-right: 8px;\n  font-size: 18px;\n}\n#default-btn-e08fce3e8b37b8aad4a6c5c5704cd1bc.ico-right-side > i {\n  margin-right: 0px;\n  margin-left: 8px;\n}\n#default-btn-e08fce3e8b37b8aad4a6c5c5704cd1bc > i {\n  margin-right: 8px;\n}<\/style><div class=\"btn-align-center\"><a href=\"https:\/\/www.cornix.be\/nl\/cormag\/\" class=\"default-btn-shortcode dt-btn-link ico-right-side from-center-line  vc_custom_1630568540261\" target=\"_blank\" id=\"default-btn-e08fce3e8b37b8aad4a6c5c5704cd1bc\" title=\"CorMag\u00ae: uitrusting voor winkels\" rel=\"nofollow\"><span>Meer weten<\/span><i class=\"dt-icon-the7-arrow-0-41\"><\/i><\/a><\/div>[\/vc_column][vc_column css_animation=&#8221;fadeInUp&#8221; width=&#8221;1\/2&#8243;][vc_single_image image=&#8221;1242&#8243; img_size=&#8221;600&#215;350&#8243; alignment=&#8221;center&#8221; css=&#8221;.vc_custom_1619788646872{border-bottom-width: 6px !important;border-bottom-color: #cb2821 !important;border-bottom-style: solid !important;}&#8221;][vc_column_text css=&#8221;.vc_custom_1630568571042{margin-bottom: 20px !important;}&#8221;]<\/p>\n<h3 style=\"text-align: center;\">Archive &amp; Office<br \/>\narchivering en kantoormeubilair<\/h3>\n<p style=\"text-align: center;\"><strong> Op zoek naar inrichting voor uw kantoor en archief? Met CORNIX\u00ae hebt u de gemakkelijkste oplossing! <\/strong><\/p>\n<p>[\/vc_column_text]<style type=\"text\/css\" data-type=\"the7_shortcodes-inline-css\">#default-btn-54385af3577ddac35309d85d9c30273b {\n  font-size: 15px;\n  line-height: 17px;\n  font-weight: bold;\n  padding: 0px 0px 10px 0px;\n}\n#default-btn-54385af3577ddac35309d85d9c30273b.ico-right-side > i {\n  margin-right: 0px;\n  margin-left: 8px;\n}\n#default-btn-54385af3577ddac35309d85d9c30273b:after {\n  height: 4px;\n  background: #cb2821 !important;\n}\n#default-btn-54385af3577ddac35309d85d9c30273b > i {\n  margin-right: 8px;\n  font-size: 18px;\n}\n#default-btn-54385af3577ddac35309d85d9c30273b.ico-right-side > i {\n  margin-right: 0px;\n  margin-left: 8px;\n}\n#default-btn-54385af3577ddac35309d85d9c30273b > i {\n  margin-right: 8px;\n}<\/style><div class=\"btn-align-center\"><a href=\"https:\/\/www.cornix.be\/nl\/archive-office\/\" class=\"default-btn-shortcode dt-btn-link ico-right-side from-center-line  vc_custom_1630568596945\" id=\"default-btn-54385af3577ddac35309d85d9c30273b\" title=\"Archives & Bureaux\"><span>Meer weten<\/span><i class=\"dt-icon-the7-arrow-0-41\"><\/i><\/a><\/div>[\/vc_column][\/vc_row][vc_row gap=&#8221;20&#8243; content_placement=&#8221;middle&#8221; css=&#8221;.vc_custom_1613401441443{margin-top: 30px !important;}&#8221;][vc_column width=&#8221;2\/3&#8243; offset=&#8221;vc_col-lg-9&#8243;][vc_column_text]<\/p>\n<h2>Vraag inlichtingen of een gratis offerte<\/h2>\n<p>Bent u ge\u00efnteresseerd in een van onze producten of wenst u onze adviseurs te spreken voor een oplossing op maat?[\/vc_column_text][\/vc_column][vc_column width=&#8221;1\/3&#8243; offset=&#8221;vc_col-lg-3&#8243;]<style type=\"text\/css\" data-type=\"the7_shortcodes-inline-css\">#default-btn-324864cafa7b73a3373e7ab9904e4efa.ico-right-side > i {\n  margin-right: 0px;\n  margin-left: 8px;\n}\n#default-btn-324864cafa7b73a3373e7ab9904e4efa > i {\n  margin-right: 8px;\n}<\/style><a href=\"https:\/\/www.cornix.be\/nl\/offerte\/\" class=\"default-btn-shortcode dt-btn dt-btn-l link-hover-off full-width-btn btn-inline-left \" id=\"default-btn-324864cafa7b73a3373e7ab9904e4efa\" title=\"Offerte\"><span>Neem contact op<\/span><\/a>[\/vc_column][\/vc_row]<\/p>\n<\/div>","protected":false},"excerpt":{"rendered":"<p>[vc_row content_placement=&#8221;bottom&#8221; bg_type=&#8221;grad&#8221; bg_override=&#8221;ex-full&#8221; bg_grad=&#8221;background: -webkit-gradient(linear, left top, left bottom, color-stop(60%, #FFFFFF), color-stop(60%, #DEDEE2));background: -moz-linear-gradient(top,#FFFFFF 60%,#DEDEE2 60%);background: -webkit-linear-gradient(top,#FFFFFF 60%,#DEDEE2 60%);background: -o-linear-gradient(top,#FFFFFF 60%,#DEDEE2 60%);background: -ms-linear-gradient(top,#FFFFFF 60%,#DEDEE2 60%);background: linear-gradient(top,#FFFFFF 60%,#DEDEE2 60%);&#8221;][vc_column css=&#8221;.vc_custom_1621350980761{background-position: center !important;background-repeat: no-repeat !important;background-size: cover !important;}&#8221; el_class=&#8221;custom-height&#8221;][\/vc_column][\/vc_row][vc_row gap=&#8221;20&#8243; content_placement=&#8221;bottom&#8221; bg_type=&#8221;bg_color&#8221; bg_override=&#8221;ex-full&#8221; bg_color_value=&#8221;#dedee2&#8243; css=&#8221;.vc_custom_1613402983649{padding-right: 15px !important;padding-left: 15px !important;}&#8221;][vc_column width=&#8221;3\/5&#8243; css=&#8221;.vc_custom_1603375169633{padding-top: 50px !important;padding-bottom: 50px !important;background-position: center !important;background-repeat:&hellip;<\/p>\n","protected":false},"author":1,"featured_media":0,"parent":2330,"menu_order":6,"comment_status":"closed","ping_status":"closed","template":"","meta":{"_acf_changed":false,"footnotes":""},"class_list":["post-2472","page","type-page","status-publish","hentry","description-off"],"acf":[],"yoast_head":"<!-- This site is optimized with the Yoast SEO plugin v27.4 - https:\/\/yoast.com\/product\/yoast-seo-wordpress\/ -->\n<title>Rekkenoplossingen voor winkels, showrooms, archieven en kantoren<\/title>\n<meta name=\"description\" content=\"Wilt u uw magazijn, showroom, kantoorruimte of archieven inrichten? Ontdek alle CORNIX\u00ae-producten voor een juiste en betrouwbare keuze!\" \/>\n<meta name=\"robots\" content=\"index, follow, max-snippet:-1, max-image-preview:large, max-video-preview:-1\" \/>\n<link rel=\"canonical\" href=\"https:\/\/www.cornix.be\/nl\/uw-behoeften\/winkels-showrooms-archieven-en-kantoren\/\" \/>\n<meta property=\"og:locale\" content=\"nl_NL\" \/>\n<meta property=\"og:type\" content=\"article\" \/>\n<meta property=\"og:title\" content=\"Rekkenoplossingen voor winkels, showrooms, archieven en kantoren\" \/>\n<meta property=\"og:description\" content=\"Wilt u uw magazijn, showroom, kantoorruimte of archieven inrichten? Ontdek alle CORNIX\u00ae-producten voor een juiste en betrouwbare keuze!\" \/>\n<meta property=\"og:url\" content=\"https:\/\/www.cornix.be\/nl\/uw-behoeften\/winkels-showrooms-archieven-en-kantoren\/\" \/>\n<meta property=\"og:site_name\" content=\"Cornix\" \/>\n<meta property=\"article:modified_time\" content=\"2022-04-07T12:20:41+00:00\" \/>\n<meta name=\"twitter:card\" content=\"summary_large_image\" \/>\n<meta name=\"twitter:label1\" content=\"Geschatte leestijd\" \/>\n\t<meta name=\"twitter:data1\" content=\"3 minuten\" \/>\n<script type=\"application\/ld+json\" class=\"yoast-schema-graph\">{\"@context\":\"https:\\\/\\\/schema.org\",\"@graph\":[{\"@type\":\"WebPage\",\"@id\":\"https:\\\/\\\/www.cornix.be\\\/nl\\\/uw-behoeften\\\/winkels-showrooms-archieven-en-kantoren\\\/\",\"url\":\"https:\\\/\\\/www.cornix.be\\\/nl\\\/uw-behoeften\\\/winkels-showrooms-archieven-en-kantoren\\\/\",\"name\":\"Rekkenoplossingen voor winkels, showrooms, archieven en kantoren\",\"isPartOf\":{\"@id\":\"https:\\\/\\\/www.cornix.be\\\/#website\"},\"datePublished\":\"2020-11-25T10:02:38+00:00\",\"dateModified\":\"2022-04-07T12:20:41+00:00\",\"description\":\"Wilt u uw magazijn, showroom, kantoorruimte of archieven inrichten? Ontdek alle CORNIX\u00ae-producten voor een juiste en betrouwbare keuze!\",\"breadcrumb\":{\"@id\":\"https:\\\/\\\/www.cornix.be\\\/nl\\\/uw-behoeften\\\/winkels-showrooms-archieven-en-kantoren\\\/#breadcrumb\"},\"inLanguage\":\"nl-NL\",\"potentialAction\":[{\"@type\":\"ReadAction\",\"target\":[\"https:\\\/\\\/www.cornix.be\\\/nl\\\/uw-behoeften\\\/winkels-showrooms-archieven-en-kantoren\\\/\"]}]},{\"@type\":\"BreadcrumbList\",\"@id\":\"https:\\\/\\\/www.cornix.be\\\/nl\\\/uw-behoeften\\\/winkels-showrooms-archieven-en-kantoren\\\/#breadcrumb\",\"itemListElement\":[{\"@type\":\"ListItem\",\"position\":1,\"name\":\"Home\",\"item\":\"https:\\\/\\\/www.cornix.be\\\/nl\\\/\"},{\"@type\":\"ListItem\",\"position\":2,\"name\":\"Uw behoeften\",\"item\":\"https:\\\/\\\/www.cornix.be\\\/nl\\\/uw-behoeften\\\/\"},{\"@type\":\"ListItem\",\"position\":3,\"name\":\"Winkels, showrooms, archieven en kantoren\"}]},{\"@type\":\"WebSite\",\"@id\":\"https:\\\/\\\/www.cornix.be\\\/#website\",\"url\":\"https:\\\/\\\/www.cornix.be\\\/\",\"name\":\"Cornix\",\"description\":\"\",\"potentialAction\":[{\"@type\":\"SearchAction\",\"target\":{\"@type\":\"EntryPoint\",\"urlTemplate\":\"https:\\\/\\\/www.cornix.be\\\/?s={search_term_string}\"},\"query-input\":{\"@type\":\"PropertyValueSpecification\",\"valueRequired\":true,\"valueName\":\"search_term_string\"}}],\"inLanguage\":\"nl-NL\"}]}<\/script>\n<!-- \/ Yoast SEO plugin. -->","yoast_head_json":{"title":"Rekkenoplossingen voor winkels, showrooms, archieven en kantoren","description":"Wilt u uw magazijn, showroom, kantoorruimte of archieven inrichten? Ontdek alle CORNIX\u00ae-producten voor een juiste en betrouwbare keuze!","robots":{"index":"index","follow":"follow","max-snippet":"max-snippet:-1","max-image-preview":"max-image-preview:large","max-video-preview":"max-video-preview:-1"},"canonical":"https:\/\/www.cornix.be\/nl\/uw-behoeften\/winkels-showrooms-archieven-en-kantoren\/","og_locale":"nl_NL","og_type":"article","og_title":"Rekkenoplossingen voor winkels, showrooms, archieven en kantoren","og_description":"Wilt u uw magazijn, showroom, kantoorruimte of archieven inrichten? Ontdek alle CORNIX\u00ae-producten voor een juiste en betrouwbare keuze!","og_url":"https:\/\/www.cornix.be\/nl\/uw-behoeften\/winkels-showrooms-archieven-en-kantoren\/","og_site_name":"Cornix","article_modified_time":"2022-04-07T12:20:41+00:00","twitter_card":"summary_large_image","twitter_misc":{"Geschatte leestijd":"3 minuten"},"schema":{"@context":"https:\/\/schema.org","@graph":[{"@type":"WebPage","@id":"https:\/\/www.cornix.be\/nl\/uw-behoeften\/winkels-showrooms-archieven-en-kantoren\/","url":"https:\/\/www.cornix.be\/nl\/uw-behoeften\/winkels-showrooms-archieven-en-kantoren\/","name":"Rekkenoplossingen voor winkels, showrooms, archieven en kantoren","isPartOf":{"@id":"https:\/\/www.cornix.be\/#website"},"datePublished":"2020-11-25T10:02:38+00:00","dateModified":"2022-04-07T12:20:41+00:00","description":"Wilt u uw magazijn, showroom, kantoorruimte of archieven inrichten? Ontdek alle CORNIX\u00ae-producten voor een juiste en betrouwbare keuze!","breadcrumb":{"@id":"https:\/\/www.cornix.be\/nl\/uw-behoeften\/winkels-showrooms-archieven-en-kantoren\/#breadcrumb"},"inLanguage":"nl-NL","potentialAction":[{"@type":"ReadAction","target":["https:\/\/www.cornix.be\/nl\/uw-behoeften\/winkels-showrooms-archieven-en-kantoren\/"]}]},{"@type":"BreadcrumbList","@id":"https:\/\/www.cornix.be\/nl\/uw-behoeften\/winkels-showrooms-archieven-en-kantoren\/#breadcrumb","itemListElement":[{"@type":"ListItem","position":1,"name":"Home","item":"https:\/\/www.cornix.be\/nl\/"},{"@type":"ListItem","position":2,"name":"Uw behoeften","item":"https:\/\/www.cornix.be\/nl\/uw-behoeften\/"},{"@type":"ListItem","position":3,"name":"Winkels, showrooms, archieven en kantoren"}]},{"@type":"WebSite","@id":"https:\/\/www.cornix.be\/#website","url":"https:\/\/www.cornix.be\/","name":"Cornix","description":"","potentialAction":[{"@type":"SearchAction","target":{"@type":"EntryPoint","urlTemplate":"https:\/\/www.cornix.be\/?s={search_term_string}"},"query-input":{"@type":"PropertyValueSpecification","valueRequired":true,"valueName":"search_term_string"}}],"inLanguage":"nl-NL"}]}},"jetpack_sharing_enabled":true,"_links":{"self":[{"href":"https:\/\/www.cornix.be\/nl\/wp-json\/wp\/v2\/pages\/2472","targetHints":{"allow":["GET"]}}],"collection":[{"href":"https:\/\/www.cornix.be\/nl\/wp-json\/wp\/v2\/pages"}],"about":[{"href":"https:\/\/www.cornix.be\/nl\/wp-json\/wp\/v2\/types\/page"}],"author":[{"embeddable":true,"href":"https:\/\/www.cornix.be\/nl\/wp-json\/wp\/v2\/users\/1"}],"replies":[{"embeddable":true,"href":"https:\/\/www.cornix.be\/nl\/wp-json\/wp\/v2\/comments?post=2472"}],"version-history":[{"count":4,"href":"https:\/\/www.cornix.be\/nl\/wp-json\/wp\/v2\/pages\/2472\/revisions"}],"predecessor-version":[{"id":3262,"href":"https:\/\/www.cornix.be\/nl\/wp-json\/wp\/v2\/pages\/2472\/revisions\/3262"}],"up":[{"embeddable":true,"href":"https:\/\/www.cornix.be\/nl\/wp-json\/wp\/v2\/pages\/2330"}],"wp:attachment":[{"href":"https:\/\/www.cornix.be\/nl\/wp-json\/wp\/v2\/media?parent=2472"}],"curies":[{"name":"wp","href":"https:\/\/api.w.org\/{rel}","templated":true}]}}