{"id":2454,"date":"2020-11-25T12:02:02","date_gmt":"2020-11-25T10:02:02","guid":{"rendered":"https:\/\/cornix.poush.be\/uw-behoeften\/cloisons\/"},"modified":"2022-04-07T14:12:48","modified_gmt":"2022-04-07T12:12:48","slug":"scheidingswanden","status":"publish","type":"page","link":"https:\/\/www.cornix.be\/nl\/uw-behoeften\/scheidingswanden\/","title":{"rendered":"Scheidingswanden"},"content":{"rendered":"<div class=\"wpb-content-wrapper\"><p>[vc_row content_placement=&#8221;bottom&#8221; bg_type=&#8221;grad&#8221; bg_override=&#8221;ex-full&#8221; bg_grad=&#8221;background: -webkit-gradient(linear, left top, left bottom, color-stop(60%, #FFFFFF), color-stop(60%, #DEDEE2));background: -moz-linear-gradient(top,#FFFFFF 60%,#DEDEE2 60%);background: -webkit-linear-gradient(top,#FFFFFF 60%,#DEDEE2 60%);background: -o-linear-gradient(top,#FFFFFF 60%,#DEDEE2 60%);background: -ms-linear-gradient(top,#FFFFFF 60%,#DEDEE2 60%);background: linear-gradient(top,#FFFFFF 60%,#DEDEE2 60%);&#8221;][vc_column css=&#8221;.vc_custom_1621350980761{background-position: center !important;background-repeat: no-repeat !important;background-size: cover !important;}&#8221; el_class=&#8221;custom-height&#8221;]\n\t\t\t<!-- START cloisons nl REVOLUTION SLIDER 6.7.38 --><p class=\"rs-p-wp-fix\"><\/p>\n\t\t\t<rs-module-wrap id=\"rev_slider_13_1_wrapper\" data-source=\"gallery\" style=\"visibility:hidden;background:rgba(0,0,0,0);padding:0;margin:0px auto;margin-top:0;margin-bottom:0;\">\n\t\t\t\t<rs-module id=\"rev_slider_13_1\" style=\"\" data-version=\"6.7.38\">\n\t\t\t\t\t<rs-slides style=\"overflow: hidden; position: absolute;\">\n\t\t\t\t\t\t<rs-slide style=\"position: absolute;\" data-key=\"rs-88\" data-title=\"slide\" data-thumb=\"\/\/cornix.be\/wp-content\/uploads\/2021\/05\/cloisons-scheidingswanden-partitions.jpg\" data-anim=\"ms:1000;r:0;\" data-in=\"o:0;\" data-out=\"a:false;\">\n\t\t\t\t\t\t\t<img decoding=\"async\" src=\"\/\/www.cornix.be\/wp-content\/plugins\/revslider\/sr6\/assets\/assets\/dummy.png\" alt=\"Cornix, votre fournisseur belge de cloisons\" title=\"cloisons-scheidingswanden-partitions\" width=\"1200\" height=\"949\" class=\"rev-slidebg tp-rs-img rs-lazyload\" data-lazyload=\"\/\/cornix.be\/wp-content\/uploads\/2021\/05\/cloisons-scheidingswanden-partitions.jpg\" data-no-retina>\n<!---->\t\t\t\t\t<\/rs-slide>\n\t\t\t\t\t\t<rs-slide style=\"position: absolute;\" data-key=\"rs-89\" data-title=\"slide\" data-thumb=\"\/\/cornix.be\/wp-content\/uploads\/2021\/05\/cloisons-scheidingswanden-partitions-1.jpg\" data-anim=\"ms:1000;r:0;\" data-in=\"o:0;\" data-out=\"a:false;\">\n\t\t\t\t\t\t\t<img decoding=\"async\" src=\"\/\/www.cornix.be\/wp-content\/plugins\/revslider\/sr6\/assets\/assets\/dummy.png\" alt=\"Cornix, votre fournisseur belge de cloisons industrielles grillag\u00e9es\" title=\"cloisons-grillagees-2\" width=\"800\" height=\"1009\" class=\"rev-slidebg tp-rs-img rs-lazyload\" data-lazyload=\"\/\/cornix.be\/wp-content\/uploads\/2021\/05\/cloisons-scheidingswanden-partitions-1.jpg\" data-no-retina>\n<!---->\t\t\t\t\t<\/rs-slide>\n\t\t\t\t\t<\/rs-slides>\n\t\t\t\t\t<rs-static-layers><!--\n\n\t\t\t\t\t\t\t--><h1\n\t\t\t\t\t\t\t\tid=\"slider-13-slide-13-layer-0\" \n\t\t\t\t\t\t\t\tclass=\"rs-layer rs-layer-static\"\n\t\t\t\t\t\t\t\tdata-type=\"text\"\n\t\t\t\t\t\t\t\tdata-color=\"#f8f32c\"\n\t\t\t\t\t\t\t\tdata-xy=\"x:r;y:b;yo:30px;\"\n\t\t\t\t\t\t\t\tdata-text=\"w:normal;s:45,45,34,34;l:55,55,44,44;a:right;\"\n\t\t\t\t\t\t\t\tdata-dim=\"w:1140px,1140px,700px,400px;\"\n\t\t\t\t\t\t\t\tdata-rsp_bd=\"off\"\n\t\t\t\t\t\t\t\tdata-onslides=\"s:1;\"\n\t\t\t\t\t\t\t\tdata-padding=\"r:30;l:30;\"\n\t\t\t\t\t\t\t\tdata-frame_0=\"y:50;\"\n\t\t\t\t\t\t\t\tdata-frame_1=\"sp:1000;\"\n\t\t\t\t\t\t\t\tdata-frame_999=\"o:0;st:w;\"\n\t\t\t\t\t\t\t\tstyle=\"z-index:9;font-family:'Lexend Deca';\"\n\t\t\t\t\t\t\t>Scheidingswanden voor magazijnen, industri\u00eble gebouwen en kantoren<br \/>\n \n\t\t\t\t\t\t\t<\/h1><!--\n\t\t\t\t\t--><\/rs-static-layers>\n\t\t\t\t<\/rs-module>\n\t\t\t\t<script data-jetpack-boost=\"ignore\">\n\t\t\t\t\tsetREVStartSize({c: 'rev_slider_13_1',rl:[1240,1240,778,480],el:[300,300,350,400],gw:[1200,1200,778,480],gh:[300,300,350,400],type:'standard',justify:'',layout:'fullwidth',mh:\"0\"});if (window.RS_MODULES!==undefined && window.RS_MODULES.modules!==undefined && window.RS_MODULES.modules[\"revslider131\"]!==undefined) {window.RS_MODULES.modules[\"revslider131\"].once = false;window.revapi13 = undefined;if (window.RS_MODULES.checkMinimal!==undefined) window.RS_MODULES.checkMinimal()}\n\t\t\t\t<\/script>\n\t\t\t<\/rs-module-wrap>\n\t\t\t<!-- END REVOLUTION SLIDER -->\n[\/vc_column][\/vc_row][vc_row gap=&#8221;20&#8243; content_placement=&#8221;bottom&#8221; bg_type=&#8221;bg_color&#8221; bg_override=&#8221;ex-full&#8221; bg_color_value=&#8221;#dedee2&#8243; css=&#8221;.vc_custom_1613402983649{padding-right: 15px !important;padding-left: 15px !important;}&#8221;][vc_column width=&#8221;3\/5&#8243; css=&#8221;.vc_custom_1603375169633{padding-top: 50px !important;padding-bottom: 50px !important;background-position: center !important;background-repeat: no-repeat !important;background-size: cover !important;}&#8221;][vc_column_text css_animation=&#8221;fadeInUp&#8221;]<\/p>\n<h2>Ruimtes beschermen, indelen en beveiligen dankzij de scheidingswanden van CORNIX\u00ae!<\/h2>\n<p>Hoogte, breedte, dikte, &#8230; Zorg voor een <strong>effici\u00ebnte indeling van uw ruimte<\/strong> dankzij scheidingswanden en cre\u00eber gemakkelijk nieuwe ruimtes! Panelen of wanden zorgen niet alleen voor afzonderlijke zones in uw magazijn, kantoor of industrieel gebouw, maar bieden ook bescherming tegen ongevallen in uw bedrijf. Daarnaast zorgen ze voor een duidelijke afscheiding van bureaus, voor betere akoestiek en voor bescherming tegen weersomstandigheden, &#8230;<\/p>\n<p>Bij CORNIX\u00ae beschikken we over <strong>twee grote gamma\u2019s scheidingswanden<\/strong>: \u00e9\u00e9n voor industri\u00eble omgevingen en een andere voor de indeling van uw bureaus. Elke scheidingswand wordt vervaardigd op basis van <strong>hoogstaande materialen<\/strong> en is dus zeer stevig. Na een analyse van uw behoeften en uw profiel stellen onze adviseurs de meest geschikte oplossing voor.[\/vc_column_text]<style type=\"text\/css\" data-type=\"the7_shortcodes-inline-css\">#default-btn-07f24ba02f464c952c676c7b1a49f0f5.ico-right-side > i {\n  margin-right: 0px;\n  margin-left: 8px;\n}\n#default-btn-07f24ba02f464c952c676c7b1a49f0f5 > i {\n  margin-right: 8px;\n}<\/style><a href=\"https:\/\/www.cornix.be\/nl\/contact\/\" class=\"default-btn-shortcode dt-btn dt-btn-m link-hover-off btn-inline-left \" id=\"default-btn-07f24ba02f464c952c676c7b1a49f0f5\" title=\"Contact\"><span>Neem contact op<\/span><\/a>[\/vc_column][vc_column width=&#8221;2\/5&#8243; css=&#8221;.vc_custom_1603291715247{padding-right: 0px !important;padding-left: 0px !important;}&#8221;][vc_single_image image=&#8221;1657&#8243; img_size=&#8221;600&#215;750&#8243; alignment=&#8221;center&#8221; css_animation=&#8221;fadeInUp&#8221; css=&#8221;.vc_custom_1620995075600{margin-bottom: -50px !important;}&#8221; el_class=&#8221;custom-img&#8221;][\/vc_column][\/vc_row][vc_row css=&#8221;.vc_custom_1603375847238{padding-top: 100px !important;}&#8221;][vc_column][vc_column_text css=&#8221;.vc_custom_1630566559438{margin-bottom: 50px !important;}&#8221;]<\/p>\n<h2 style=\"text-align: center;\">Onze twee systemen van scheidingswanden<\/h2>\n<p style=\"text-align: center;\">Ontdek onze verschillende scheidingswanden, ontwikkeld in functie van uw ruimte en van uw verwachtingen. Onze wanden hebben een <strong>aanpasbare<\/strong> hoogte, breedte en soms zelfs dikte. Bovendien zijn er <strong>tal van accessoires<\/strong> voor onze producten, zoals deuren, wanden van dubbel glas enz.<\/p>\n<p>[\/vc_column_text][\/vc_column][\/vc_row][vc_row gap=&#8221;20&#8243;][vc_column css_animation=&#8221;fadeInUp&#8221; width=&#8221;1\/2&#8243;][vc_single_image image=&#8221;1182&#8243; img_size=&#8221;600&#215;350&#8243; alignment=&#8221;center&#8221; css=&#8221;.vc_custom_1619788581369{border-bottom-width: 6px !important;border-bottom-color: #cb2821 !important;border-bottom-style: solid !important;}&#8221;][vc_column_text css=&#8221;.vc_custom_1630567102674{margin-bottom: 20px !important;}&#8221;]<\/p>\n<h3 style=\"text-align: center;\">CorMesh\u00ae<br \/>\nindustri\u00eble gaaswanden, staalplaat of plexiglas wanden<\/h3>\n<p>[\/vc_column_text]<style type=\"text\/css\" data-type=\"the7_shortcodes-inline-css\">#default-btn-a4303400bbac6bbf1ec1cb4b21608110 {\n  font-size: 15px;\n  line-height: 17px;\n  font-weight: bold;\n  padding: 0px 0px 10px 0px;\n}\n#default-btn-a4303400bbac6bbf1ec1cb4b21608110.ico-right-side > i {\n  margin-right: 0px;\n  margin-left: 8px;\n}\n#default-btn-a4303400bbac6bbf1ec1cb4b21608110:after {\n  height: 4px;\n  background: #cb2821 !important;\n}\n#default-btn-a4303400bbac6bbf1ec1cb4b21608110 > i {\n  margin-right: 8px;\n  font-size: 18px;\n}\n#default-btn-a4303400bbac6bbf1ec1cb4b21608110.ico-right-side > i {\n  margin-right: 0px;\n  margin-left: 8px;\n}\n#default-btn-a4303400bbac6bbf1ec1cb4b21608110 > i {\n  margin-right: 8px;\n}<\/style><div class=\"btn-align-center\"><a href=\"https:\/\/www.cornix.be\/nl\/onze-producten\/cormesh\/\" class=\"default-btn-shortcode dt-btn-link ico-right-side from-center-line  vc_custom_1649250309327\" id=\"default-btn-a4303400bbac6bbf1ec1cb4b21608110\" title=\"CorMesh\u00ae : scheidingswanden\"><span>Meer weten<\/span><i class=\"dt-icon-the7-arrow-0-41\"><\/i><\/a><\/div>[\/vc_column][vc_column css_animation=&#8221;fadeInUp&#8221; width=&#8221;1\/2&#8243;][vc_single_image image=&#8221;1018&#8243; img_size=&#8221;600&#215;350&#8243; alignment=&#8221;center&#8221; css=&#8221;.vc_custom_1613555921708{border-bottom-width: 6px !important;border-bottom-color: #cb2821 !important;border-bottom-style: solid !important;}&#8221;][vc_column_text css=&#8221;.vc_custom_1630567144754{margin-bottom: 20px !important;}&#8221;]<\/p>\n<h3 style=\"text-align: center;\">Alumel\u00ae<br \/>\nscheidingswanden voor kantoren en bureaus<\/h3>\n<p>[\/vc_column_text]<style type=\"text\/css\" data-type=\"the7_shortcodes-inline-css\">#default-btn-a7b774fffaddd3351d109d9018ff07c1 {\n  font-size: 15px;\n  line-height: 17px;\n  font-weight: bold;\n  padding: 0px 0px 10px 0px;\n}\n#default-btn-a7b774fffaddd3351d109d9018ff07c1.ico-right-side > i {\n  margin-right: 0px;\n  margin-left: 8px;\n}\n#default-btn-a7b774fffaddd3351d109d9018ff07c1:after {\n  height: 4px;\n  background: #cb2821 !important;\n}\n#default-btn-a7b774fffaddd3351d109d9018ff07c1 > i {\n  margin-right: 8px;\n  font-size: 18px;\n}\n#default-btn-a7b774fffaddd3351d109d9018ff07c1.ico-right-side > i {\n  margin-right: 0px;\n  margin-left: 8px;\n}\n#default-btn-a7b774fffaddd3351d109d9018ff07c1 > i {\n  margin-right: 8px;\n}<\/style><div class=\"btn-align-center\"><a href=\"https:\/\/www.cornix.be\/nl\/alumel\/\" class=\"default-btn-shortcode dt-btn-link ico-right-side from-center-line  vc_custom_1630567200386\" id=\"default-btn-a7b774fffaddd3351d109d9018ff07c1\" title=\"Alumel\u00ae: scheidingswanden voor kantoren en bureaus\"><span>Meer weten<\/span><i class=\"dt-icon-the7-arrow-0-41\"><\/i><\/a><\/div>[\/vc_column][\/vc_row][vc_row gap=&#8221;20&#8243; content_placement=&#8221;middle&#8221; css=&#8221;.vc_custom_1613401441443{margin-top: 30px !important;}&#8221;][vc_column width=&#8221;2\/3&#8243; offset=&#8221;vc_col-lg-9&#8243;][vc_column_text]<\/p>\n<h2>Gratis en vrijblijvende offerte<\/h2>\n<p>Wenst u uw interieur opnieuw in te richten door de plaatsing van wanden? Wilt u de veiligheid van uw werknemers garanderen door uw palletrekken uit te rusten met antivalroosters? Of wilt u uw magazijn beter beschermen tegen weersomstandigheden? <strong>Vraag een prijsraming.<\/strong> Onze adviseurs helpen u graag met het vinden van de ideale oplossing.[\/vc_column_text][\/vc_column][vc_column width=&#8221;1\/3&#8243; offset=&#8221;vc_col-lg-3&#8243;]<style type=\"text\/css\" data-type=\"the7_shortcodes-inline-css\">#default-btn-04b586d9f3c6c29ad7d244c8d0fe8682.ico-right-side > i {\n  margin-right: 0px;\n  margin-left: 8px;\n}\n#default-btn-04b586d9f3c6c29ad7d244c8d0fe8682 > i {\n  margin-right: 8px;\n}<\/style><a href=\"https:\/\/www.cornix.be\/nl\/offerte\/\" class=\"default-btn-shortcode dt-btn dt-btn-l link-hover-off full-width-btn btn-inline-left \" id=\"default-btn-04b586d9f3c6c29ad7d244c8d0fe8682\" title=\"Devis\"><span>Vraag uw offerte<\/span><\/a>[\/vc_column][\/vc_row]<\/p>\n<\/div>","protected":false},"excerpt":{"rendered":"<p>[vc_row content_placement=&#8221;bottom&#8221; bg_type=&#8221;grad&#8221; bg_override=&#8221;ex-full&#8221; bg_grad=&#8221;background: -webkit-gradient(linear, left top, left bottom, color-stop(60%, #FFFFFF), color-stop(60%, #DEDEE2));background: -moz-linear-gradient(top,#FFFFFF 60%,#DEDEE2 60%);background: -webkit-linear-gradient(top,#FFFFFF 60%,#DEDEE2 60%);background: -o-linear-gradient(top,#FFFFFF 60%,#DEDEE2 60%);background: -ms-linear-gradient(top,#FFFFFF 60%,#DEDEE2 60%);background: linear-gradient(top,#FFFFFF 60%,#DEDEE2 60%);&#8221;][vc_column css=&#8221;.vc_custom_1621350980761{background-position: center !important;background-repeat: no-repeat !important;background-size: cover !important;}&#8221; el_class=&#8221;custom-height&#8221;][\/vc_column][\/vc_row][vc_row gap=&#8221;20&#8243; content_placement=&#8221;bottom&#8221; bg_type=&#8221;bg_color&#8221; bg_override=&#8221;ex-full&#8221; bg_color_value=&#8221;#dedee2&#8243; css=&#8221;.vc_custom_1613402983649{padding-right: 15px !important;padding-left: 15px !important;}&#8221;][vc_column width=&#8221;3\/5&#8243; css=&#8221;.vc_custom_1603375169633{padding-top: 50px !important;padding-bottom: 50px !important;background-position: center !important;background-repeat:&hellip;<\/p>\n","protected":false},"author":1,"featured_media":0,"parent":2330,"menu_order":5,"comment_status":"closed","ping_status":"closed","template":"","meta":{"_acf_changed":false,"footnotes":""},"class_list":["post-2454","page","type-page","status-publish","hentry","description-off"],"acf":[],"yoast_head":"<!-- This site is optimized with the Yoast SEO plugin v27.4 - https:\/\/yoast.com\/product\/yoast-seo-wordpress\/ -->\n<title>Ruimtes beschermen en indelen dankzij scheidingswanden | CORNIX\u00ae<\/title>\n<meta name=\"description\" content=\"Hoogte, breedte, dikte, ... Zorg voor een effici\u00ebnte indeling van uw ruimte dankzij scheidingswanden en cre\u00eber gemakkelijk nieuwe ruimtes!\" \/>\n<meta name=\"robots\" content=\"index, follow, max-snippet:-1, max-image-preview:large, max-video-preview:-1\" \/>\n<link rel=\"canonical\" href=\"https:\/\/www.cornix.be\/nl\/uw-behoeften\/scheidingswanden\/\" \/>\n<meta property=\"og:locale\" content=\"nl_NL\" \/>\n<meta property=\"og:type\" content=\"article\" \/>\n<meta property=\"og:title\" content=\"Ruimtes beschermen en indelen dankzij scheidingswanden | CORNIX\u00ae\" \/>\n<meta property=\"og:description\" content=\"Hoogte, breedte, dikte, ... Zorg voor een effici\u00ebnte indeling van uw ruimte dankzij scheidingswanden en cre\u00eber gemakkelijk nieuwe ruimtes!\" \/>\n<meta property=\"og:url\" content=\"https:\/\/www.cornix.be\/nl\/uw-behoeften\/scheidingswanden\/\" \/>\n<meta property=\"og:site_name\" content=\"Cornix\" \/>\n<meta property=\"article:modified_time\" content=\"2022-04-07T12:12:48+00:00\" \/>\n<meta name=\"twitter:card\" content=\"summary_large_image\" \/>\n<meta name=\"twitter:label1\" content=\"Geschatte leestijd\" \/>\n\t<meta name=\"twitter:data1\" content=\"3 minuten\" \/>\n<script type=\"application\/ld+json\" class=\"yoast-schema-graph\">{\"@context\":\"https:\\\/\\\/schema.org\",\"@graph\":[{\"@type\":\"WebPage\",\"@id\":\"https:\\\/\\\/www.cornix.be\\\/nl\\\/uw-behoeften\\\/scheidingswanden\\\/\",\"url\":\"https:\\\/\\\/www.cornix.be\\\/nl\\\/uw-behoeften\\\/scheidingswanden\\\/\",\"name\":\"Ruimtes beschermen en indelen dankzij scheidingswanden | CORNIX\u00ae\",\"isPartOf\":{\"@id\":\"https:\\\/\\\/www.cornix.be\\\/#website\"},\"datePublished\":\"2020-11-25T10:02:02+00:00\",\"dateModified\":\"2022-04-07T12:12:48+00:00\",\"description\":\"Hoogte, breedte, dikte, ... Zorg voor een effici\u00ebnte indeling van uw ruimte dankzij scheidingswanden en cre\u00eber gemakkelijk nieuwe ruimtes!\",\"breadcrumb\":{\"@id\":\"https:\\\/\\\/www.cornix.be\\\/nl\\\/uw-behoeften\\\/scheidingswanden\\\/#breadcrumb\"},\"inLanguage\":\"nl-NL\",\"potentialAction\":[{\"@type\":\"ReadAction\",\"target\":[\"https:\\\/\\\/www.cornix.be\\\/nl\\\/uw-behoeften\\\/scheidingswanden\\\/\"]}]},{\"@type\":\"BreadcrumbList\",\"@id\":\"https:\\\/\\\/www.cornix.be\\\/nl\\\/uw-behoeften\\\/scheidingswanden\\\/#breadcrumb\",\"itemListElement\":[{\"@type\":\"ListItem\",\"position\":1,\"name\":\"Home\",\"item\":\"https:\\\/\\\/www.cornix.be\\\/nl\\\/\"},{\"@type\":\"ListItem\",\"position\":2,\"name\":\"Uw behoeften\",\"item\":\"https:\\\/\\\/www.cornix.be\\\/nl\\\/uw-behoeften\\\/\"},{\"@type\":\"ListItem\",\"position\":3,\"name\":\"Scheidingswanden\"}]},{\"@type\":\"WebSite\",\"@id\":\"https:\\\/\\\/www.cornix.be\\\/#website\",\"url\":\"https:\\\/\\\/www.cornix.be\\\/\",\"name\":\"Cornix\",\"description\":\"\",\"potentialAction\":[{\"@type\":\"SearchAction\",\"target\":{\"@type\":\"EntryPoint\",\"urlTemplate\":\"https:\\\/\\\/www.cornix.be\\\/?s={search_term_string}\"},\"query-input\":{\"@type\":\"PropertyValueSpecification\",\"valueRequired\":true,\"valueName\":\"search_term_string\"}}],\"inLanguage\":\"nl-NL\"}]}<\/script>\n<!-- \/ Yoast SEO plugin. -->","yoast_head_json":{"title":"Ruimtes beschermen en indelen dankzij scheidingswanden | CORNIX\u00ae","description":"Hoogte, breedte, dikte, ... Zorg voor een effici\u00ebnte indeling van uw ruimte dankzij scheidingswanden en cre\u00eber gemakkelijk nieuwe ruimtes!","robots":{"index":"index","follow":"follow","max-snippet":"max-snippet:-1","max-image-preview":"max-image-preview:large","max-video-preview":"max-video-preview:-1"},"canonical":"https:\/\/www.cornix.be\/nl\/uw-behoeften\/scheidingswanden\/","og_locale":"nl_NL","og_type":"article","og_title":"Ruimtes beschermen en indelen dankzij scheidingswanden | CORNIX\u00ae","og_description":"Hoogte, breedte, dikte, ... Zorg voor een effici\u00ebnte indeling van uw ruimte dankzij scheidingswanden en cre\u00eber gemakkelijk nieuwe ruimtes!","og_url":"https:\/\/www.cornix.be\/nl\/uw-behoeften\/scheidingswanden\/","og_site_name":"Cornix","article_modified_time":"2022-04-07T12:12:48+00:00","twitter_card":"summary_large_image","twitter_misc":{"Geschatte leestijd":"3 minuten"},"schema":{"@context":"https:\/\/schema.org","@graph":[{"@type":"WebPage","@id":"https:\/\/www.cornix.be\/nl\/uw-behoeften\/scheidingswanden\/","url":"https:\/\/www.cornix.be\/nl\/uw-behoeften\/scheidingswanden\/","name":"Ruimtes beschermen en indelen dankzij scheidingswanden | CORNIX\u00ae","isPartOf":{"@id":"https:\/\/www.cornix.be\/#website"},"datePublished":"2020-11-25T10:02:02+00:00","dateModified":"2022-04-07T12:12:48+00:00","description":"Hoogte, breedte, dikte, ... Zorg voor een effici\u00ebnte indeling van uw ruimte dankzij scheidingswanden en cre\u00eber gemakkelijk nieuwe ruimtes!","breadcrumb":{"@id":"https:\/\/www.cornix.be\/nl\/uw-behoeften\/scheidingswanden\/#breadcrumb"},"inLanguage":"nl-NL","potentialAction":[{"@type":"ReadAction","target":["https:\/\/www.cornix.be\/nl\/uw-behoeften\/scheidingswanden\/"]}]},{"@type":"BreadcrumbList","@id":"https:\/\/www.cornix.be\/nl\/uw-behoeften\/scheidingswanden\/#breadcrumb","itemListElement":[{"@type":"ListItem","position":1,"name":"Home","item":"https:\/\/www.cornix.be\/nl\/"},{"@type":"ListItem","position":2,"name":"Uw behoeften","item":"https:\/\/www.cornix.be\/nl\/uw-behoeften\/"},{"@type":"ListItem","position":3,"name":"Scheidingswanden"}]},{"@type":"WebSite","@id":"https:\/\/www.cornix.be\/#website","url":"https:\/\/www.cornix.be\/","name":"Cornix","description":"","potentialAction":[{"@type":"SearchAction","target":{"@type":"EntryPoint","urlTemplate":"https:\/\/www.cornix.be\/?s={search_term_string}"},"query-input":{"@type":"PropertyValueSpecification","valueRequired":true,"valueName":"search_term_string"}}],"inLanguage":"nl-NL"}]}},"jetpack_sharing_enabled":true,"_links":{"self":[{"href":"https:\/\/www.cornix.be\/nl\/wp-json\/wp\/v2\/pages\/2454","targetHints":{"allow":["GET"]}}],"collection":[{"href":"https:\/\/www.cornix.be\/nl\/wp-json\/wp\/v2\/pages"}],"about":[{"href":"https:\/\/www.cornix.be\/nl\/wp-json\/wp\/v2\/types\/page"}],"author":[{"embeddable":true,"href":"https:\/\/www.cornix.be\/nl\/wp-json\/wp\/v2\/users\/1"}],"replies":[{"embeddable":true,"href":"https:\/\/www.cornix.be\/nl\/wp-json\/wp\/v2\/comments?post=2454"}],"version-history":[{"count":4,"href":"https:\/\/www.cornix.be\/nl\/wp-json\/wp\/v2\/pages\/2454\/revisions"}],"predecessor-version":[{"id":4761,"href":"https:\/\/www.cornix.be\/nl\/wp-json\/wp\/v2\/pages\/2454\/revisions\/4761"}],"up":[{"embeddable":true,"href":"https:\/\/www.cornix.be\/nl\/wp-json\/wp\/v2\/pages\/2330"}],"wp:attachment":[{"href":"https:\/\/www.cornix.be\/nl\/wp-json\/wp\/v2\/media?parent=2454"}],"curies":[{"name":"wp","href":"https:\/\/api.w.org\/{rel}","templated":true}]}}