{"id":5158,"date":"2022-05-02T13:59:08","date_gmt":"2022-05-02T11:59:08","guid":{"rendered":"https:\/\/www.cornix.be\/boutique\/rack-a-palettes-redirack-red220326d\/"},"modified":"2022-05-02T16:43:28","modified_gmt":"2022-05-02T14:43:28","slug":"rack-a-palettes-redirack-red220326d","status":"publish","type":"product","link":"https:\/\/www.cornix.be\/en\/shop\/rack-a-palettes-redirack-red220326d\/","title":{"rendered":"Rack \u00e0 palettes REDIRACK"},"content":{"rendered":"","protected":false},"excerpt":{"rendered":"<p>1 rack \u00e0 palettes avec une longueur de 8521 mm (3\u00d72707+4\u00d7100)<\/p>\n<ul>\n<li>Profondeur 1000 mm<\/li>\n<li>Hauteur 4200 mm<\/li>\n<li>Nombre de niveaux : sol + 3<\/li>\n<li>2400 kg\/paire de longerons<\/li>\n<\/ul>\n","protected":false},"featured_media":2191,"comment_status":"closed","ping_status":"closed","template":"","meta":{"_acf_changed":false},"product_brand":[],"product_cat":[123,101,114],"product_tag":[],"class_list":{"0":"post-5158","1":"product","2":"type-product","3":"status-publish","4":"has-post-thumbnail","6":"product_cat-adjustable-pallet-racking","7":"product_cat-redirack-4","8":"product_cat-ok-market-en","9":"description-off","11":"first","12":"instock","13":"taxable","14":"shipping-taxable","15":"purchasable","16":"product-type-simple"},"acf":[],"yoast_head":"<!-- This site is optimized with the Yoast SEO plugin v27.3 - https:\/\/yoast.com\/product\/yoast-seo-wordpress\/ -->\n<title>Rack \u00e0 palettes REDIRACK - Cornix<\/title>\n<meta name=\"robots\" content=\"index, follow, max-snippet:-1, max-image-preview:large, max-video-preview:-1\" \/>\n<link rel=\"canonical\" href=\"https:\/\/www.cornix.be\/en\/shop\/rack-a-palettes-redirack-red220326d\/\" \/>\n<meta property=\"og:locale\" content=\"en_US\" \/>\n<meta property=\"og:type\" content=\"article\" \/>\n<meta property=\"og:title\" content=\"Rack \u00e0 palettes REDIRACK - Cornix\" \/>\n<meta property=\"og:description\" content=\"1 rack \u00e0 palettes avec une longueur de 8521 mm (3\u00d72707+4\u00d7100)   Profondeur 1000 mm  Hauteur 4200 mm  Nombre de niveaux : sol + 3  2400 kg\/paire de longerons\" \/>\n<meta property=\"og:url\" content=\"https:\/\/www.cornix.be\/en\/shop\/rack-a-palettes-redirack-red220326d\/\" \/>\n<meta property=\"og:site_name\" content=\"Cornix\" \/>\n<meta property=\"article:modified_time\" content=\"2022-05-02T14:43:28+00:00\" \/>\n<meta property=\"og:image\" content=\"https:\/\/www.cornix.be\/wp-content\/uploads\/2021\/06\/redirack.jpg\" \/>\n\t<meta property=\"og:image:width\" content=\"1248\" \/>\n\t<meta property=\"og:image:height\" content=\"1197\" \/>\n\t<meta property=\"og:image:type\" content=\"image\/jpeg\" \/>\n<meta name=\"twitter:card\" content=\"summary_large_image\" \/>\n<script type=\"application\/ld+json\" class=\"yoast-schema-graph\">{\"@context\":\"https:\\\/\\\/schema.org\",\"@graph\":[{\"@type\":\"WebPage\",\"@id\":\"https:\\\/\\\/www.cornix.be\\\/en\\\/shop\\\/rack-a-palettes-redirack-red220326d\\\/\",\"url\":\"https:\\\/\\\/www.cornix.be\\\/en\\\/shop\\\/rack-a-palettes-redirack-red220326d\\\/\",\"name\":\"Rack \u00e0 palettes REDIRACK - Cornix\",\"isPartOf\":{\"@id\":\"https:\\\/\\\/www.cornix.be\\\/#website\"},\"primaryImageOfPage\":{\"@id\":\"https:\\\/\\\/www.cornix.be\\\/en\\\/shop\\\/rack-a-palettes-redirack-red220326d\\\/#primaryimage\"},\"image\":{\"@id\":\"https:\\\/\\\/www.cornix.be\\\/en\\\/shop\\\/rack-a-palettes-redirack-red220326d\\\/#primaryimage\"},\"thumbnailUrl\":\"https:\\\/\\\/www.cornix.be\\\/wp-content\\\/uploads\\\/2021\\\/06\\\/redirack.jpg\",\"datePublished\":\"2022-05-02T11:59:08+00:00\",\"dateModified\":\"2022-05-02T14:43:28+00:00\",\"breadcrumb\":{\"@id\":\"https:\\\/\\\/www.cornix.be\\\/en\\\/shop\\\/rack-a-palettes-redirack-red220326d\\\/#breadcrumb\"},\"inLanguage\":\"en-US\",\"potentialAction\":[{\"@type\":\"ReadAction\",\"target\":[\"https:\\\/\\\/www.cornix.be\\\/en\\\/shop\\\/rack-a-palettes-redirack-red220326d\\\/\"]}]},{\"@type\":\"ImageObject\",\"inLanguage\":\"en-US\",\"@id\":\"https:\\\/\\\/www.cornix.be\\\/en\\\/shop\\\/rack-a-palettes-redirack-red220326d\\\/#primaryimage\",\"url\":\"https:\\\/\\\/www.cornix.be\\\/wp-content\\\/uploads\\\/2021\\\/06\\\/redirack.jpg\",\"contentUrl\":\"https:\\\/\\\/www.cornix.be\\\/wp-content\\\/uploads\\\/2021\\\/06\\\/redirack.jpg\",\"width\":1248,\"height\":1197,\"caption\":\"Cornix, votre fournisseur pour vos racks \u00e0 palettes\"},{\"@type\":\"BreadcrumbList\",\"@id\":\"https:\\\/\\\/www.cornix.be\\\/en\\\/shop\\\/rack-a-palettes-redirack-red220326d\\\/#breadcrumb\",\"itemListElement\":[{\"@type\":\"ListItem\",\"position\":1,\"name\":\"Home\",\"item\":\"https:\\\/\\\/www.cornix.be\\\/en\\\/\"},{\"@type\":\"ListItem\",\"position\":2,\"name\":\"OK Market\",\"item\":\"https:\\\/\\\/www.cornix.be\\\/en\\\/shop\\\/\"},{\"@type\":\"ListItem\",\"position\":3,\"name\":\"Rack \u00e0 palettes REDIRACK\"}]},{\"@type\":\"WebSite\",\"@id\":\"https:\\\/\\\/www.cornix.be\\\/#website\",\"url\":\"https:\\\/\\\/www.cornix.be\\\/\",\"name\":\"Cornix\",\"description\":\"\",\"potentialAction\":[{\"@type\":\"SearchAction\",\"target\":{\"@type\":\"EntryPoint\",\"urlTemplate\":\"https:\\\/\\\/www.cornix.be\\\/?s={search_term_string}\"},\"query-input\":{\"@type\":\"PropertyValueSpecification\",\"valueRequired\":true,\"valueName\":\"search_term_string\"}}],\"inLanguage\":\"en-US\"}]}<\/script>\n<!-- \/ Yoast SEO plugin. -->","yoast_head_json":{"title":"Rack \u00e0 palettes REDIRACK - Cornix","robots":{"index":"index","follow":"follow","max-snippet":"max-snippet:-1","max-image-preview":"max-image-preview:large","max-video-preview":"max-video-preview:-1"},"canonical":"https:\/\/www.cornix.be\/en\/shop\/rack-a-palettes-redirack-red220326d\/","og_locale":"en_US","og_type":"article","og_title":"Rack \u00e0 palettes REDIRACK - Cornix","og_description":"1 rack \u00e0 palettes avec une longueur de 8521 mm (3\u00d72707+4\u00d7100)   Profondeur 1000 mm  Hauteur 4200 mm  Nombre de niveaux : sol + 3  2400 kg\/paire de longerons","og_url":"https:\/\/www.cornix.be\/en\/shop\/rack-a-palettes-redirack-red220326d\/","og_site_name":"Cornix","article_modified_time":"2022-05-02T14:43:28+00:00","og_image":[{"width":1248,"height":1197,"url":"https:\/\/www.cornix.be\/wp-content\/uploads\/2021\/06\/redirack.jpg","type":"image\/jpeg"}],"twitter_card":"summary_large_image","schema":{"@context":"https:\/\/schema.org","@graph":[{"@type":"WebPage","@id":"https:\/\/www.cornix.be\/en\/shop\/rack-a-palettes-redirack-red220326d\/","url":"https:\/\/www.cornix.be\/en\/shop\/rack-a-palettes-redirack-red220326d\/","name":"Rack \u00e0 palettes REDIRACK - Cornix","isPartOf":{"@id":"https:\/\/www.cornix.be\/#website"},"primaryImageOfPage":{"@id":"https:\/\/www.cornix.be\/en\/shop\/rack-a-palettes-redirack-red220326d\/#primaryimage"},"image":{"@id":"https:\/\/www.cornix.be\/en\/shop\/rack-a-palettes-redirack-red220326d\/#primaryimage"},"thumbnailUrl":"https:\/\/www.cornix.be\/wp-content\/uploads\/2021\/06\/redirack.jpg","datePublished":"2022-05-02T11:59:08+00:00","dateModified":"2022-05-02T14:43:28+00:00","breadcrumb":{"@id":"https:\/\/www.cornix.be\/en\/shop\/rack-a-palettes-redirack-red220326d\/#breadcrumb"},"inLanguage":"en-US","potentialAction":[{"@type":"ReadAction","target":["https:\/\/www.cornix.be\/en\/shop\/rack-a-palettes-redirack-red220326d\/"]}]},{"@type":"ImageObject","inLanguage":"en-US","@id":"https:\/\/www.cornix.be\/en\/shop\/rack-a-palettes-redirack-red220326d\/#primaryimage","url":"https:\/\/www.cornix.be\/wp-content\/uploads\/2021\/06\/redirack.jpg","contentUrl":"https:\/\/www.cornix.be\/wp-content\/uploads\/2021\/06\/redirack.jpg","width":1248,"height":1197,"caption":"Cornix, votre fournisseur pour vos racks \u00e0 palettes"},{"@type":"BreadcrumbList","@id":"https:\/\/www.cornix.be\/en\/shop\/rack-a-palettes-redirack-red220326d\/#breadcrumb","itemListElement":[{"@type":"ListItem","position":1,"name":"Home","item":"https:\/\/www.cornix.be\/en\/"},{"@type":"ListItem","position":2,"name":"OK Market","item":"https:\/\/www.cornix.be\/en\/shop\/"},{"@type":"ListItem","position":3,"name":"Rack \u00e0 palettes REDIRACK"}]},{"@type":"WebSite","@id":"https:\/\/www.cornix.be\/#website","url":"https:\/\/www.cornix.be\/","name":"Cornix","description":"","potentialAction":[{"@type":"SearchAction","target":{"@type":"EntryPoint","urlTemplate":"https:\/\/www.cornix.be\/?s={search_term_string}"},"query-input":{"@type":"PropertyValueSpecification","valueRequired":true,"valueName":"search_term_string"}}],"inLanguage":"en-US"}]}},"jetpack_sharing_enabled":true,"_links":{"self":[{"href":"https:\/\/www.cornix.be\/en\/wp-json\/wp\/v2\/product\/5158","targetHints":{"allow":["GET"]}}],"collection":[{"href":"https:\/\/www.cornix.be\/en\/wp-json\/wp\/v2\/product"}],"about":[{"href":"https:\/\/www.cornix.be\/en\/wp-json\/wp\/v2\/types\/product"}],"replies":[{"embeddable":true,"href":"https:\/\/www.cornix.be\/en\/wp-json\/wp\/v2\/comments?post=5158"}],"wp:featuredmedia":[{"embeddable":true,"href":"https:\/\/www.cornix.be\/en\/wp-json\/wp\/v2\/media\/2191"}],"wp:attachment":[{"href":"https:\/\/www.cornix.be\/en\/wp-json\/wp\/v2\/media?parent=5158"}],"wp:term":[{"taxonomy":"product_brand","embeddable":true,"href":"https:\/\/www.cornix.be\/en\/wp-json\/wp\/v2\/product_brand?post=5158"},{"taxonomy":"product_cat","embeddable":true,"href":"https:\/\/www.cornix.be\/en\/wp-json\/wp\/v2\/product_cat?post=5158"},{"taxonomy":"product_tag","embeddable":true,"href":"https:\/\/www.cornix.be\/en\/wp-json\/wp\/v2\/product_tag?post=5158"}],"curies":[{"name":"wp","href":"https:\/\/api.w.org\/{rel}","templated":true}]}}