{"id":3334,"date":"2021-06-01T17:01:17","date_gmt":"2021-06-01T15:01:17","guid":{"rendered":"https:\/\/cornix.poush.be\/boutique\/chariot-plate-forme-910x450-avec-1-poignee-non-monte\/"},"modified":"2022-06-24T11:24:18","modified_gmt":"2022-06-24T09:24:18","slug":"chariot-plate-forme-910x450-avec-1-poignee-non-monte","status":"publish","type":"product","link":"https:\/\/www.cornix.be\/en\/shop\/chariot-plate-forme-910x450-avec-1-poignee-non-monte\/","title":{"rendered":"Chariot plate-forme 910&#215;450 avec 1 poign\u00e9e, non mont\u00e9"},"content":{"rendered":"","protected":false},"excerpt":{"rendered":"<p>Chariot plate-forme avec 1 poign\u00e9e, non mont\u00e9. Plateau 910&#215;450, charge 200 kg. 2 roues fixes et 2 pivotantes. Bleu ral 5010.<\/p>\n","protected":false},"featured_media":4659,"comment_status":"closed","ping_status":"closed","template":"","meta":{"_acf_changed":false},"product_brand":[],"product_cat":[115,114],"product_tag":[],"class_list":{"0":"post-3334","1":"product","2":"type-product","3":"status-publish","4":"has-post-thumbnail","6":"product_cat-trolleys-trucks","7":"product_cat-ok-market-en","8":"description-off","10":"first","11":"instock","12":"sale","13":"taxable","14":"shipping-taxable","15":"purchasable","16":"product-type-simple"},"acf":[],"yoast_head":"<!-- This site is optimized with the Yoast SEO plugin v27.4 - https:\/\/yoast.com\/product\/yoast-seo-wordpress\/ -->\n<title>Chariot plate-forme 910x450 avec 1 poign\u00e9e, non mont\u00e9 - Cornix<\/title>\n<meta name=\"robots\" content=\"index, follow, max-snippet:-1, max-image-preview:large, max-video-preview:-1\" \/>\n<link rel=\"canonical\" href=\"https:\/\/www.cornix.be\/en\/shop\/chariot-plate-forme-910x450-avec-1-poignee-non-monte\/\" \/>\n<meta property=\"og:locale\" content=\"en_US\" \/>\n<meta property=\"og:type\" content=\"article\" \/>\n<meta property=\"og:title\" content=\"Chariot plate-forme 910x450 avec 1 poign\u00e9e, non mont\u00e9 - Cornix\" \/>\n<meta property=\"og:description\" content=\"Chariot plate-forme avec 1 poign\u00e9e, non mont\u00e9. Plateau 910x450, charge 200 kg. 2 roues fixes et 2 pivotantes. Bleu ral 5010.\" \/>\n<meta property=\"og:url\" content=\"https:\/\/www.cornix.be\/en\/shop\/chariot-plate-forme-910x450-avec-1-poignee-non-monte\/\" \/>\n<meta property=\"og:site_name\" content=\"Cornix\" \/>\n<meta property=\"article:modified_time\" content=\"2022-06-24T09:24:18+00:00\" \/>\n<meta property=\"og:image\" content=\"https:\/\/www.cornix.be\/wp-content\/uploads\/2021\/06\/92-thickbox_default.jpeg\" \/>\n\t<meta property=\"og:image:width\" content=\"800\" \/>\n\t<meta property=\"og:image:height\" content=\"800\" \/>\n\t<meta property=\"og:image:type\" content=\"image\/jpeg\" \/>\n<meta name=\"twitter:card\" content=\"summary_large_image\" \/>\n<script type=\"application\/ld+json\" class=\"yoast-schema-graph\">{\"@context\":\"https:\\\/\\\/schema.org\",\"@graph\":[{\"@type\":\"WebPage\",\"@id\":\"https:\\\/\\\/www.cornix.be\\\/en\\\/shop\\\/chariot-plate-forme-910x450-avec-1-poignee-non-monte\\\/\",\"url\":\"https:\\\/\\\/www.cornix.be\\\/en\\\/shop\\\/chariot-plate-forme-910x450-avec-1-poignee-non-monte\\\/\",\"name\":\"Chariot plate-forme 910x450 avec 1 poign\u00e9e, non mont\u00e9 - Cornix\",\"isPartOf\":{\"@id\":\"https:\\\/\\\/www.cornix.be\\\/#website\"},\"primaryImageOfPage\":{\"@id\":\"https:\\\/\\\/www.cornix.be\\\/en\\\/shop\\\/chariot-plate-forme-910x450-avec-1-poignee-non-monte\\\/#primaryimage\"},\"image\":{\"@id\":\"https:\\\/\\\/www.cornix.be\\\/en\\\/shop\\\/chariot-plate-forme-910x450-avec-1-poignee-non-monte\\\/#primaryimage\"},\"thumbnailUrl\":\"https:\\\/\\\/www.cornix.be\\\/wp-content\\\/uploads\\\/2021\\\/06\\\/92-thickbox_default.jpeg\",\"datePublished\":\"2021-06-01T15:01:17+00:00\",\"dateModified\":\"2022-06-24T09:24:18+00:00\",\"breadcrumb\":{\"@id\":\"https:\\\/\\\/www.cornix.be\\\/en\\\/shop\\\/chariot-plate-forme-910x450-avec-1-poignee-non-monte\\\/#breadcrumb\"},\"inLanguage\":\"en-US\",\"potentialAction\":[{\"@type\":\"ReadAction\",\"target\":[\"https:\\\/\\\/www.cornix.be\\\/en\\\/shop\\\/chariot-plate-forme-910x450-avec-1-poignee-non-monte\\\/\"]}]},{\"@type\":\"ImageObject\",\"inLanguage\":\"en-US\",\"@id\":\"https:\\\/\\\/www.cornix.be\\\/en\\\/shop\\\/chariot-plate-forme-910x450-avec-1-poignee-non-monte\\\/#primaryimage\",\"url\":\"https:\\\/\\\/www.cornix.be\\\/wp-content\\\/uploads\\\/2021\\\/06\\\/92-thickbox_default.jpeg\",\"contentUrl\":\"https:\\\/\\\/www.cornix.be\\\/wp-content\\\/uploads\\\/2021\\\/06\\\/92-thickbox_default.jpeg\",\"width\":800,\"height\":800},{\"@type\":\"BreadcrumbList\",\"@id\":\"https:\\\/\\\/www.cornix.be\\\/en\\\/shop\\\/chariot-plate-forme-910x450-avec-1-poignee-non-monte\\\/#breadcrumb\",\"itemListElement\":[{\"@type\":\"ListItem\",\"position\":1,\"name\":\"Home\",\"item\":\"https:\\\/\\\/www.cornix.be\\\/en\\\/\"},{\"@type\":\"ListItem\",\"position\":2,\"name\":\"OK Market\",\"item\":\"https:\\\/\\\/www.cornix.be\\\/en\\\/shop\\\/\"},{\"@type\":\"ListItem\",\"position\":3,\"name\":\"Chariot plate-forme 910&#215;450 avec 1 poign\u00e9e, non mont\u00e9\"}]},{\"@type\":\"WebSite\",\"@id\":\"https:\\\/\\\/www.cornix.be\\\/#website\",\"url\":\"https:\\\/\\\/www.cornix.be\\\/\",\"name\":\"Cornix\",\"description\":\"\",\"potentialAction\":[{\"@type\":\"SearchAction\",\"target\":{\"@type\":\"EntryPoint\",\"urlTemplate\":\"https:\\\/\\\/www.cornix.be\\\/?s={search_term_string}\"},\"query-input\":{\"@type\":\"PropertyValueSpecification\",\"valueRequired\":true,\"valueName\":\"search_term_string\"}}],\"inLanguage\":\"en-US\"}]}<\/script>\n<!-- \/ Yoast SEO plugin. -->","yoast_head_json":{"title":"Chariot plate-forme 910x450 avec 1 poign\u00e9e, non mont\u00e9 - Cornix","robots":{"index":"index","follow":"follow","max-snippet":"max-snippet:-1","max-image-preview":"max-image-preview:large","max-video-preview":"max-video-preview:-1"},"canonical":"https:\/\/www.cornix.be\/en\/shop\/chariot-plate-forme-910x450-avec-1-poignee-non-monte\/","og_locale":"en_US","og_type":"article","og_title":"Chariot plate-forme 910x450 avec 1 poign\u00e9e, non mont\u00e9 - Cornix","og_description":"Chariot plate-forme avec 1 poign\u00e9e, non mont\u00e9. Plateau 910x450, charge 200 kg. 2 roues fixes et 2 pivotantes. Bleu ral 5010.","og_url":"https:\/\/www.cornix.be\/en\/shop\/chariot-plate-forme-910x450-avec-1-poignee-non-monte\/","og_site_name":"Cornix","article_modified_time":"2022-06-24T09:24:18+00:00","og_image":[{"width":800,"height":800,"url":"https:\/\/www.cornix.be\/wp-content\/uploads\/2021\/06\/92-thickbox_default.jpeg","type":"image\/jpeg"}],"twitter_card":"summary_large_image","schema":{"@context":"https:\/\/schema.org","@graph":[{"@type":"WebPage","@id":"https:\/\/www.cornix.be\/en\/shop\/chariot-plate-forme-910x450-avec-1-poignee-non-monte\/","url":"https:\/\/www.cornix.be\/en\/shop\/chariot-plate-forme-910x450-avec-1-poignee-non-monte\/","name":"Chariot plate-forme 910x450 avec 1 poign\u00e9e, non mont\u00e9 - Cornix","isPartOf":{"@id":"https:\/\/www.cornix.be\/#website"},"primaryImageOfPage":{"@id":"https:\/\/www.cornix.be\/en\/shop\/chariot-plate-forme-910x450-avec-1-poignee-non-monte\/#primaryimage"},"image":{"@id":"https:\/\/www.cornix.be\/en\/shop\/chariot-plate-forme-910x450-avec-1-poignee-non-monte\/#primaryimage"},"thumbnailUrl":"https:\/\/www.cornix.be\/wp-content\/uploads\/2021\/06\/92-thickbox_default.jpeg","datePublished":"2021-06-01T15:01:17+00:00","dateModified":"2022-06-24T09:24:18+00:00","breadcrumb":{"@id":"https:\/\/www.cornix.be\/en\/shop\/chariot-plate-forme-910x450-avec-1-poignee-non-monte\/#breadcrumb"},"inLanguage":"en-US","potentialAction":[{"@type":"ReadAction","target":["https:\/\/www.cornix.be\/en\/shop\/chariot-plate-forme-910x450-avec-1-poignee-non-monte\/"]}]},{"@type":"ImageObject","inLanguage":"en-US","@id":"https:\/\/www.cornix.be\/en\/shop\/chariot-plate-forme-910x450-avec-1-poignee-non-monte\/#primaryimage","url":"https:\/\/www.cornix.be\/wp-content\/uploads\/2021\/06\/92-thickbox_default.jpeg","contentUrl":"https:\/\/www.cornix.be\/wp-content\/uploads\/2021\/06\/92-thickbox_default.jpeg","width":800,"height":800},{"@type":"BreadcrumbList","@id":"https:\/\/www.cornix.be\/en\/shop\/chariot-plate-forme-910x450-avec-1-poignee-non-monte\/#breadcrumb","itemListElement":[{"@type":"ListItem","position":1,"name":"Home","item":"https:\/\/www.cornix.be\/en\/"},{"@type":"ListItem","position":2,"name":"OK Market","item":"https:\/\/www.cornix.be\/en\/shop\/"},{"@type":"ListItem","position":3,"name":"Chariot plate-forme 910&#215;450 avec 1 poign\u00e9e, non mont\u00e9"}]},{"@type":"WebSite","@id":"https:\/\/www.cornix.be\/#website","url":"https:\/\/www.cornix.be\/","name":"Cornix","description":"","potentialAction":[{"@type":"SearchAction","target":{"@type":"EntryPoint","urlTemplate":"https:\/\/www.cornix.be\/?s={search_term_string}"},"query-input":{"@type":"PropertyValueSpecification","valueRequired":true,"valueName":"search_term_string"}}],"inLanguage":"en-US"}]}},"jetpack_sharing_enabled":true,"_links":{"self":[{"href":"https:\/\/www.cornix.be\/en\/wp-json\/wp\/v2\/product\/3334","targetHints":{"allow":["GET"]}}],"collection":[{"href":"https:\/\/www.cornix.be\/en\/wp-json\/wp\/v2\/product"}],"about":[{"href":"https:\/\/www.cornix.be\/en\/wp-json\/wp\/v2\/types\/product"}],"replies":[{"embeddable":true,"href":"https:\/\/www.cornix.be\/en\/wp-json\/wp\/v2\/comments?post=3334"}],"wp:featuredmedia":[{"embeddable":true,"href":"https:\/\/www.cornix.be\/en\/wp-json\/wp\/v2\/media\/4659"}],"wp:attachment":[{"href":"https:\/\/www.cornix.be\/en\/wp-json\/wp\/v2\/media?parent=3334"}],"wp:term":[{"taxonomy":"product_brand","embeddable":true,"href":"https:\/\/www.cornix.be\/en\/wp-json\/wp\/v2\/product_brand?post=3334"},{"taxonomy":"product_cat","embeddable":true,"href":"https:\/\/www.cornix.be\/en\/wp-json\/wp\/v2\/product_cat?post=3334"},{"taxonomy":"product_tag","embeddable":true,"href":"https:\/\/www.cornix.be\/en\/wp-json\/wp\/v2\/product_tag?post=3334"}],"curies":[{"name":"wp","href":"https:\/\/api.w.org\/{rel}","templated":true}]}}