{"id":3328,"date":"2021-06-01T17:01:08","date_gmt":"2021-06-01T15:01:08","guid":{"rendered":"https:\/\/cornix.poush.be\/boutique\/poubelle-cendrier-cepoca-blanc\/"},"modified":"2022-01-06T12:27:22","modified_gmt":"2022-01-06T10:27:22","slug":"poubelle-cendrier-cepoca-blanc","status":"publish","type":"product","link":"https:\/\/www.cornix.be\/en\/shop\/poubelle-cendrier-cepoca-blanc\/","title":{"rendered":"Poubelle &#038; cendrier &#8216;cepoca&#8217; blanc"},"content":{"rendered":"","protected":false},"excerpt":{"rendered":"<p>Poubelle &amp; cendrier &#8216;cepoca&#8217; blanc avec seau int\u00e9rieur galvanis\u00e9. Fin de s\u00e9rie avec une remise importante.<\/p>\n","protected":false},"featured_media":4650,"comment_status":"closed","ping_status":"closed","template":"","meta":{"_acf_changed":false},"product_brand":[],"product_cat":[119,114],"product_tag":[],"class_list":{"0":"post-3328","1":"product","2":"type-product","3":"status-publish","4":"has-post-thumbnail","6":"product_cat-ashtrays-bins","7":"product_cat-ok-market-en","8":"description-off","10":"first","11":"instock","12":"sale","13":"taxable","14":"shipping-taxable","15":"purchasable","16":"product-type-simple"},"acf":[],"yoast_head":"<!-- This site is optimized with the Yoast SEO plugin v27.4 - https:\/\/yoast.com\/product\/yoast-seo-wordpress\/ -->\n<title>Poubelle &amp; cendrier &#039;cepoca&#039; blanc - Cornix<\/title>\n<meta name=\"robots\" content=\"index, follow, max-snippet:-1, max-image-preview:large, max-video-preview:-1\" \/>\n<link rel=\"canonical\" href=\"https:\/\/www.cornix.be\/en\/shop\/poubelle-cendrier-cepoca-blanc\/\" \/>\n<meta property=\"og:locale\" content=\"en_US\" \/>\n<meta property=\"og:type\" content=\"article\" \/>\n<meta property=\"og:title\" content=\"Poubelle &amp; cendrier &#039;cepoca&#039; blanc - Cornix\" \/>\n<meta property=\"og:description\" content=\"Poubelle &amp; cendrier &#039;cepoca&#039; blanc avec seau int\u00e9rieur galvanis\u00e9. Fin de s\u00e9rie avec une remise importante.\" \/>\n<meta property=\"og:url\" content=\"https:\/\/www.cornix.be\/en\/shop\/poubelle-cendrier-cepoca-blanc\/\" \/>\n<meta property=\"og:site_name\" content=\"Cornix\" \/>\n<meta property=\"article:modified_time\" content=\"2022-01-06T10:27:22+00:00\" \/>\n<meta property=\"og:image\" content=\"https:\/\/www.cornix.be\/wp-content\/uploads\/2021\/06\/85-thickbox_default.jpeg\" \/>\n\t<meta property=\"og:image:width\" content=\"800\" \/>\n\t<meta property=\"og:image:height\" content=\"800\" \/>\n\t<meta property=\"og:image:type\" content=\"image\/jpeg\" \/>\n<meta name=\"twitter:card\" content=\"summary_large_image\" \/>\n<script type=\"application\/ld+json\" class=\"yoast-schema-graph\">{\"@context\":\"https:\\\/\\\/schema.org\",\"@graph\":[{\"@type\":\"WebPage\",\"@id\":\"https:\\\/\\\/www.cornix.be\\\/en\\\/shop\\\/poubelle-cendrier-cepoca-blanc\\\/\",\"url\":\"https:\\\/\\\/www.cornix.be\\\/en\\\/shop\\\/poubelle-cendrier-cepoca-blanc\\\/\",\"name\":\"Poubelle & cendrier 'cepoca' blanc - Cornix\",\"isPartOf\":{\"@id\":\"https:\\\/\\\/www.cornix.be\\\/#website\"},\"primaryImageOfPage\":{\"@id\":\"https:\\\/\\\/www.cornix.be\\\/en\\\/shop\\\/poubelle-cendrier-cepoca-blanc\\\/#primaryimage\"},\"image\":{\"@id\":\"https:\\\/\\\/www.cornix.be\\\/en\\\/shop\\\/poubelle-cendrier-cepoca-blanc\\\/#primaryimage\"},\"thumbnailUrl\":\"https:\\\/\\\/www.cornix.be\\\/wp-content\\\/uploads\\\/2021\\\/06\\\/85-thickbox_default.jpeg\",\"datePublished\":\"2021-06-01T15:01:08+00:00\",\"dateModified\":\"2022-01-06T10:27:22+00:00\",\"breadcrumb\":{\"@id\":\"https:\\\/\\\/www.cornix.be\\\/en\\\/shop\\\/poubelle-cendrier-cepoca-blanc\\\/#breadcrumb\"},\"inLanguage\":\"en-US\",\"potentialAction\":[{\"@type\":\"ReadAction\",\"target\":[\"https:\\\/\\\/www.cornix.be\\\/en\\\/shop\\\/poubelle-cendrier-cepoca-blanc\\\/\"]}]},{\"@type\":\"ImageObject\",\"inLanguage\":\"en-US\",\"@id\":\"https:\\\/\\\/www.cornix.be\\\/en\\\/shop\\\/poubelle-cendrier-cepoca-blanc\\\/#primaryimage\",\"url\":\"https:\\\/\\\/www.cornix.be\\\/wp-content\\\/uploads\\\/2021\\\/06\\\/85-thickbox_default.jpeg\",\"contentUrl\":\"https:\\\/\\\/www.cornix.be\\\/wp-content\\\/uploads\\\/2021\\\/06\\\/85-thickbox_default.jpeg\",\"width\":800,\"height\":800},{\"@type\":\"BreadcrumbList\",\"@id\":\"https:\\\/\\\/www.cornix.be\\\/en\\\/shop\\\/poubelle-cendrier-cepoca-blanc\\\/#breadcrumb\",\"itemListElement\":[{\"@type\":\"ListItem\",\"position\":1,\"name\":\"Home\",\"item\":\"https:\\\/\\\/www.cornix.be\\\/en\\\/\"},{\"@type\":\"ListItem\",\"position\":2,\"name\":\"OK Market\",\"item\":\"https:\\\/\\\/www.cornix.be\\\/en\\\/shop\\\/\"},{\"@type\":\"ListItem\",\"position\":3,\"name\":\"Poubelle &#038; cendrier &lsquo;cepoca&rsquo; blanc\"}]},{\"@type\":\"WebSite\",\"@id\":\"https:\\\/\\\/www.cornix.be\\\/#website\",\"url\":\"https:\\\/\\\/www.cornix.be\\\/\",\"name\":\"Cornix\",\"description\":\"\",\"potentialAction\":[{\"@type\":\"SearchAction\",\"target\":{\"@type\":\"EntryPoint\",\"urlTemplate\":\"https:\\\/\\\/www.cornix.be\\\/?s={search_term_string}\"},\"query-input\":{\"@type\":\"PropertyValueSpecification\",\"valueRequired\":true,\"valueName\":\"search_term_string\"}}],\"inLanguage\":\"en-US\"}]}<\/script>\n<!-- \/ Yoast SEO plugin. -->","yoast_head_json":{"title":"Poubelle & cendrier 'cepoca' blanc - Cornix","robots":{"index":"index","follow":"follow","max-snippet":"max-snippet:-1","max-image-preview":"max-image-preview:large","max-video-preview":"max-video-preview:-1"},"canonical":"https:\/\/www.cornix.be\/en\/shop\/poubelle-cendrier-cepoca-blanc\/","og_locale":"en_US","og_type":"article","og_title":"Poubelle & cendrier 'cepoca' blanc - Cornix","og_description":"Poubelle &amp; cendrier 'cepoca' blanc avec seau int\u00e9rieur galvanis\u00e9. Fin de s\u00e9rie avec une remise importante.","og_url":"https:\/\/www.cornix.be\/en\/shop\/poubelle-cendrier-cepoca-blanc\/","og_site_name":"Cornix","article_modified_time":"2022-01-06T10:27:22+00:00","og_image":[{"width":800,"height":800,"url":"https:\/\/www.cornix.be\/wp-content\/uploads\/2021\/06\/85-thickbox_default.jpeg","type":"image\/jpeg"}],"twitter_card":"summary_large_image","schema":{"@context":"https:\/\/schema.org","@graph":[{"@type":"WebPage","@id":"https:\/\/www.cornix.be\/en\/shop\/poubelle-cendrier-cepoca-blanc\/","url":"https:\/\/www.cornix.be\/en\/shop\/poubelle-cendrier-cepoca-blanc\/","name":"Poubelle & cendrier 'cepoca' blanc - Cornix","isPartOf":{"@id":"https:\/\/www.cornix.be\/#website"},"primaryImageOfPage":{"@id":"https:\/\/www.cornix.be\/en\/shop\/poubelle-cendrier-cepoca-blanc\/#primaryimage"},"image":{"@id":"https:\/\/www.cornix.be\/en\/shop\/poubelle-cendrier-cepoca-blanc\/#primaryimage"},"thumbnailUrl":"https:\/\/www.cornix.be\/wp-content\/uploads\/2021\/06\/85-thickbox_default.jpeg","datePublished":"2021-06-01T15:01:08+00:00","dateModified":"2022-01-06T10:27:22+00:00","breadcrumb":{"@id":"https:\/\/www.cornix.be\/en\/shop\/poubelle-cendrier-cepoca-blanc\/#breadcrumb"},"inLanguage":"en-US","potentialAction":[{"@type":"ReadAction","target":["https:\/\/www.cornix.be\/en\/shop\/poubelle-cendrier-cepoca-blanc\/"]}]},{"@type":"ImageObject","inLanguage":"en-US","@id":"https:\/\/www.cornix.be\/en\/shop\/poubelle-cendrier-cepoca-blanc\/#primaryimage","url":"https:\/\/www.cornix.be\/wp-content\/uploads\/2021\/06\/85-thickbox_default.jpeg","contentUrl":"https:\/\/www.cornix.be\/wp-content\/uploads\/2021\/06\/85-thickbox_default.jpeg","width":800,"height":800},{"@type":"BreadcrumbList","@id":"https:\/\/www.cornix.be\/en\/shop\/poubelle-cendrier-cepoca-blanc\/#breadcrumb","itemListElement":[{"@type":"ListItem","position":1,"name":"Home","item":"https:\/\/www.cornix.be\/en\/"},{"@type":"ListItem","position":2,"name":"OK Market","item":"https:\/\/www.cornix.be\/en\/shop\/"},{"@type":"ListItem","position":3,"name":"Poubelle &#038; cendrier &lsquo;cepoca&rsquo; blanc"}]},{"@type":"WebSite","@id":"https:\/\/www.cornix.be\/#website","url":"https:\/\/www.cornix.be\/","name":"Cornix","description":"","potentialAction":[{"@type":"SearchAction","target":{"@type":"EntryPoint","urlTemplate":"https:\/\/www.cornix.be\/?s={search_term_string}"},"query-input":{"@type":"PropertyValueSpecification","valueRequired":true,"valueName":"search_term_string"}}],"inLanguage":"en-US"}]}},"jetpack_sharing_enabled":true,"_links":{"self":[{"href":"https:\/\/www.cornix.be\/en\/wp-json\/wp\/v2\/product\/3328","targetHints":{"allow":["GET"]}}],"collection":[{"href":"https:\/\/www.cornix.be\/en\/wp-json\/wp\/v2\/product"}],"about":[{"href":"https:\/\/www.cornix.be\/en\/wp-json\/wp\/v2\/types\/product"}],"replies":[{"embeddable":true,"href":"https:\/\/www.cornix.be\/en\/wp-json\/wp\/v2\/comments?post=3328"}],"wp:featuredmedia":[{"embeddable":true,"href":"https:\/\/www.cornix.be\/en\/wp-json\/wp\/v2\/media\/4650"}],"wp:attachment":[{"href":"https:\/\/www.cornix.be\/en\/wp-json\/wp\/v2\/media?parent=3328"}],"wp:term":[{"taxonomy":"product_brand","embeddable":true,"href":"https:\/\/www.cornix.be\/en\/wp-json\/wp\/v2\/product_brand?post=3328"},{"taxonomy":"product_cat","embeddable":true,"href":"https:\/\/www.cornix.be\/en\/wp-json\/wp\/v2\/product_cat?post=3328"},{"taxonomy":"product_tag","embeddable":true,"href":"https:\/\/www.cornix.be\/en\/wp-json\/wp\/v2\/product_tag?post=3328"}],"curies":[{"name":"wp","href":"https:\/\/api.w.org\/{rel}","templated":true}]}}