{"id":2473,"date":"2020-11-25T12:02:38","date_gmt":"2020-11-25T10:02:38","guid":{"rendered":"https:\/\/cornix.poush.be\/vos-besoins\/magasins-et-showrooms-archives-et-bureaux\/"},"modified":"2022-04-07T14:21:25","modified_gmt":"2022-04-07T12:21:25","slug":"shops-showrooms-archives-and-offices","status":"publish","type":"page","link":"https:\/\/www.cornix.be\/en\/your-needs\/shops-showrooms-archives-and-offices\/","title":{"rendered":"Shops, showrooms, archives and offices"},"content":{"rendered":"<div class=\"wpb-content-wrapper\"><p>[vc_row content_placement=&#8221;bottom&#8221; bg_type=&#8221;grad&#8221; bg_override=&#8221;ex-full&#8221; bg_grad=&#8221;background: -webkit-gradient(linear, left top, left bottom, color-stop(60%, #FFFFFF), color-stop(60%, #DEDEE2));background: -moz-linear-gradient(top,#FFFFFF 60%,#DEDEE2 60%);background: -webkit-linear-gradient(top,#FFFFFF 60%,#DEDEE2 60%);background: -o-linear-gradient(top,#FFFFFF 60%,#DEDEE2 60%);background: -ms-linear-gradient(top,#FFFFFF 60%,#DEDEE2 60%);background: linear-gradient(top,#FFFFFF 60%,#DEDEE2 60%);&#8221;][vc_column css=&#8221;.vc_custom_1621350980761{background-position: center !important;background-repeat: no-repeat !important;background-size: cover !important;}&#8221; el_class=&#8221;custom-height&#8221;]\n\t\t\t<!-- START magasins en REVOLUTION SLIDER 6.7.38 --><p class=\"rs-p-wp-fix\"><\/p>\n\t\t\t<rs-module-wrap id=\"rev_slider_20_1_wrapper\" data-source=\"gallery\" style=\"visibility:hidden;background:rgba(0,0,0,0);padding:0;margin:0px auto;margin-top:0;margin-bottom:0;\">\n\t\t\t\t<rs-module id=\"rev_slider_20_1\" style=\"\" data-version=\"6.7.38\">\n\t\t\t\t\t<rs-slides style=\"overflow: hidden; position: absolute;\">\n\t\t\t\t\t\t<rs-slide style=\"position: absolute;\" data-key=\"rs-115\" data-title=\"slide\" data-thumb=\"\/\/cornix.be\/wp-content\/uploads\/2021\/04\/cormag-05.jpg\" data-anim=\"ms:1000;r:0;\" data-in=\"o:0;\" data-out=\"a:false;\">\n\t\t\t\t\t\t\t<img decoding=\"async\" src=\"\/\/www.cornix.be\/wp-content\/plugins\/revslider\/sr6\/assets\/assets\/dummy.png\" alt=\"Cornix met \u00e0 votre disposition un ensemble complet d\u2019accessoires pour \u00e9quiper votre magasin\" title=\"cormag-05\" width=\"1000\" height=\"1000\" class=\"rev-slidebg tp-rs-img rs-lazyload\" data-lazyload=\"\/\/cornix.be\/wp-content\/uploads\/2021\/04\/cormag-05.jpg\" data-no-retina>\n<!---->\t\t\t\t\t<\/rs-slide>\n\t\t\t\t\t\t<rs-slide style=\"position: absolute;\" data-key=\"rs-116\" data-title=\"slide\" data-thumb=\"\/\/cornix.be\/wp-content\/uploads\/2021\/05\/magasins-showrooms-archives-et-bureaux-winkel-showroom-archieven-burelen-shop-showroom-archive-office.jpg\" data-anim=\"ms:1000;r:0;\" data-in=\"o:0;\" data-out=\"a:false;\">\n\t\t\t\t\t\t\t<img decoding=\"async\" src=\"\/\/www.cornix.be\/wp-content\/plugins\/revslider\/sr6\/assets\/assets\/dummy.png\" alt=\"Cornix, votre fournisseur belge de rayonnages sur mesure pour vos archives\" title=\"rayonnage-archives-1\" width=\"800\" height=\"938\" class=\"rev-slidebg tp-rs-img rs-lazyload\" data-lazyload=\"\/\/cornix.be\/wp-content\/uploads\/2021\/05\/magasins-showrooms-archives-et-bureaux-winkel-showroom-archieven-burelen-shop-showroom-archive-office.jpg\" data-no-retina>\n<!---->\t\t\t\t\t<\/rs-slide>\n\t\t\t\t\t\t<rs-slide style=\"position: absolute;\" data-key=\"rs-117\" data-title=\"slide\" data-thumb=\"\/\/cornix.be\/wp-content\/uploads\/2021\/02\/cormag-principal.jpg\" data-anim=\"ms:1000;r:0;\" data-in=\"o:0;\" data-out=\"a:false;\">\n\t\t\t\t\t\t\t<img decoding=\"async\" src=\"\/\/www.cornix.be\/wp-content\/plugins\/revslider\/sr6\/assets\/assets\/dummy.png\" alt=\"Cornix, sp\u00e9cialiste en rayonnage et syst\u00e8me de stockage \u00e9quipe vos bureaux et show-rooms\" title=\"rayonnage-show-room-bureau-4\" width=\"600\" height=\"397\" class=\"rev-slidebg tp-rs-img rs-lazyload\" data-lazyload=\"\/\/cornix.be\/wp-content\/uploads\/2021\/02\/cormag-principal.jpg\" data-no-retina>\n<!---->\t\t\t\t\t<\/rs-slide>\n\t\t\t\t\t<\/rs-slides>\n\t\t\t\t\t<rs-static-layers><!--\n\n\t\t\t\t\t\t\t--><h1\n\t\t\t\t\t\t\t\tid=\"slider-20-slide-20-layer-0\" \n\t\t\t\t\t\t\t\tclass=\"rs-layer rs-layer-static\"\n\t\t\t\t\t\t\t\tdata-type=\"text\"\n\t\t\t\t\t\t\t\tdata-color=\"#f8f32c\"\n\t\t\t\t\t\t\t\tdata-xy=\"x:r;y:b;yo:30px;\"\n\t\t\t\t\t\t\t\tdata-text=\"w:normal;s:45,45,34,34;l:55,55,44,44;a:right;\"\n\t\t\t\t\t\t\t\tdata-dim=\"w:1140px,1140px,700px,400px;\"\n\t\t\t\t\t\t\t\tdata-rsp_bd=\"off\"\n\t\t\t\t\t\t\t\tdata-onslides=\"s:1;\"\n\t\t\t\t\t\t\t\tdata-padding=\"r:30;l:30;\"\n\t\t\t\t\t\t\t\tdata-frame_0=\"y:50;\"\n\t\t\t\t\t\t\t\tdata-frame_1=\"sp:1000;\"\n\t\t\t\t\t\t\t\tdata-frame_999=\"o:0;st:w;\"\n\t\t\t\t\t\t\t\tstyle=\"z-index:9;font-family:'Lexend Deca';\"\n\t\t\t\t\t\t\t>Storage systems for shops, <br \/>\nshowrooms, archives and offices<br \/>\n \n\t\t\t\t\t\t\t<\/h1><!--\n\t\t\t\t\t--><\/rs-static-layers>\n\t\t\t\t<\/rs-module>\n\t\t\t\t<script data-jetpack-boost=\"ignore\">\n\t\t\t\t\tsetREVStartSize({c: 'rev_slider_20_1',rl:[1240,1240,778,480],el:[300,300,350,400],gw:[1200,1200,778,480],gh:[300,300,350,400],type:'standard',justify:'',layout:'fullwidth',mh:\"0\"});if (window.RS_MODULES!==undefined && window.RS_MODULES.modules!==undefined && window.RS_MODULES.modules[\"revslider201\"]!==undefined) {window.RS_MODULES.modules[\"revslider201\"].once = false;window.revapi20 = undefined;if (window.RS_MODULES.checkMinimal!==undefined) window.RS_MODULES.checkMinimal()}\n\t\t\t\t<\/script>\n\t\t\t<\/rs-module-wrap>\n\t\t\t<!-- END REVOLUTION SLIDER -->\n[\/vc_column][\/vc_row][vc_row gap=&#8221;20&#8243; content_placement=&#8221;bottom&#8221; bg_type=&#8221;bg_color&#8221; bg_override=&#8221;ex-full&#8221; bg_color_value=&#8221;#dedee2&#8243; css=&#8221;.vc_custom_1613402983649{padding-right: 15px !important;padding-left: 15px !important;}&#8221;][vc_column width=&#8221;3\/5&#8243; css=&#8221;.vc_custom_1603375169633{padding-top: 50px !important;padding-bottom: 50px !important;background-position: center !important;background-repeat: no-repeat !important;background-size: cover !important;}&#8221;][vc_column_text css_animation=&#8221;fadeInUp&#8221;]<\/p>\n<p class=\"p1\">Are you looking to furnish your shop, showroom, offices or archives? Shop shelving with accessories and sales counters, office furniture and archiving systems \u2013 check out all of the <b>CORNIX\u00ae products<\/b> and choose quality!<\/p>\n<p class=\"p1\">No matter what your intended usage may be (shop shelving, hanging file archives or archive boxes, etc.), we want to offer <b>storage systems that last a lifetime<\/b>. Your safety is our priority. In light of our commitment to providing the best services possible, we also offer a collection of very useful <b>complementary products<\/b> for your shop, showroom, office or archive warehouse.<\/p>\n<p>[\/vc_column_text]<style type=\"text\/css\" data-type=\"the7_shortcodes-inline-css\">#default-btn-56de23b02a934313c3663b1d0fe10d48.ico-right-side > i {\n  margin-right: 0px;\n  margin-left: 8px;\n}\n#default-btn-56de23b02a934313c3663b1d0fe10d48 > i {\n  margin-right: 8px;\n}<\/style><a href=\"https:\/\/www.cornix.be\/en\/contact\/\" class=\"default-btn-shortcode dt-btn dt-btn-m link-hover-off btn-inline-left \" id=\"default-btn-56de23b02a934313c3663b1d0fe10d48\" title=\"Contact\"><span>Contact us<\/span><\/a>[\/vc_column][vc_column width=&#8221;2\/5&#8243; css=&#8221;.vc_custom_1603291715247{padding-right: 0px !important;padding-left: 0px !important;}&#8221;][vc_single_image image=&#8221;1038&#8243; img_size=&#8221;600&#215;750&#8243; alignment=&#8221;center&#8221; css_animation=&#8221;fadeInUp&#8221; css=&#8221;.vc_custom_1621597254039{margin-bottom: -50px !important;}&#8221; el_class=&#8221;custom-img&#8221;][\/vc_column][\/vc_row][vc_row css=&#8221;.vc_custom_1603375847238{padding-top: 100px !important;}&#8221;][vc_column][vc_column_text css=&#8221;.vc_custom_1630670808447{margin-bottom: 50px !important;}&#8221;]<\/p>\n<h2 style=\"text-align: center;\">Our storage systems for shops, showrooms, archives and offices<\/h2>\n<p>[\/vc_column_text][\/vc_column][\/vc_row][vc_row gap=&#8221;20&#8243;][vc_column css_animation=&#8221;fadeInUp&#8221; width=&#8221;1\/2&#8243;][vc_single_image image=&#8221;1246&#8243; img_size=&#8221;600&#215;350&#8243; alignment=&#8221;center&#8221; css=&#8221;.vc_custom_1620999411768{border-bottom-width: 6px !important;border-bottom-color: #cb2821 !important;border-bottom-style: solid !important;}&#8221;][vc_column_text css=&#8221;.vc_custom_1630670869200{margin-bottom: 20px !important;}&#8221;]<\/p>\n<h3 style=\"text-align: center;\">CorMag\u00ae<br \/>\nShop equipment<\/h3>\n<p style=\"text-align: center;\"><strong>Are you kitting out your shop, showroom, etc. ? Check out our solutions.<br \/>\n<\/strong><\/p>\n<p>[\/vc_column_text]<style type=\"text\/css\" data-type=\"the7_shortcodes-inline-css\">#default-btn-6f497a7fd67d666b4f3658667ff5ceb7 {\n  font-size: 15px;\n  line-height: 17px;\n  font-weight: bold;\n  padding: 0px 0px 10px 0px;\n}\n#default-btn-6f497a7fd67d666b4f3658667ff5ceb7.ico-right-side > i {\n  margin-right: 0px;\n  margin-left: 8px;\n}\n#default-btn-6f497a7fd67d666b4f3658667ff5ceb7:after {\n  height: 4px;\n  background: #cb2821 !important;\n}\n#default-btn-6f497a7fd67d666b4f3658667ff5ceb7 > i {\n  margin-right: 8px;\n  font-size: 18px;\n}\n#default-btn-6f497a7fd67d666b4f3658667ff5ceb7.ico-right-side > i {\n  margin-right: 0px;\n  margin-left: 8px;\n}\n#default-btn-6f497a7fd67d666b4f3658667ff5ceb7 > i {\n  margin-right: 8px;\n}<\/style><div class=\"btn-align-center\"><a href=\"https:\/\/www.cornix.be\/en\/our-products\/cormag\/\" class=\"default-btn-shortcode dt-btn-link ico-right-side from-center-line  vc_custom_1630670889157\" target=\"_blank\" id=\"default-btn-6f497a7fd67d666b4f3658667ff5ceb7\" title=\"CorMag\u00ae\" rel=\"nofollow\"><span>Learn more<\/span><i class=\"dt-icon-the7-arrow-0-41\"><\/i><\/a><\/div>[\/vc_column][vc_column css_animation=&#8221;fadeInUp&#8221; width=&#8221;1\/2&#8243;][vc_single_image image=&#8221;1243&#8243; img_size=&#8221;600&#215;350&#8243; alignment=&#8221;center&#8221; css=&#8221;.vc_custom_1619788646872{border-bottom-width: 6px !important;border-bottom-color: #cb2821 !important;border-bottom-style: solid !important;}&#8221;][vc_column_text css=&#8221;.vc_custom_1630670844147{margin-bottom: 20px !important;}&#8221;]<\/p>\n<h3 style=\"text-align: center;\">Archive &amp; Office<br \/>\nArchiving and office furniture<\/h3>\n<p style=\"text-align: center;\"><strong>Are you looking to equip your offices or archives? Cornix\u00ae has got you covered!<br \/>\n<\/strong><\/p>\n<p>[\/vc_column_text]<style type=\"text\/css\" data-type=\"the7_shortcodes-inline-css\">#default-btn-24d7488be574fddef973179b301b7df1 {\n  font-size: 15px;\n  line-height: 17px;\n  font-weight: bold;\n  padding: 0px 0px 10px 0px;\n}\n#default-btn-24d7488be574fddef973179b301b7df1.ico-right-side > i {\n  margin-right: 0px;\n  margin-left: 8px;\n}\n#default-btn-24d7488be574fddef973179b301b7df1:after {\n  height: 4px;\n  background: #cb2821 !important;\n}\n#default-btn-24d7488be574fddef973179b301b7df1 > i {\n  margin-right: 8px;\n  font-size: 18px;\n}\n#default-btn-24d7488be574fddef973179b301b7df1.ico-right-side > i {\n  margin-right: 0px;\n  margin-left: 8px;\n}\n#default-btn-24d7488be574fddef973179b301b7df1 > i {\n  margin-right: 8px;\n}<\/style><div class=\"btn-align-center\"><a href=\"https:\/\/www.cornix.be\/en\/our-products\/archives-bureaux\/\" class=\"default-btn-shortcode dt-btn-link ico-right-side from-center-line  vc_custom_1630670931101\" id=\"default-btn-24d7488be574fddef973179b301b7df1\" title=\"Archives & Offices\"><span>Learn more<\/span><i class=\"dt-icon-the7-arrow-0-41\"><\/i><\/a><\/div>[\/vc_column][\/vc_row][vc_row gap=&#8221;20&#8243; content_placement=&#8221;middle&#8221; css=&#8221;.vc_custom_1613401441443{margin-top: 30px !important;}&#8221;][vc_column width=&#8221;2\/3&#8243; offset=&#8221;vc_col-lg-9&#8243;][vc_column_text]<\/p>\n<h2>Request information or a free quote<\/h2>\n<p>Are you interested in one of our products? Do you want to talk with one of our advisors and find a bespoke solution?[\/vc_column_text][\/vc_column][vc_column width=&#8221;1\/3&#8243; offset=&#8221;vc_col-lg-3&#8243;]<style type=\"text\/css\" data-type=\"the7_shortcodes-inline-css\">#default-btn-5bdca929188763dc56a1e51af5195779.ico-right-side > i {\n  margin-right: 0px;\n  margin-left: 8px;\n}\n#default-btn-5bdca929188763dc56a1e51af5195779 > i {\n  margin-right: 8px;\n}<\/style><a href=\"https:\/\/www.cornix.be\/en\/quote\/\" class=\"default-btn-shortcode dt-btn dt-btn-l link-hover-off full-width-btn btn-inline-left \" id=\"default-btn-5bdca929188763dc56a1e51af5195779\" title=\"Quote\"><span>Request a quote<\/span><\/a>[\/vc_column][\/vc_row]<\/p>\n<\/div>","protected":false},"excerpt":{"rendered":"<p>[vc_row content_placement=&#8221;bottom&#8221; bg_type=&#8221;grad&#8221; bg_override=&#8221;ex-full&#8221; bg_grad=&#8221;background: -webkit-gradient(linear, left top, left bottom, color-stop(60%, #FFFFFF), color-stop(60%, #DEDEE2));background: -moz-linear-gradient(top,#FFFFFF 60%,#DEDEE2 60%);background: -webkit-linear-gradient(top,#FFFFFF 60%,#DEDEE2 60%);background: -o-linear-gradient(top,#FFFFFF 60%,#DEDEE2 60%);background: -ms-linear-gradient(top,#FFFFFF 60%,#DEDEE2 60%);background: linear-gradient(top,#FFFFFF 60%,#DEDEE2 60%);&#8221;][vc_column css=&#8221;.vc_custom_1621350980761{background-position: center !important;background-repeat: no-repeat !important;background-size: cover !important;}&#8221; el_class=&#8221;custom-height&#8221;][\/vc_column][\/vc_row][vc_row gap=&#8221;20&#8243; content_placement=&#8221;bottom&#8221; bg_type=&#8221;bg_color&#8221; bg_override=&#8221;ex-full&#8221; bg_color_value=&#8221;#dedee2&#8243; css=&#8221;.vc_custom_1613402983649{padding-right: 15px !important;padding-left: 15px !important;}&#8221;][vc_column width=&#8221;3\/5&#8243; css=&#8221;.vc_custom_1603375169633{padding-top: 50px !important;padding-bottom: 50px !important;background-position: center !important;background-repeat:&hellip;<\/p>\n","protected":false},"author":1,"featured_media":0,"parent":2331,"menu_order":6,"comment_status":"closed","ping_status":"closed","template":"","meta":{"_acf_changed":false,"footnotes":""},"class_list":["post-2473","page","type-page","status-publish","hentry","description-off"],"acf":[],"yoast_head":"<!-- This site is optimized with the Yoast SEO plugin v27.4 - https:\/\/yoast.com\/product\/yoast-seo-wordpress\/ -->\n<title>Storage systems for shops, showrooms, archives and offices<\/title>\n<meta name=\"description\" content=\"Are you looking to furnish your shop, showroom, offices or archives? Check out all of the CORNIX\u00ae products and choose quality!\" \/>\n<meta name=\"robots\" content=\"index, follow, max-snippet:-1, max-image-preview:large, max-video-preview:-1\" \/>\n<link rel=\"canonical\" href=\"https:\/\/www.cornix.be\/en\/your-needs\/shops-showrooms-archives-and-offices\/\" \/>\n<meta property=\"og:locale\" content=\"en_US\" \/>\n<meta property=\"og:type\" content=\"article\" \/>\n<meta property=\"og:title\" content=\"Storage systems for shops, showrooms, archives and offices\" \/>\n<meta property=\"og:description\" content=\"Are you looking to furnish your shop, showroom, offices or archives? Check out all of the CORNIX\u00ae products and choose quality!\" \/>\n<meta property=\"og:url\" content=\"https:\/\/www.cornix.be\/en\/your-needs\/shops-showrooms-archives-and-offices\/\" \/>\n<meta property=\"og:site_name\" content=\"Cornix\" \/>\n<meta property=\"article:modified_time\" content=\"2022-04-07T12:21:25+00:00\" \/>\n<meta name=\"twitter:card\" content=\"summary_large_image\" \/>\n<meta name=\"twitter:label1\" content=\"Est. reading time\" \/>\n\t<meta name=\"twitter:data1\" content=\"3 minutes\" \/>\n<script type=\"application\/ld+json\" class=\"yoast-schema-graph\">{\"@context\":\"https:\\\/\\\/schema.org\",\"@graph\":[{\"@type\":\"WebPage\",\"@id\":\"https:\\\/\\\/www.cornix.be\\\/en\\\/your-needs\\\/shops-showrooms-archives-and-offices\\\/\",\"url\":\"https:\\\/\\\/www.cornix.be\\\/en\\\/your-needs\\\/shops-showrooms-archives-and-offices\\\/\",\"name\":\"Storage systems for shops, showrooms, archives and offices\",\"isPartOf\":{\"@id\":\"https:\\\/\\\/www.cornix.be\\\/#website\"},\"datePublished\":\"2020-11-25T10:02:38+00:00\",\"dateModified\":\"2022-04-07T12:21:25+00:00\",\"description\":\"Are you looking to furnish your shop, showroom, offices or archives? Check out all of the CORNIX\u00ae products and choose quality!\",\"breadcrumb\":{\"@id\":\"https:\\\/\\\/www.cornix.be\\\/en\\\/your-needs\\\/shops-showrooms-archives-and-offices\\\/#breadcrumb\"},\"inLanguage\":\"en-US\",\"potentialAction\":[{\"@type\":\"ReadAction\",\"target\":[\"https:\\\/\\\/www.cornix.be\\\/en\\\/your-needs\\\/shops-showrooms-archives-and-offices\\\/\"]}]},{\"@type\":\"BreadcrumbList\",\"@id\":\"https:\\\/\\\/www.cornix.be\\\/en\\\/your-needs\\\/shops-showrooms-archives-and-offices\\\/#breadcrumb\",\"itemListElement\":[{\"@type\":\"ListItem\",\"position\":1,\"name\":\"Home\",\"item\":\"https:\\\/\\\/www.cornix.be\\\/en\\\/\"},{\"@type\":\"ListItem\",\"position\":2,\"name\":\"Your needs\",\"item\":\"https:\\\/\\\/www.cornix.be\\\/en\\\/your-needs\\\/\"},{\"@type\":\"ListItem\",\"position\":3,\"name\":\"Shops, showrooms, archives and offices\"}]},{\"@type\":\"WebSite\",\"@id\":\"https:\\\/\\\/www.cornix.be\\\/#website\",\"url\":\"https:\\\/\\\/www.cornix.be\\\/\",\"name\":\"Cornix\",\"description\":\"\",\"potentialAction\":[{\"@type\":\"SearchAction\",\"target\":{\"@type\":\"EntryPoint\",\"urlTemplate\":\"https:\\\/\\\/www.cornix.be\\\/?s={search_term_string}\"},\"query-input\":{\"@type\":\"PropertyValueSpecification\",\"valueRequired\":true,\"valueName\":\"search_term_string\"}}],\"inLanguage\":\"en-US\"}]}<\/script>\n<!-- \/ Yoast SEO plugin. -->","yoast_head_json":{"title":"Storage systems for shops, showrooms, archives and offices","description":"Are you looking to furnish your shop, showroom, offices or archives? Check out all of the CORNIX\u00ae products and choose quality!","robots":{"index":"index","follow":"follow","max-snippet":"max-snippet:-1","max-image-preview":"max-image-preview:large","max-video-preview":"max-video-preview:-1"},"canonical":"https:\/\/www.cornix.be\/en\/your-needs\/shops-showrooms-archives-and-offices\/","og_locale":"en_US","og_type":"article","og_title":"Storage systems for shops, showrooms, archives and offices","og_description":"Are you looking to furnish your shop, showroom, offices or archives? Check out all of the CORNIX\u00ae products and choose quality!","og_url":"https:\/\/www.cornix.be\/en\/your-needs\/shops-showrooms-archives-and-offices\/","og_site_name":"Cornix","article_modified_time":"2022-04-07T12:21:25+00:00","twitter_card":"summary_large_image","twitter_misc":{"Est. reading time":"3 minutes"},"schema":{"@context":"https:\/\/schema.org","@graph":[{"@type":"WebPage","@id":"https:\/\/www.cornix.be\/en\/your-needs\/shops-showrooms-archives-and-offices\/","url":"https:\/\/www.cornix.be\/en\/your-needs\/shops-showrooms-archives-and-offices\/","name":"Storage systems for shops, showrooms, archives and offices","isPartOf":{"@id":"https:\/\/www.cornix.be\/#website"},"datePublished":"2020-11-25T10:02:38+00:00","dateModified":"2022-04-07T12:21:25+00:00","description":"Are you looking to furnish your shop, showroom, offices or archives? Check out all of the CORNIX\u00ae products and choose quality!","breadcrumb":{"@id":"https:\/\/www.cornix.be\/en\/your-needs\/shops-showrooms-archives-and-offices\/#breadcrumb"},"inLanguage":"en-US","potentialAction":[{"@type":"ReadAction","target":["https:\/\/www.cornix.be\/en\/your-needs\/shops-showrooms-archives-and-offices\/"]}]},{"@type":"BreadcrumbList","@id":"https:\/\/www.cornix.be\/en\/your-needs\/shops-showrooms-archives-and-offices\/#breadcrumb","itemListElement":[{"@type":"ListItem","position":1,"name":"Home","item":"https:\/\/www.cornix.be\/en\/"},{"@type":"ListItem","position":2,"name":"Your needs","item":"https:\/\/www.cornix.be\/en\/your-needs\/"},{"@type":"ListItem","position":3,"name":"Shops, showrooms, archives and offices"}]},{"@type":"WebSite","@id":"https:\/\/www.cornix.be\/#website","url":"https:\/\/www.cornix.be\/","name":"Cornix","description":"","potentialAction":[{"@type":"SearchAction","target":{"@type":"EntryPoint","urlTemplate":"https:\/\/www.cornix.be\/?s={search_term_string}"},"query-input":{"@type":"PropertyValueSpecification","valueRequired":true,"valueName":"search_term_string"}}],"inLanguage":"en-US"}]}},"jetpack_sharing_enabled":true,"_links":{"self":[{"href":"https:\/\/www.cornix.be\/en\/wp-json\/wp\/v2\/pages\/2473","targetHints":{"allow":["GET"]}}],"collection":[{"href":"https:\/\/www.cornix.be\/en\/wp-json\/wp\/v2\/pages"}],"about":[{"href":"https:\/\/www.cornix.be\/en\/wp-json\/wp\/v2\/types\/page"}],"author":[{"embeddable":true,"href":"https:\/\/www.cornix.be\/en\/wp-json\/wp\/v2\/users\/1"}],"replies":[{"embeddable":true,"href":"https:\/\/www.cornix.be\/en\/wp-json\/wp\/v2\/comments?post=2473"}],"version-history":[{"count":5,"href":"https:\/\/www.cornix.be\/en\/wp-json\/wp\/v2\/pages\/2473\/revisions"}],"predecessor-version":[{"id":4813,"href":"https:\/\/www.cornix.be\/en\/wp-json\/wp\/v2\/pages\/2473\/revisions\/4813"}],"up":[{"embeddable":true,"href":"https:\/\/www.cornix.be\/en\/wp-json\/wp\/v2\/pages\/2331"}],"wp:attachment":[{"href":"https:\/\/www.cornix.be\/en\/wp-json\/wp\/v2\/media?parent=2473"}],"curies":[{"name":"wp","href":"https:\/\/api.w.org\/{rel}","templated":true}]}}