{"id":2420,"date":"2021-04-30T14:23:56","date_gmt":"2021-04-30T12:23:56","guid":{"rendered":"https:\/\/cornix.poush.be\/travicant\/"},"modified":"2021-09-03T10:14:03","modified_gmt":"2021-09-03T08:14:03","slug":"travicant","status":"publish","type":"page","link":"https:\/\/www.cornix.be\/en\/our-products\/travicant\/","title":{"rendered":"TraviCant\u00ae : cantilevers"},"content":{"rendered":"<div class=\"wpb-content-wrapper\"><p>[vc_row gap=&#8221;20&#8243; content_placement=&#8221;middle&#8221; css=&#8221;.vc_custom_1619783618548{padding-right: 15px !important;padding-left: 15px !important;}&#8221;][vc_column][vc_column_text]<\/p>\n<h1 style=\"text-align: center;\">TraviCant\u00ae : cantilevers<\/h1>\n<p>[\/vc_column_text][\/vc_column][vc_column width=&#8221;3\/5&#8243; css=&#8221;.vc_custom_1603375169633{padding-top: 50px !important;padding-bottom: 50px !important;background-position: center !important;background-repeat: no-repeat !important;background-size: cover !important;}&#8221;][vc_column_text css_animation=&#8221;fadeInUp&#8221;]<\/p>\n<h2>Storing long and heavy loads or irregularly sized products?<\/h2>\n<p>TraviCant\u00ae cantilevers help to store <strong>the most varied products in terms of size and weight:<\/strong> wooden panels, profiles and beams, spare parts for industrial engines, tubes, corrugated sheet metal, boats, etc. In short, it works for anything that does not fit on traditional pallet racking. For example, it is perfect for <strong>construction materials.<\/strong><\/p>\n<p>Product features:<\/p>\n<ul>\n<li>Available in single or double-sided uprights<\/li>\n<li>Choice between fixed or adjustable height<\/li>\n<li>3,500\u00a0kg capacity per arm<\/li>\n<li>Option of adding a roof<\/li>\n<li>Choice of accessories: removable stops, railings for pallets, etc.<\/li>\n<li>Wide range of colours, hot dipped galvanized version available for exterior use<\/li>\n<\/ul>\n<p>[\/vc_column_text]<style type=\"text\/css\" data-type=\"the7_shortcodes-inline-css\">#default-btn-1f346e4bf9c9e317063cfcadc632c06c.ico-right-side > i {\n  margin-right: 0px;\n  margin-left: 8px;\n}\n#default-btn-1f346e4bf9c9e317063cfcadc632c06c > i {\n  margin-right: 8px;\n}<\/style><a href=\"https:\/\/www.cornix.be\/wp-content\/uploads\/2021\/09\/TraviCant-cantilevers.pdf\" class=\"default-btn-shortcode dt-btn dt-btn-m link-hover-off btn-inline-left  vc_custom_1630656816314\" target=\"_blank\" id=\"default-btn-1f346e4bf9c9e317063cfcadc632c06c\" title=\"TraviCant\u00ae : cantilevers\" rel=\"noopener\"><span>Download the brochure<\/span><\/a><style type=\"text\/css\" data-type=\"the7_shortcodes-inline-css\">#default-btn-f9482b09d1854ebb77819f03da3eb7f9.ico-right-side > i {\n  margin-right: 0px;\n  margin-left: 8px;\n}\n#default-btn-f9482b09d1854ebb77819f03da3eb7f9 > i {\n  margin-right: 8px;\n}<\/style><a href=\"https:\/\/www.cornix.be\/en\/quote\/\" class=\"default-btn-shortcode dt-btn dt-btn-m link-hover-off btn-inline-left  vc_custom_1630656835366\" id=\"default-btn-f9482b09d1854ebb77819f03da3eb7f9\" title=\"request a quote\"><span>Request a quote<\/span><\/a>[\/vc_column][vc_column width=&#8221;2\/5&#8243; css=&#8221;.vc_custom_1603291715247{padding-right: 0px !important;padding-left: 0px !important;}&#8221;][vc_single_image image=&#8221;1428&#8243; img_size=&#8221;600&#215;750&#8243; alignment=&#8221;center&#8221; css_animation=&#8221;fadeInUp&#8221; el_class=&#8221;custom-img&#8221;][\/vc_column][\/vc_row][vc_row][vc_column]<style type=\"text\/css\" data-type=\"the7_shortcodes-inline-css\">.gallery-shortcode.gallery-masonry-shortcode-id-b01e1d3b3f0be28daf65daf90aa74664 figure,\n.gallery-shortcode.gallery-masonry-shortcode-id-b01e1d3b3f0be28daf65daf90aa74664 .rollover,\n.gallery-shortcode.gallery-masonry-shortcode-id-b01e1d3b3f0be28daf65daf90aa74664 img,\n.gallery-shortcode.gallery-masonry-shortcode-id-b01e1d3b3f0be28daf65daf90aa74664 .gallery-rollover {\n  border-radius: 0px;\n}\n.gallery-shortcode.gallery-masonry-shortcode-id-b01e1d3b3f0be28daf65daf90aa74664.enable-bg-rollover .gallery-rollover {\n  background: -webkit-linear-gradient();\n  background: linear-gradient();\n}\n.gallery-shortcode.gallery-masonry-shortcode-id-b01e1d3b3f0be28daf65daf90aa74664.enable-bg-rollover.hover-scale figure .rollover:after {\n  background: -webkit-linear-gradient();\n  background: linear-gradient();\n}\n.gallery-shortcode.gallery-masonry-shortcode-id-b01e1d3b3f0be28daf65daf90aa74664 .gallery-zoom-ico {\n  width: 44px;\n  height: 44px;\n  line-height: 44px;\n  border-radius: 100px;\n  margin: -22px 0 0 -22px;\n  border-width: 0px;\n  color: #ffffff;\n}\n.dt-icon-bg-on.gallery-shortcode.gallery-masonry-shortcode-id-b01e1d3b3f0be28daf65daf90aa74664 .gallery-zoom-ico {\n  background: rgba(255,255,255,0.3);\n  box-shadow: none;\n}\n.gallery-shortcode.gallery-masonry-shortcode-id-b01e1d3b3f0be28daf65daf90aa74664 .gallery-zoom-ico:before,\n.gallery-shortcode.gallery-masonry-shortcode-id-b01e1d3b3f0be28daf65daf90aa74664 .gallery-zoom-ico span {\n  font-size: 32px;\n  line-height: 44px;\n  color: #ffffff;\n}\n.gallery-shortcode.gallery-masonry-shortcode-id-b01e1d3b3f0be28daf65daf90aa74664:not(.resize-by-browser-width) .dt-css-grid {\n  grid-row-gap: 20px;\n  grid-column-gap: 20px;\n  grid-template-columns: repeat(auto-fill,minmax(,1fr));\n}\n.gallery-shortcode.gallery-masonry-shortcode-id-b01e1d3b3f0be28daf65daf90aa74664:not(.resize-by-browser-width) .dt-css-grid .double-width {\n  grid-column: span 2;\n}\n.cssgridlegacy.no-cssgrid .gallery-shortcode.gallery-masonry-shortcode-id-b01e1d3b3f0be28daf65daf90aa74664:not(.resize-by-browser-width) .dt-css-grid,\n.no-cssgridlegacy.no-cssgrid .gallery-shortcode.gallery-masonry-shortcode-id-b01e1d3b3f0be28daf65daf90aa74664:not(.resize-by-browser-width) .dt-css-grid {\n  display: flex;\n  flex-flow: row wrap;\n  margin: -10px;\n}\n.cssgridlegacy.no-cssgrid .gallery-shortcode.gallery-masonry-shortcode-id-b01e1d3b3f0be28daf65daf90aa74664:not(.resize-by-browser-width) .dt-css-grid .wf-cell,\n.no-cssgridlegacy.no-cssgrid .gallery-shortcode.gallery-masonry-shortcode-id-b01e1d3b3f0be28daf65daf90aa74664:not(.resize-by-browser-width) .dt-css-grid .wf-cell {\n  flex: 1 0 ;\n  max-width: 100%;\n  padding: 10px;\n  box-sizing: border-box;\n}\n.gallery-shortcode.gallery-masonry-shortcode-id-b01e1d3b3f0be28daf65daf90aa74664.resize-by-browser-width .dt-css-grid {\n  grid-template-columns: repeat(5,1fr);\n  grid-template-rows: auto;\n  grid-column-gap: 20px;\n  grid-row-gap: 20px;\n}\n.gallery-shortcode.gallery-masonry-shortcode-id-b01e1d3b3f0be28daf65daf90aa74664.resize-by-browser-width .dt-css-grid .double-width {\n  grid-column: span 2;\n}\n.cssgridlegacy.no-cssgrid .gallery-shortcode.gallery-masonry-shortcode-id-b01e1d3b3f0be28daf65daf90aa74664.resize-by-browser-width .dt-css-grid {\n  margin: -10px;\n}\n.cssgridlegacy.no-cssgrid .gallery-shortcode.gallery-masonry-shortcode-id-b01e1d3b3f0be28daf65daf90aa74664.resize-by-browser-width .dt-css-grid .wf-cell {\n  width: 20%;\n  padding: 10px;\n}\n.cssgridlegacy.no-cssgrid .gallery-shortcode.gallery-masonry-shortcode-id-b01e1d3b3f0be28daf65daf90aa74664.resize-by-browser-width .dt-css-grid .wf-cell.double-width {\n  width: calc(20%) * 2;\n}\n.gallery-shortcode.gallery-masonry-shortcode-id-b01e1d3b3f0be28daf65daf90aa74664.resize-by-browser-width:not(.centered-layout-list):not(.content-bg-on) .dt-css-grid {\n  grid-row-gap: 20px - ;\n}\n@media screen and (max-width: 1199px) {\n  .gallery-shortcode.gallery-masonry-shortcode-id-b01e1d3b3f0be28daf65daf90aa74664.resize-by-browser-width .dt-css-grid {\n    grid-template-columns: repeat(5,1fr);\n  }\n  .cssgridlegacy.no-cssgrid .gallery-shortcode.gallery-masonry-shortcode-id-b01e1d3b3f0be28daf65daf90aa74664.resize-by-browser-width .dt-css-grid .wf-cell,\n  .no-cssgridlegacy.no-cssgrid .gallery-shortcode.gallery-masonry-shortcode-id-b01e1d3b3f0be28daf65daf90aa74664.resize-by-browser-width .dt-css-grid .wf-cell {\n    width: 20%;\n  }\n  .cssgridlegacy.no-cssgrid .gallery-shortcode.gallery-masonry-shortcode-id-b01e1d3b3f0be28daf65daf90aa74664.resize-by-browser-width .dt-css-grid .wf-cell.double-width,\n  .no-cssgridlegacy.no-cssgrid .gallery-shortcode.gallery-masonry-shortcode-id-b01e1d3b3f0be28daf65daf90aa74664.resize-by-browser-width .dt-css-grid .wf-cell.double-width {\n    width: calc(20%)*2;\n  }\n}\n@media screen and (max-width: 991px) {\n  .gallery-shortcode.gallery-masonry-shortcode-id-b01e1d3b3f0be28daf65daf90aa74664.resize-by-browser-width .dt-css-grid {\n    grid-template-columns: repeat(2,1fr);\n  }\n  .cssgridlegacy.no-cssgrid .gallery-shortcode.gallery-masonry-shortcode-id-b01e1d3b3f0be28daf65daf90aa74664.resize-by-browser-width .dt-css-grid .wf-cell,\n  .no-cssgridlegacy.no-cssgrid .gallery-shortcode.gallery-masonry-shortcode-id-b01e1d3b3f0be28daf65daf90aa74664.resize-by-browser-width .dt-css-grid .wf-cell {\n    width: 50%;\n  }\n  .cssgridlegacy.no-cssgrid .gallery-shortcode.gallery-masonry-shortcode-id-b01e1d3b3f0be28daf65daf90aa74664.resize-by-browser-width .dt-css-grid .wf-cell.double-width,\n  .no-cssgridlegacy.no-cssgrid .gallery-shortcode.gallery-masonry-shortcode-id-b01e1d3b3f0be28daf65daf90aa74664.resize-by-browser-width .dt-css-grid .wf-cell.double-width {\n    width: calc(50%)*2;\n  }\n}\n@media screen and (max-width: 767px) {\n  .gallery-shortcode.gallery-masonry-shortcode-id-b01e1d3b3f0be28daf65daf90aa74664.resize-by-browser-width .dt-css-grid {\n    grid-template-columns: repeat(2,1fr);\n  }\n  .cssgridlegacy.no-cssgrid .gallery-shortcode.gallery-masonry-shortcode-id-b01e1d3b3f0be28daf65daf90aa74664.resize-by-browser-width .dt-css-grid .wf-cell,\n  .no-cssgridlegacy.no-cssgrid .gallery-shortcode.gallery-masonry-shortcode-id-b01e1d3b3f0be28daf65daf90aa74664.resize-by-browser-width .dt-css-grid .wf-cell {\n    width: 50%;\n  }\n  .cssgridlegacy.no-cssgrid .gallery-shortcode.gallery-masonry-shortcode-id-b01e1d3b3f0be28daf65daf90aa74664.resize-by-browser-width .dt-css-grid .wf-cell.double-width,\n  .no-cssgridlegacy.no-cssgrid .gallery-shortcode.gallery-masonry-shortcode-id-b01e1d3b3f0be28daf65daf90aa74664.resize-by-browser-width .dt-css-grid .wf-cell.double-width {\n    width: calc(50%)*2;\n  }\n}<\/style><div class=\"gallery-shortcode dt-gallery-container gallery-masonry-shortcode-id-b01e1d3b3f0be28daf65daf90aa74664 mode-grid jquery-filter dt-icon-bg-off dt-css-grid-wrap enable-bg-rollover resize-by-browser-width  hover-fade loading-effect-none description-on-hover\" data-padding=\"10px\" data-cur-page=\"1\" data-post-limit=\"-1\" data-pagination-mode=\"none\" data-desktop-columns-num=\"5\" data-v-tablet-columns-num=\"2\" data-h-tablet-columns-num=\"5\" data-phone-columns-num=\"2\" data-width=\"0px\" data-columns=\"0\"><div class=\"dt-css-grid\" ><div class=\"wf-cell\" data-post-id=\"1425\" data-date=\"2021-04-30T14:23:29+02:00\" data-name=\"travicant-06\"><figure class=\"post visible\"><a href=\"https:\/\/www.cornix.be\/wp-content\/uploads\/2021\/04\/travicant-06.jpg\" class=\"rollover dt-pswp-item layzr-bg\" data-large_image_width=\"590\" data-large_image_height=\"387\" data-dt-img-description=\"\" title=\"travicant-06\"><img fetchpriority=\"high\" decoding=\"async\" class=\"preload-me iso-lazy-load aspect\" src=\"data:image\/svg+xml,%3Csvg%20xmlns%3D&#39;http%3A%2F%2Fwww.w3.org%2F2000%2Fsvg&#39;%20viewBox%3D&#39;0%200%20387%20387&#39;%2F%3E\" data-src=\"https:\/\/www.cornix.be\/wp-content\/uploads\/2021\/04\/travicant-06-387x387.jpg\" data-srcset=\"https:\/\/www.cornix.be\/wp-content\/uploads\/2021\/04\/travicant-06-387x387.jpg 387w\" loading=\"eager\" style=\"--ratio: 387 \/ 387\" sizes=\"(max-width: 387px) 100vw, 387px\" alt=\"Cornix, votre sp\u00e9cialiste pour stocker des charges lourdes et longues ou des marchandises aux dimensions irr\u00e9guli\u00e8res\" width=\"387\" height=\"387\"  \/><span class=\"gallery-rollover\"><\/span><\/a><\/figure><\/div><div class=\"wf-cell\" data-post-id=\"1422\" data-date=\"2021-04-30T14:23:25+02:00\" data-name=\"travicant-05\"><figure class=\"post visible\"><a href=\"https:\/\/www.cornix.be\/wp-content\/uploads\/2021\/04\/travicant-05.jpg\" class=\"rollover dt-pswp-item layzr-bg\" data-large_image_width=\"1151\" data-large_image_height=\"1768\" data-dt-img-description=\"\" title=\"travicant-05\"><img decoding=\"async\" class=\"preload-me iso-lazy-load aspect\" src=\"data:image\/svg+xml,%3Csvg%20xmlns%3D&#39;http%3A%2F%2Fwww.w3.org%2F2000%2Fsvg&#39;%20viewBox%3D&#39;0%200%20485%20485&#39;%2F%3E\" data-src=\"https:\/\/www.cornix.be\/wp-content\/uploads\/2021\/04\/travicant-05-485x485.jpg\" data-srcset=\"https:\/\/www.cornix.be\/wp-content\/uploads\/2021\/04\/travicant-05-485x485.jpg 485w, https:\/\/www.cornix.be\/wp-content\/uploads\/2021\/04\/travicant-05-728x728.jpg 728w\" loading=\"eager\" style=\"--ratio: 485 \/ 485\" sizes=\"(max-width: 485px) 100vw, 485px\" alt=\"Cornix, votre sp\u00e9cialiste pour stocker des charges lourdes et longues ou des marchandises aux dimensions irr\u00e9guli\u00e8res\" width=\"485\" height=\"485\"  \/><span class=\"gallery-rollover\"><\/span><\/a><\/figure><\/div><div class=\"wf-cell\" data-post-id=\"1416\" data-date=\"2021-04-30T14:23:18+02:00\" data-name=\"travicant-03\"><figure class=\"post visible\"><a href=\"https:\/\/www.cornix.be\/wp-content\/uploads\/2021\/04\/travicant-03.jpg\" class=\"rollover dt-pswp-item layzr-bg\" data-large_image_width=\"800\" data-large_image_height=\"800\" data-dt-img-description=\"\" title=\"travicant-03\"><img decoding=\"async\" class=\"preload-me iso-lazy-load aspect\" src=\"data:image\/svg+xml,%3Csvg%20xmlns%3D&#39;http%3A%2F%2Fwww.w3.org%2F2000%2Fsvg&#39;%20viewBox%3D&#39;0%200%20485%20485&#39;%2F%3E\" data-src=\"https:\/\/www.cornix.be\/wp-content\/uploads\/2021\/04\/travicant-03-485x485.jpg\" data-srcset=\"https:\/\/www.cornix.be\/wp-content\/uploads\/2021\/04\/travicant-03-485x485.jpg 485w, https:\/\/www.cornix.be\/wp-content\/uploads\/2021\/04\/travicant-03-728x728.jpg 728w\" loading=\"eager\" style=\"--ratio: 485 \/ 485\" sizes=\"(max-width: 485px) 100vw, 485px\" alt=\"Cornix, votre sp\u00e9cialiste pour stocker des charges lourdes et longues ou des marchandises aux dimensions irr\u00e9guli\u00e8res\" width=\"485\" height=\"485\"  \/><span class=\"gallery-rollover\"><\/span><\/a><\/figure><\/div><div class=\"wf-cell\" data-post-id=\"1413\" data-date=\"2021-04-30T14:23:13+02:00\" data-name=\"stockage-charges-lourdes-5\"><figure class=\"post visible\"><a href=\"https:\/\/www.cornix.be\/wp-content\/uploads\/2021\/04\/travicant-02.jpg\" class=\"rollover dt-pswp-item layzr-bg\" data-large_image_width=\"800\" data-large_image_height=\"600\" data-dt-img-description=\"\" title=\"stockage-charges-lourdes-5\"><img decoding=\"async\" class=\"preload-me iso-lazy-load aspect\" src=\"data:image\/svg+xml,%3Csvg%20xmlns%3D&#39;http%3A%2F%2Fwww.w3.org%2F2000%2Fsvg&#39;%20viewBox%3D&#39;0%200%20485%20485&#39;%2F%3E\" data-src=\"https:\/\/www.cornix.be\/wp-content\/uploads\/2021\/04\/travicant-02-485x485.jpg\" data-srcset=\"https:\/\/www.cornix.be\/wp-content\/uploads\/2021\/04\/travicant-02-485x485.jpg 485w, https:\/\/www.cornix.be\/wp-content\/uploads\/2021\/04\/travicant-02-600x600.jpg 600w\" loading=\"eager\" style=\"--ratio: 485 \/ 485\" sizes=\"(max-width: 485px) 100vw, 485px\" alt=\"Cornix, votre sp\u00e9cialiste pour stocker des charges lourdes et longues ou des marchandises aux dimensions irr\u00e9guli\u00e8res\" width=\"485\" height=\"485\"  \/><span class=\"gallery-rollover\"><\/span><\/a><\/figure><\/div><div class=\"wf-cell\" data-post-id=\"883\" data-date=\"2021-02-16T18:01:05+02:00\" data-name=\"travicant_thumb\"><figure class=\"post visible\"><a href=\"https:\/\/www.cornix.be\/wp-content\/uploads\/2021\/02\/travicant_thumb.jpg\" class=\"rollover dt-pswp-item layzr-bg\" data-large_image_width=\"300\" data-large_image_height=\"300\" data-dt-img-description=\"\" title=\"travicant_thumb\"><img decoding=\"async\" class=\"preload-me iso-lazy-load aspect\" src=\"data:image\/svg+xml,%3Csvg%20xmlns%3D&#39;http%3A%2F%2Fwww.w3.org%2F2000%2Fsvg&#39;%20viewBox%3D&#39;0%200%20300%20300&#39;%2F%3E\" data-src=\"https:\/\/www.cornix.be\/wp-content\/uploads\/2021\/02\/travicant_thumb.jpg\" data-srcset=\"https:\/\/www.cornix.be\/wp-content\/uploads\/2021\/02\/travicant_thumb.jpg 300w\" loading=\"eager\" style=\"--ratio: 300 \/ 300\" sizes=\"(max-width: 300px) 100vw, 300px\" alt=\"Cornix, votre sp\u00e9cialiste pour stocker des charges lourdes et longues ou des marchandises aux dimensions irr\u00e9guli\u00e8res\" width=\"300\" height=\"300\"  \/><span class=\"gallery-rollover\"><\/span><\/a><\/figure><\/div><\/div><!-- iso-container|iso-grid --><\/div>[\/vc_column][\/vc_row]<\/p>\n<\/div>","protected":false},"excerpt":{"rendered":"<p>[vc_row gap=&#8221;20&#8243; content_placement=&#8221;middle&#8221; css=&#8221;.vc_custom_1619783618548{padding-right: 15px !important;padding-left: 15px !important;}&#8221;][vc_column][vc_column_text] TraviCant\u00ae : cantilevers [\/vc_column_text][\/vc_column][vc_column width=&#8221;3\/5&#8243; css=&#8221;.vc_custom_1603375169633{padding-top: 50px !important;padding-bottom: 50px !important;background-position: center !important;background-repeat: no-repeat !important;background-size: cover !important;}&#8221;][vc_column_text css_animation=&#8221;fadeInUp&#8221;] Storing long and heavy loads or irregularly sized products? TraviCant\u00ae cantilevers help to store the most varied products in terms of size and weight: wooden panels, profiles and beams, spare&hellip;<\/p>\n","protected":false},"author":1,"featured_media":0,"parent":2491,"menu_order":0,"comment_status":"closed","ping_status":"closed","template":"","meta":{"_acf_changed":false,"footnotes":""},"class_list":["post-2420","page","type-page","status-publish","hentry","description-off"],"acf":[],"yoast_head":"<!-- This site is optimized with the Yoast SEO plugin v27.5 - https:\/\/yoast.com\/product\/yoast-seo-wordpress\/ -->\n<title>TraviCant\u00ae : cantilevers - Cornix<\/title>\n<meta name=\"robots\" content=\"index, follow, max-snippet:-1, max-image-preview:large, max-video-preview:-1\" \/>\n<link rel=\"canonical\" href=\"https:\/\/www.cornix.be\/en\/our-products\/travicant\/\" \/>\n<meta property=\"og:locale\" content=\"en_US\" \/>\n<meta property=\"og:type\" content=\"article\" \/>\n<meta property=\"og:title\" content=\"TraviCant\u00ae : cantilevers - Cornix\" \/>\n<meta property=\"og:description\" content=\"[vc_row gap=&#8221;20&#8243; content_placement=&#8221;middle&#8221; css=&#8221;.vc_custom_1619783618548{padding-right: 15px !important;padding-left: 15px !important;}&#8221;][vc_column][vc_column_text] TraviCant\u00ae : cantilevers [\/vc_column_text][\/vc_column][vc_column width=&#8221;3\/5&#8243; css=&#8221;.vc_custom_1603375169633{padding-top: 50px !important;padding-bottom: 50px !important;background-position: center !important;background-repeat: no-repeat !important;background-size: cover !important;}&#8221;][vc_column_text css_animation=&#8221;fadeInUp&#8221;] Storing long and heavy loads or irregularly sized products? TraviCant\u00ae cantilevers help to store the most varied products in terms of size and weight: wooden panels, profiles and beams, spare&hellip;\" \/>\n<meta property=\"og:url\" content=\"https:\/\/www.cornix.be\/en\/our-products\/travicant\/\" \/>\n<meta property=\"og:site_name\" content=\"Cornix\" \/>\n<meta property=\"article:modified_time\" content=\"2021-09-03T08:14:03+00:00\" \/>\n<meta name=\"twitter:card\" content=\"summary_large_image\" \/>\n<meta name=\"twitter:label1\" content=\"Est. reading time\" \/>\n\t<meta name=\"twitter:data1\" content=\"2 minutes\" \/>\n<script type=\"application\/ld+json\" class=\"yoast-schema-graph\">{\"@context\":\"https:\\\/\\\/schema.org\",\"@graph\":[{\"@type\":\"WebPage\",\"@id\":\"https:\\\/\\\/www.cornix.be\\\/en\\\/our-products\\\/travicant\\\/\",\"url\":\"https:\\\/\\\/www.cornix.be\\\/en\\\/our-products\\\/travicant\\\/\",\"name\":\"TraviCant\u00ae : cantilevers - Cornix\",\"isPartOf\":{\"@id\":\"https:\\\/\\\/www.cornix.be\\\/#website\"},\"datePublished\":\"2021-04-30T12:23:56+00:00\",\"dateModified\":\"2021-09-03T08:14:03+00:00\",\"breadcrumb\":{\"@id\":\"https:\\\/\\\/www.cornix.be\\\/en\\\/our-products\\\/travicant\\\/#breadcrumb\"},\"inLanguage\":\"en-US\",\"potentialAction\":[{\"@type\":\"ReadAction\",\"target\":[\"https:\\\/\\\/www.cornix.be\\\/en\\\/our-products\\\/travicant\\\/\"]}]},{\"@type\":\"BreadcrumbList\",\"@id\":\"https:\\\/\\\/www.cornix.be\\\/en\\\/our-products\\\/travicant\\\/#breadcrumb\",\"itemListElement\":[{\"@type\":\"ListItem\",\"position\":1,\"name\":\"Home\",\"item\":\"https:\\\/\\\/www.cornix.be\\\/en\\\/\"},{\"@type\":\"ListItem\",\"position\":2,\"name\":\"Our products\",\"item\":\"https:\\\/\\\/www.cornix.be\\\/en\\\/our-products\\\/\"},{\"@type\":\"ListItem\",\"position\":3,\"name\":\"TraviCant\u00ae : cantilevers\"}]},{\"@type\":\"WebSite\",\"@id\":\"https:\\\/\\\/www.cornix.be\\\/#website\",\"url\":\"https:\\\/\\\/www.cornix.be\\\/\",\"name\":\"Cornix\",\"description\":\"\",\"potentialAction\":[{\"@type\":\"SearchAction\",\"target\":{\"@type\":\"EntryPoint\",\"urlTemplate\":\"https:\\\/\\\/www.cornix.be\\\/?s={search_term_string}\"},\"query-input\":{\"@type\":\"PropertyValueSpecification\",\"valueRequired\":true,\"valueName\":\"search_term_string\"}}],\"inLanguage\":\"en-US\"}]}<\/script>\n<!-- \/ Yoast SEO plugin. -->","yoast_head_json":{"title":"TraviCant\u00ae : cantilevers - Cornix","robots":{"index":"index","follow":"follow","max-snippet":"max-snippet:-1","max-image-preview":"max-image-preview:large","max-video-preview":"max-video-preview:-1"},"canonical":"https:\/\/www.cornix.be\/en\/our-products\/travicant\/","og_locale":"en_US","og_type":"article","og_title":"TraviCant\u00ae : cantilevers - Cornix","og_description":"[vc_row gap=&#8221;20&#8243; content_placement=&#8221;middle&#8221; css=&#8221;.vc_custom_1619783618548{padding-right: 15px !important;padding-left: 15px !important;}&#8221;][vc_column][vc_column_text] TraviCant\u00ae : cantilevers [\/vc_column_text][\/vc_column][vc_column width=&#8221;3\/5&#8243; css=&#8221;.vc_custom_1603375169633{padding-top: 50px !important;padding-bottom: 50px !important;background-position: center !important;background-repeat: no-repeat !important;background-size: cover !important;}&#8221;][vc_column_text css_animation=&#8221;fadeInUp&#8221;] Storing long and heavy loads or irregularly sized products? TraviCant\u00ae cantilevers help to store the most varied products in terms of size and weight: wooden panels, profiles and beams, spare&hellip;","og_url":"https:\/\/www.cornix.be\/en\/our-products\/travicant\/","og_site_name":"Cornix","article_modified_time":"2021-09-03T08:14:03+00:00","twitter_card":"summary_large_image","twitter_misc":{"Est. reading time":"2 minutes"},"schema":{"@context":"https:\/\/schema.org","@graph":[{"@type":"WebPage","@id":"https:\/\/www.cornix.be\/en\/our-products\/travicant\/","url":"https:\/\/www.cornix.be\/en\/our-products\/travicant\/","name":"TraviCant\u00ae : cantilevers - Cornix","isPartOf":{"@id":"https:\/\/www.cornix.be\/#website"},"datePublished":"2021-04-30T12:23:56+00:00","dateModified":"2021-09-03T08:14:03+00:00","breadcrumb":{"@id":"https:\/\/www.cornix.be\/en\/our-products\/travicant\/#breadcrumb"},"inLanguage":"en-US","potentialAction":[{"@type":"ReadAction","target":["https:\/\/www.cornix.be\/en\/our-products\/travicant\/"]}]},{"@type":"BreadcrumbList","@id":"https:\/\/www.cornix.be\/en\/our-products\/travicant\/#breadcrumb","itemListElement":[{"@type":"ListItem","position":1,"name":"Home","item":"https:\/\/www.cornix.be\/en\/"},{"@type":"ListItem","position":2,"name":"Our products","item":"https:\/\/www.cornix.be\/en\/our-products\/"},{"@type":"ListItem","position":3,"name":"TraviCant\u00ae : cantilevers"}]},{"@type":"WebSite","@id":"https:\/\/www.cornix.be\/#website","url":"https:\/\/www.cornix.be\/","name":"Cornix","description":"","potentialAction":[{"@type":"SearchAction","target":{"@type":"EntryPoint","urlTemplate":"https:\/\/www.cornix.be\/?s={search_term_string}"},"query-input":{"@type":"PropertyValueSpecification","valueRequired":true,"valueName":"search_term_string"}}],"inLanguage":"en-US"}]}},"jetpack_sharing_enabled":true,"_links":{"self":[{"href":"https:\/\/www.cornix.be\/en\/wp-json\/wp\/v2\/pages\/2420","targetHints":{"allow":["GET"]}}],"collection":[{"href":"https:\/\/www.cornix.be\/en\/wp-json\/wp\/v2\/pages"}],"about":[{"href":"https:\/\/www.cornix.be\/en\/wp-json\/wp\/v2\/types\/page"}],"author":[{"embeddable":true,"href":"https:\/\/www.cornix.be\/en\/wp-json\/wp\/v2\/users\/1"}],"replies":[{"embeddable":true,"href":"https:\/\/www.cornix.be\/en\/wp-json\/wp\/v2\/comments?post=2420"}],"version-history":[{"count":3,"href":"https:\/\/www.cornix.be\/en\/wp-json\/wp\/v2\/pages\/2420\/revisions"}],"predecessor-version":[{"id":2975,"href":"https:\/\/www.cornix.be\/en\/wp-json\/wp\/v2\/pages\/2420\/revisions\/2975"}],"up":[{"embeddable":true,"href":"https:\/\/www.cornix.be\/en\/wp-json\/wp\/v2\/pages\/2491"}],"wp:attachment":[{"href":"https:\/\/www.cornix.be\/en\/wp-json\/wp\/v2\/media?parent=2420"}],"curies":[{"name":"wp","href":"https:\/\/api.w.org\/{rel}","templated":true}]}}