{"id":2416,"date":"2021-04-30T14:26:35","date_gmt":"2021-04-30T12:26:35","guid":{"rendered":"https:\/\/cornix.poush.be\/travitex\/"},"modified":"2021-09-03T10:09:27","modified_gmt":"2021-09-03T08:09:27","slug":"travitex","status":"publish","type":"page","link":"https:\/\/www.cornix.be\/en\/our-products\/travitex\/","title":{"rendered":"TraviTex\u00ae : garment storage"},"content":{"rendered":"<div class=\"wpb-content-wrapper\"><p>[vc_row gap=&#8221;20&#8243; content_placement=&#8221;middle&#8221; css=&#8221;.vc_custom_1619783618548{padding-right: 15px !important;padding-left: 15px !important;}&#8221;][vc_column][vc_column_text]<\/p>\n<h1 style=\"text-align: center;\">TraviTex\u00ae : garment storage<\/h1>\n<p>[\/vc_column_text][\/vc_column][vc_column width=&#8221;3\/5&#8243; css=&#8221;.vc_custom_1603375169633{padding-top: 50px !important;padding-bottom: 50px !important;background-position: center !important;background-repeat: no-repeat !important;background-size: cover !important;}&#8221;][vc_column_text css_animation=&#8221;fadeInUp&#8221;]<\/p>\n<h2>Multi-tier installations for garment storage<\/h2>\n<p>Store garments over several levels (1, 2, 3, 4, 5, etc.) with <strong>TraviTex\u00ae<\/strong>, the garment-specific alternative to the TraviRack\u00ae pallet racking!<\/p>\n<p>Product features:<\/p>\n<ul>\n<li>Continuous storage possible, or garments can be separated into 1,500\u00a0mm bays<\/li>\n<li>Safety plinths in the row<\/li>\n<li>Consoles with a hanging rail or wire-mesh shelf<\/li>\n<li>Wire-mesh recesses to prevent products from falling down<\/li>\n<li>The MiniRack Plus\u00ae multi-tier installation is another option for storing clothes.<\/li>\n<\/ul>\n<p>[\/vc_column_text]<style type=\"text\/css\" data-type=\"the7_shortcodes-inline-css\">#default-btn-c2c39269b5294e2c6d3076887acc0465.ico-right-side > i {\n  margin-right: 0px;\n  margin-left: 8px;\n}\n#default-btn-c2c39269b5294e2c6d3076887acc0465 > i {\n  margin-right: 8px;\n}<\/style><a href=\"https:\/\/www.cornix.be\/wp-content\/uploads\/2021\/09\/TraviTex-garment-storage.pdf\" class=\"default-btn-shortcode dt-btn dt-btn-m link-hover-off btn-inline-left  vc_custom_1630656538470\" target=\"_blank\" id=\"default-btn-c2c39269b5294e2c6d3076887acc0465\" title=\"TraviTex\u00ae\" rel=\"noopener\"><span>Download the brochure<\/span><\/a><style type=\"text\/css\" data-type=\"the7_shortcodes-inline-css\">#default-btn-e563fa1004dbf65b998fdc602851da53.ico-right-side > i {\n  margin-right: 0px;\n  margin-left: 8px;\n}\n#default-btn-e563fa1004dbf65b998fdc602851da53 > i {\n  margin-right: 8px;\n}<\/style><a href=\"https:\/\/www.cornix.be\/en\/quote\/\" class=\"default-btn-shortcode dt-btn dt-btn-m link-hover-off btn-inline-left  vc_custom_1630656558905\" id=\"default-btn-e563fa1004dbf65b998fdc602851da53\" title=\"request a quote\"><span>Request a quote<\/span><\/a>[\/vc_column][vc_column width=&#8221;2\/5&#8243; css=&#8221;.vc_custom_1603291715247{padding-right: 0px !important;padding-left: 0px !important;}&#8221;][vc_single_image image=&#8221;996&#8243; img_size=&#8221;600&#215;750&#8243; alignment=&#8221;center&#8221; css_animation=&#8221;fadeInUp&#8221; el_class=&#8221;custom-img&#8221;][\/vc_column][\/vc_row][vc_row][vc_column]<style type=\"text\/css\" data-type=\"the7_shortcodes-inline-css\">.gallery-shortcode.gallery-masonry-shortcode-id-3f16de0df84b9a227ecd78a5e32b095c figure,\n.gallery-shortcode.gallery-masonry-shortcode-id-3f16de0df84b9a227ecd78a5e32b095c .rollover,\n.gallery-shortcode.gallery-masonry-shortcode-id-3f16de0df84b9a227ecd78a5e32b095c img,\n.gallery-shortcode.gallery-masonry-shortcode-id-3f16de0df84b9a227ecd78a5e32b095c .gallery-rollover {\n  border-radius: 0px;\n}\n.gallery-shortcode.gallery-masonry-shortcode-id-3f16de0df84b9a227ecd78a5e32b095c.enable-bg-rollover .gallery-rollover {\n  background: -webkit-linear-gradient();\n  background: linear-gradient();\n}\n.gallery-shortcode.gallery-masonry-shortcode-id-3f16de0df84b9a227ecd78a5e32b095c.enable-bg-rollover.hover-scale figure .rollover:after {\n  background: -webkit-linear-gradient();\n  background: linear-gradient();\n}\n.gallery-shortcode.gallery-masonry-shortcode-id-3f16de0df84b9a227ecd78a5e32b095c .gallery-zoom-ico {\n  width: 44px;\n  height: 44px;\n  line-height: 44px;\n  border-radius: 100px;\n  margin: -22px 0 0 -22px;\n  border-width: 0px;\n  color: #ffffff;\n}\n.dt-icon-bg-on.gallery-shortcode.gallery-masonry-shortcode-id-3f16de0df84b9a227ecd78a5e32b095c .gallery-zoom-ico {\n  background: rgba(255,255,255,0.3);\n  box-shadow: none;\n}\n.gallery-shortcode.gallery-masonry-shortcode-id-3f16de0df84b9a227ecd78a5e32b095c .gallery-zoom-ico:before,\n.gallery-shortcode.gallery-masonry-shortcode-id-3f16de0df84b9a227ecd78a5e32b095c .gallery-zoom-ico span {\n  font-size: 32px;\n  line-height: 44px;\n  color: #ffffff;\n}\n.gallery-shortcode.gallery-masonry-shortcode-id-3f16de0df84b9a227ecd78a5e32b095c:not(.resize-by-browser-width) .dt-css-grid {\n  grid-row-gap: 20px;\n  grid-column-gap: 20px;\n  grid-template-columns: repeat(auto-fill,minmax(,1fr));\n}\n.gallery-shortcode.gallery-masonry-shortcode-id-3f16de0df84b9a227ecd78a5e32b095c:not(.resize-by-browser-width) .dt-css-grid .double-width {\n  grid-column: span 2;\n}\n.cssgridlegacy.no-cssgrid .gallery-shortcode.gallery-masonry-shortcode-id-3f16de0df84b9a227ecd78a5e32b095c:not(.resize-by-browser-width) .dt-css-grid,\n.no-cssgridlegacy.no-cssgrid .gallery-shortcode.gallery-masonry-shortcode-id-3f16de0df84b9a227ecd78a5e32b095c:not(.resize-by-browser-width) .dt-css-grid {\n  display: flex;\n  flex-flow: row wrap;\n  margin: -10px;\n}\n.cssgridlegacy.no-cssgrid .gallery-shortcode.gallery-masonry-shortcode-id-3f16de0df84b9a227ecd78a5e32b095c:not(.resize-by-browser-width) .dt-css-grid .wf-cell,\n.no-cssgridlegacy.no-cssgrid .gallery-shortcode.gallery-masonry-shortcode-id-3f16de0df84b9a227ecd78a5e32b095c:not(.resize-by-browser-width) .dt-css-grid .wf-cell {\n  flex: 1 0 ;\n  max-width: 100%;\n  padding: 10px;\n  box-sizing: border-box;\n}\n.gallery-shortcode.gallery-masonry-shortcode-id-3f16de0df84b9a227ecd78a5e32b095c.resize-by-browser-width .dt-css-grid {\n  grid-template-columns: repeat(5,1fr);\n  grid-template-rows: auto;\n  grid-column-gap: 20px;\n  grid-row-gap: 20px;\n}\n.gallery-shortcode.gallery-masonry-shortcode-id-3f16de0df84b9a227ecd78a5e32b095c.resize-by-browser-width .dt-css-grid .double-width {\n  grid-column: span 2;\n}\n.cssgridlegacy.no-cssgrid .gallery-shortcode.gallery-masonry-shortcode-id-3f16de0df84b9a227ecd78a5e32b095c.resize-by-browser-width .dt-css-grid {\n  margin: -10px;\n}\n.cssgridlegacy.no-cssgrid .gallery-shortcode.gallery-masonry-shortcode-id-3f16de0df84b9a227ecd78a5e32b095c.resize-by-browser-width .dt-css-grid .wf-cell {\n  width: 20%;\n  padding: 10px;\n}\n.cssgridlegacy.no-cssgrid .gallery-shortcode.gallery-masonry-shortcode-id-3f16de0df84b9a227ecd78a5e32b095c.resize-by-browser-width .dt-css-grid .wf-cell.double-width {\n  width: calc(20%) * 2;\n}\n.gallery-shortcode.gallery-masonry-shortcode-id-3f16de0df84b9a227ecd78a5e32b095c.resize-by-browser-width:not(.centered-layout-list):not(.content-bg-on) .dt-css-grid {\n  grid-row-gap: 20px - ;\n}\n@media screen and (max-width: 1199px) {\n  .gallery-shortcode.gallery-masonry-shortcode-id-3f16de0df84b9a227ecd78a5e32b095c.resize-by-browser-width .dt-css-grid {\n    grid-template-columns: repeat(5,1fr);\n  }\n  .cssgridlegacy.no-cssgrid .gallery-shortcode.gallery-masonry-shortcode-id-3f16de0df84b9a227ecd78a5e32b095c.resize-by-browser-width .dt-css-grid .wf-cell,\n  .no-cssgridlegacy.no-cssgrid .gallery-shortcode.gallery-masonry-shortcode-id-3f16de0df84b9a227ecd78a5e32b095c.resize-by-browser-width .dt-css-grid .wf-cell {\n    width: 20%;\n  }\n  .cssgridlegacy.no-cssgrid .gallery-shortcode.gallery-masonry-shortcode-id-3f16de0df84b9a227ecd78a5e32b095c.resize-by-browser-width .dt-css-grid .wf-cell.double-width,\n  .no-cssgridlegacy.no-cssgrid .gallery-shortcode.gallery-masonry-shortcode-id-3f16de0df84b9a227ecd78a5e32b095c.resize-by-browser-width .dt-css-grid .wf-cell.double-width {\n    width: calc(20%)*2;\n  }\n}\n@media screen and (max-width: 991px) {\n  .gallery-shortcode.gallery-masonry-shortcode-id-3f16de0df84b9a227ecd78a5e32b095c.resize-by-browser-width .dt-css-grid {\n    grid-template-columns: repeat(2,1fr);\n  }\n  .cssgridlegacy.no-cssgrid .gallery-shortcode.gallery-masonry-shortcode-id-3f16de0df84b9a227ecd78a5e32b095c.resize-by-browser-width .dt-css-grid .wf-cell,\n  .no-cssgridlegacy.no-cssgrid .gallery-shortcode.gallery-masonry-shortcode-id-3f16de0df84b9a227ecd78a5e32b095c.resize-by-browser-width .dt-css-grid .wf-cell {\n    width: 50%;\n  }\n  .cssgridlegacy.no-cssgrid .gallery-shortcode.gallery-masonry-shortcode-id-3f16de0df84b9a227ecd78a5e32b095c.resize-by-browser-width .dt-css-grid .wf-cell.double-width,\n  .no-cssgridlegacy.no-cssgrid .gallery-shortcode.gallery-masonry-shortcode-id-3f16de0df84b9a227ecd78a5e32b095c.resize-by-browser-width .dt-css-grid .wf-cell.double-width {\n    width: calc(50%)*2;\n  }\n}\n@media screen and (max-width: 767px) {\n  .gallery-shortcode.gallery-masonry-shortcode-id-3f16de0df84b9a227ecd78a5e32b095c.resize-by-browser-width .dt-css-grid {\n    grid-template-columns: repeat(2,1fr);\n  }\n  .cssgridlegacy.no-cssgrid .gallery-shortcode.gallery-masonry-shortcode-id-3f16de0df84b9a227ecd78a5e32b095c.resize-by-browser-width .dt-css-grid .wf-cell,\n  .no-cssgridlegacy.no-cssgrid .gallery-shortcode.gallery-masonry-shortcode-id-3f16de0df84b9a227ecd78a5e32b095c.resize-by-browser-width .dt-css-grid .wf-cell {\n    width: 50%;\n  }\n  .cssgridlegacy.no-cssgrid .gallery-shortcode.gallery-masonry-shortcode-id-3f16de0df84b9a227ecd78a5e32b095c.resize-by-browser-width .dt-css-grid .wf-cell.double-width,\n  .no-cssgridlegacy.no-cssgrid .gallery-shortcode.gallery-masonry-shortcode-id-3f16de0df84b9a227ecd78a5e32b095c.resize-by-browser-width .dt-css-grid .wf-cell.double-width {\n    width: calc(50%)*2;\n  }\n}<\/style><div class=\"gallery-shortcode dt-gallery-container gallery-masonry-shortcode-id-3f16de0df84b9a227ecd78a5e32b095c mode-grid jquery-filter dt-icon-bg-off dt-css-grid-wrap enable-bg-rollover resize-by-browser-width  hover-fade loading-effect-none description-on-hover\" data-padding=\"10px\" data-cur-page=\"1\" data-post-limit=\"-1\" data-pagination-mode=\"none\" data-desktop-columns-num=\"5\" data-v-tablet-columns-num=\"2\" data-h-tablet-columns-num=\"5\" data-phone-columns-num=\"2\" data-width=\"0px\" data-columns=\"0\"><div class=\"dt-css-grid\" ><div class=\"wf-cell\" data-post-id=\"987\" data-date=\"2021-02-17T11:48:28+02:00\" data-name=\"travitex-01\"><figure class=\"post visible\"><a href=\"https:\/\/www.cornix.be\/wp-content\/uploads\/2021\/02\/travitex-01.jpg\" class=\"rollover dt-pswp-item layzr-bg\" data-large_image_width=\"800\" data-large_image_height=\"1067\" data-dt-img-description=\"\" title=\"travitex-01\"><img fetchpriority=\"high\" decoding=\"async\" class=\"preload-me iso-lazy-load aspect\" src=\"data:image\/svg+xml,%3Csvg%20xmlns%3D&#39;http%3A%2F%2Fwww.w3.org%2F2000%2Fsvg&#39;%20viewBox%3D&#39;0%200%20485%20485&#39;%2F%3E\" data-src=\"https:\/\/www.cornix.be\/wp-content\/uploads\/2021\/02\/travitex-01-485x485.jpg\" data-srcset=\"https:\/\/www.cornix.be\/wp-content\/uploads\/2021\/02\/travitex-01-485x485.jpg 485w, https:\/\/www.cornix.be\/wp-content\/uploads\/2021\/02\/travitex-01-728x728.jpg 728w\" loading=\"eager\" style=\"--ratio: 485 \/ 485\" sizes=\"(max-width: 485px) 100vw, 485px\" alt=\"Cornix, votre sp\u00e9cialiste pour le stockage de vos textiles\" width=\"485\" height=\"485\"  \/><span class=\"gallery-rollover\"><\/span><\/a><\/figure><\/div><div class=\"wf-cell\" data-post-id=\"990\" data-date=\"2021-02-17T11:48:32+02:00\" data-name=\"travitex-02\"><figure class=\"post visible\"><a href=\"https:\/\/www.cornix.be\/wp-content\/uploads\/2021\/02\/travitex-02.jpg\" class=\"rollover dt-pswp-item layzr-bg\" data-large_image_width=\"800\" data-large_image_height=\"600\" data-dt-img-description=\"\" title=\"travitex-02\"><img decoding=\"async\" class=\"preload-me iso-lazy-load aspect\" src=\"data:image\/svg+xml,%3Csvg%20xmlns%3D&#39;http%3A%2F%2Fwww.w3.org%2F2000%2Fsvg&#39;%20viewBox%3D&#39;0%200%20485%20485&#39;%2F%3E\" data-src=\"https:\/\/www.cornix.be\/wp-content\/uploads\/2021\/02\/travitex-02-485x485.jpg\" data-srcset=\"https:\/\/www.cornix.be\/wp-content\/uploads\/2021\/02\/travitex-02-485x485.jpg 485w, https:\/\/www.cornix.be\/wp-content\/uploads\/2021\/02\/travitex-02-600x600.jpg 600w\" loading=\"eager\" style=\"--ratio: 485 \/ 485\" sizes=\"(max-width: 485px) 100vw, 485px\" alt=\"Cornix, votre sp\u00e9cialiste pour le stockage de vos textiles\" width=\"485\" height=\"485\"  \/><span class=\"gallery-rollover\"><\/span><\/a><\/figure><\/div><div class=\"wf-cell\" data-post-id=\"993\" data-date=\"2021-02-17T11:48:35+02:00\" data-name=\"travitex-03\"><figure class=\"post visible\"><a href=\"https:\/\/www.cornix.be\/wp-content\/uploads\/2021\/02\/travitex-03.jpg\" class=\"rollover dt-pswp-item layzr-bg\" data-large_image_width=\"800\" data-large_image_height=\"600\" data-dt-img-description=\"\" title=\"travitex-03\"><img decoding=\"async\" class=\"preload-me iso-lazy-load aspect\" src=\"data:image\/svg+xml,%3Csvg%20xmlns%3D&#39;http%3A%2F%2Fwww.w3.org%2F2000%2Fsvg&#39;%20viewBox%3D&#39;0%200%20485%20485&#39;%2F%3E\" data-src=\"https:\/\/www.cornix.be\/wp-content\/uploads\/2021\/02\/travitex-03-485x485.jpg\" data-srcset=\"https:\/\/www.cornix.be\/wp-content\/uploads\/2021\/02\/travitex-03-485x485.jpg 485w, https:\/\/www.cornix.be\/wp-content\/uploads\/2021\/02\/travitex-03-600x600.jpg 600w\" loading=\"eager\" style=\"--ratio: 485 \/ 485\" sizes=\"(max-width: 485px) 100vw, 485px\" alt=\"Cornix, votre sp\u00e9cialiste pour le stockage de vos textiles\" width=\"485\" height=\"485\"  \/><span class=\"gallery-rollover\"><\/span><\/a><\/figure><\/div><div class=\"wf-cell\" data-post-id=\"999\" data-date=\"2021-02-17T11:48:42+02:00\" data-name=\"travitex-05\"><figure class=\"post visible\"><a href=\"https:\/\/www.cornix.be\/wp-content\/uploads\/2021\/02\/travitex-05.jpg\" class=\"rollover dt-pswp-item layzr-bg\" data-large_image_width=\"800\" data-large_image_height=\"600\" data-dt-img-description=\"\" title=\"travitex-05\"><img decoding=\"async\" class=\"preload-me iso-lazy-load aspect\" src=\"data:image\/svg+xml,%3Csvg%20xmlns%3D&#39;http%3A%2F%2Fwww.w3.org%2F2000%2Fsvg&#39;%20viewBox%3D&#39;0%200%20485%20485&#39;%2F%3E\" data-src=\"https:\/\/www.cornix.be\/wp-content\/uploads\/2021\/02\/travitex-05-485x485.jpg\" data-srcset=\"https:\/\/www.cornix.be\/wp-content\/uploads\/2021\/02\/travitex-05-485x485.jpg 485w, https:\/\/www.cornix.be\/wp-content\/uploads\/2021\/02\/travitex-05-600x600.jpg 600w\" loading=\"eager\" style=\"--ratio: 485 \/ 485\" sizes=\"(max-width: 485px) 100vw, 485px\" alt=\"Cornix, votre sp\u00e9cialiste pour stocker des charges lourdes et longues ou des marchandises aux dimensions irr\u00e9guli\u00e8res\" width=\"485\" height=\"485\"  \/><span class=\"gallery-rollover\"><\/span><\/a><\/figure><\/div><div class=\"wf-cell\" data-post-id=\"1442\" data-date=\"2021-04-30T14:26:23+02:00\" data-name=\"travitex-06\"><figure class=\"post visible\"><a href=\"https:\/\/www.cornix.be\/wp-content\/uploads\/2021\/04\/travitex-06.jpg\" class=\"rollover dt-pswp-item layzr-bg\" data-large_image_width=\"1600\" data-large_image_height=\"1200\" data-dt-img-description=\"\" title=\"travitex-06\"><img decoding=\"async\" class=\"preload-me iso-lazy-load aspect\" src=\"data:image\/svg+xml,%3Csvg%20xmlns%3D&#39;http%3A%2F%2Fwww.w3.org%2F2000%2Fsvg&#39;%20viewBox%3D&#39;0%200%20485%20485&#39;%2F%3E\" data-src=\"https:\/\/www.cornix.be\/wp-content\/uploads\/2021\/04\/travitex-06-485x485.jpg\" data-srcset=\"https:\/\/www.cornix.be\/wp-content\/uploads\/2021\/04\/travitex-06-485x485.jpg 485w, https:\/\/www.cornix.be\/wp-content\/uploads\/2021\/04\/travitex-06-728x728.jpg 728w\" loading=\"eager\" style=\"--ratio: 485 \/ 485\" sizes=\"(max-width: 485px) 100vw, 485px\" alt=\"Cornix, votre sp\u00e9cialiste belge pour le stockage de vos textiles\" width=\"485\" height=\"485\"  \/><span class=\"gallery-rollover\"><\/span><\/a><\/figure><\/div><\/div><!-- iso-container|iso-grid --><\/div>[\/vc_column][\/vc_row]<\/p>\n<\/div>","protected":false},"excerpt":{"rendered":"<p>[vc_row gap=&#8221;20&#8243; content_placement=&#8221;middle&#8221; css=&#8221;.vc_custom_1619783618548{padding-right: 15px !important;padding-left: 15px !important;}&#8221;][vc_column][vc_column_text] TraviTex\u00ae : garment storage [\/vc_column_text][\/vc_column][vc_column width=&#8221;3\/5&#8243; css=&#8221;.vc_custom_1603375169633{padding-top: 50px !important;padding-bottom: 50px !important;background-position: center !important;background-repeat: no-repeat !important;background-size: cover !important;}&#8221;][vc_column_text css_animation=&#8221;fadeInUp&#8221;] Multi-tier installations for garment storage Store garments over several levels (1, 2, 3, 4, 5, etc.) with TraviTex\u00ae, the garment-specific alternative to the TraviRack\u00ae pallet racking! Product features: Continuous&hellip;<\/p>\n","protected":false},"author":1,"featured_media":0,"parent":2491,"menu_order":0,"comment_status":"closed","ping_status":"closed","template":"","meta":{"_acf_changed":false,"footnotes":""},"class_list":["post-2416","page","type-page","status-publish","hentry","description-off"],"acf":[],"yoast_head":"<!-- This site is optimized with the Yoast SEO plugin v27.4 - https:\/\/yoast.com\/product\/yoast-seo-wordpress\/ -->\n<title>TraviTex\u00ae : garment storage - Cornix<\/title>\n<meta name=\"robots\" content=\"index, follow, max-snippet:-1, max-image-preview:large, max-video-preview:-1\" \/>\n<link rel=\"canonical\" href=\"https:\/\/www.cornix.be\/en\/our-products\/travitex\/\" \/>\n<meta property=\"og:locale\" content=\"en_US\" \/>\n<meta property=\"og:type\" content=\"article\" \/>\n<meta property=\"og:title\" content=\"TraviTex\u00ae : garment storage - Cornix\" \/>\n<meta property=\"og:description\" content=\"[vc_row gap=&#8221;20&#8243; content_placement=&#8221;middle&#8221; css=&#8221;.vc_custom_1619783618548{padding-right: 15px !important;padding-left: 15px !important;}&#8221;][vc_column][vc_column_text] TraviTex\u00ae : garment storage [\/vc_column_text][\/vc_column][vc_column width=&#8221;3\/5&#8243; css=&#8221;.vc_custom_1603375169633{padding-top: 50px !important;padding-bottom: 50px !important;background-position: center !important;background-repeat: no-repeat !important;background-size: cover !important;}&#8221;][vc_column_text css_animation=&#8221;fadeInUp&#8221;] Multi-tier installations for garment storage Store garments over several levels (1, 2, 3, 4, 5, etc.) with TraviTex\u00ae, the garment-specific alternative to the TraviRack\u00ae pallet racking! Product features: Continuous&hellip;\" \/>\n<meta property=\"og:url\" content=\"https:\/\/www.cornix.be\/en\/our-products\/travitex\/\" \/>\n<meta property=\"og:site_name\" content=\"Cornix\" \/>\n<meta property=\"article:modified_time\" content=\"2021-09-03T08:09:27+00:00\" \/>\n<meta name=\"twitter:card\" content=\"summary_large_image\" \/>\n<meta name=\"twitter:label1\" content=\"Est. reading time\" \/>\n\t<meta name=\"twitter:data1\" content=\"1 minute\" \/>\n<script type=\"application\/ld+json\" class=\"yoast-schema-graph\">{\"@context\":\"https:\\\/\\\/schema.org\",\"@graph\":[{\"@type\":\"WebPage\",\"@id\":\"https:\\\/\\\/www.cornix.be\\\/en\\\/our-products\\\/travitex\\\/\",\"url\":\"https:\\\/\\\/www.cornix.be\\\/en\\\/our-products\\\/travitex\\\/\",\"name\":\"TraviTex\u00ae : garment storage - Cornix\",\"isPartOf\":{\"@id\":\"https:\\\/\\\/www.cornix.be\\\/#website\"},\"datePublished\":\"2021-04-30T12:26:35+00:00\",\"dateModified\":\"2021-09-03T08:09:27+00:00\",\"breadcrumb\":{\"@id\":\"https:\\\/\\\/www.cornix.be\\\/en\\\/our-products\\\/travitex\\\/#breadcrumb\"},\"inLanguage\":\"en-US\",\"potentialAction\":[{\"@type\":\"ReadAction\",\"target\":[\"https:\\\/\\\/www.cornix.be\\\/en\\\/our-products\\\/travitex\\\/\"]}]},{\"@type\":\"BreadcrumbList\",\"@id\":\"https:\\\/\\\/www.cornix.be\\\/en\\\/our-products\\\/travitex\\\/#breadcrumb\",\"itemListElement\":[{\"@type\":\"ListItem\",\"position\":1,\"name\":\"Home\",\"item\":\"https:\\\/\\\/www.cornix.be\\\/en\\\/\"},{\"@type\":\"ListItem\",\"position\":2,\"name\":\"Our products\",\"item\":\"https:\\\/\\\/www.cornix.be\\\/en\\\/our-products\\\/\"},{\"@type\":\"ListItem\",\"position\":3,\"name\":\"TraviTex\u00ae : garment storage\"}]},{\"@type\":\"WebSite\",\"@id\":\"https:\\\/\\\/www.cornix.be\\\/#website\",\"url\":\"https:\\\/\\\/www.cornix.be\\\/\",\"name\":\"Cornix\",\"description\":\"\",\"potentialAction\":[{\"@type\":\"SearchAction\",\"target\":{\"@type\":\"EntryPoint\",\"urlTemplate\":\"https:\\\/\\\/www.cornix.be\\\/?s={search_term_string}\"},\"query-input\":{\"@type\":\"PropertyValueSpecification\",\"valueRequired\":true,\"valueName\":\"search_term_string\"}}],\"inLanguage\":\"en-US\"}]}<\/script>\n<!-- \/ Yoast SEO plugin. -->","yoast_head_json":{"title":"TraviTex\u00ae : garment storage - Cornix","robots":{"index":"index","follow":"follow","max-snippet":"max-snippet:-1","max-image-preview":"max-image-preview:large","max-video-preview":"max-video-preview:-1"},"canonical":"https:\/\/www.cornix.be\/en\/our-products\/travitex\/","og_locale":"en_US","og_type":"article","og_title":"TraviTex\u00ae : garment storage - Cornix","og_description":"[vc_row gap=&#8221;20&#8243; content_placement=&#8221;middle&#8221; css=&#8221;.vc_custom_1619783618548{padding-right: 15px !important;padding-left: 15px !important;}&#8221;][vc_column][vc_column_text] TraviTex\u00ae : garment storage [\/vc_column_text][\/vc_column][vc_column width=&#8221;3\/5&#8243; css=&#8221;.vc_custom_1603375169633{padding-top: 50px !important;padding-bottom: 50px !important;background-position: center !important;background-repeat: no-repeat !important;background-size: cover !important;}&#8221;][vc_column_text css_animation=&#8221;fadeInUp&#8221;] Multi-tier installations for garment storage Store garments over several levels (1, 2, 3, 4, 5, etc.) with TraviTex\u00ae, the garment-specific alternative to the TraviRack\u00ae pallet racking! Product features: Continuous&hellip;","og_url":"https:\/\/www.cornix.be\/en\/our-products\/travitex\/","og_site_name":"Cornix","article_modified_time":"2021-09-03T08:09:27+00:00","twitter_card":"summary_large_image","twitter_misc":{"Est. reading time":"1 minute"},"schema":{"@context":"https:\/\/schema.org","@graph":[{"@type":"WebPage","@id":"https:\/\/www.cornix.be\/en\/our-products\/travitex\/","url":"https:\/\/www.cornix.be\/en\/our-products\/travitex\/","name":"TraviTex\u00ae : garment storage - Cornix","isPartOf":{"@id":"https:\/\/www.cornix.be\/#website"},"datePublished":"2021-04-30T12:26:35+00:00","dateModified":"2021-09-03T08:09:27+00:00","breadcrumb":{"@id":"https:\/\/www.cornix.be\/en\/our-products\/travitex\/#breadcrumb"},"inLanguage":"en-US","potentialAction":[{"@type":"ReadAction","target":["https:\/\/www.cornix.be\/en\/our-products\/travitex\/"]}]},{"@type":"BreadcrumbList","@id":"https:\/\/www.cornix.be\/en\/our-products\/travitex\/#breadcrumb","itemListElement":[{"@type":"ListItem","position":1,"name":"Home","item":"https:\/\/www.cornix.be\/en\/"},{"@type":"ListItem","position":2,"name":"Our products","item":"https:\/\/www.cornix.be\/en\/our-products\/"},{"@type":"ListItem","position":3,"name":"TraviTex\u00ae : garment storage"}]},{"@type":"WebSite","@id":"https:\/\/www.cornix.be\/#website","url":"https:\/\/www.cornix.be\/","name":"Cornix","description":"","potentialAction":[{"@type":"SearchAction","target":{"@type":"EntryPoint","urlTemplate":"https:\/\/www.cornix.be\/?s={search_term_string}"},"query-input":{"@type":"PropertyValueSpecification","valueRequired":true,"valueName":"search_term_string"}}],"inLanguage":"en-US"}]}},"jetpack_sharing_enabled":true,"_links":{"self":[{"href":"https:\/\/www.cornix.be\/en\/wp-json\/wp\/v2\/pages\/2416","targetHints":{"allow":["GET"]}}],"collection":[{"href":"https:\/\/www.cornix.be\/en\/wp-json\/wp\/v2\/pages"}],"about":[{"href":"https:\/\/www.cornix.be\/en\/wp-json\/wp\/v2\/types\/page"}],"author":[{"embeddable":true,"href":"https:\/\/www.cornix.be\/en\/wp-json\/wp\/v2\/users\/1"}],"replies":[{"embeddable":true,"href":"https:\/\/www.cornix.be\/en\/wp-json\/wp\/v2\/comments?post=2416"}],"version-history":[{"count":3,"href":"https:\/\/www.cornix.be\/en\/wp-json\/wp\/v2\/pages\/2416\/revisions"}],"predecessor-version":[{"id":2973,"href":"https:\/\/www.cornix.be\/en\/wp-json\/wp\/v2\/pages\/2416\/revisions\/2973"}],"up":[{"embeddable":true,"href":"https:\/\/www.cornix.be\/en\/wp-json\/wp\/v2\/pages\/2491"}],"wp:attachment":[{"href":"https:\/\/www.cornix.be\/en\/wp-json\/wp\/v2\/media?parent=2416"}],"curies":[{"name":"wp","href":"https:\/\/api.w.org\/{rel}","templated":true}]}}